{"id":193,"date":"2025-03-13T07:41:00","date_gmt":"2025-03-13T07:41:00","guid":{"rendered":"https:\/\/thisismadeiraisland.com\/?page_id=193"},"modified":"2025-03-13T07:41:00","modified_gmt":"2025-03-13T07:41:00","slug":"search-result-car-draft","status":"publish","type":"page","link":"https:\/\/thisismadeiraisland.com\/cs\/search-result-car-draft\/","title":{"rendered":"V\u00fdsledek hled\u00e1n\u00ed N\u00e1vrh auta"},"content":{"rendered":"","protected":false},"excerpt":{"rendered":"","protected":false},"author":1,"featured_media":0,"parent":0,"menu_order":0,"comment_status":"closed","ping_status":"closed","template":"","meta":{"_acf_changed":false,"footnotes":""},"class_list":["post-193","page","type-page","status-publish","hentry"],"acf":[],"_links":{"self":[{"href":"https:\/\/thisismadeiraisland.com\/cs\/wp-json\/wp\/v2\/pages\/193","targetHints":{"allow":["GET"]}}],"collection":[{"href":"https:\/\/thisismadeiraisland.com\/cs\/wp-json\/wp\/v2\/pages"}],"about":[{"href":"https:\/\/thisismadeiraisland.com\/cs\/wp-json\/wp\/v2\/types\/page"}],"author":[{"embeddable":true,"href":"https:\/\/thisismadeiraisland.com\/cs\/wp-json\/wp\/v2\/users\/1"}],"replies":[{"embeddable":true,"href":"https:\/\/thisismadeiraisland.com\/cs\/wp-json\/wp\/v2\/comments?post=193"}],"version-history":[{"count":0,"href":"https:\/\/thisismadeiraisland.com\/cs\/wp-json\/wp\/v2\/pages\/193\/revisions"}],"wp:attachment":[{"href":"https:\/\/thisismadeiraisland.com\/cs\/wp-json\/wp\/v2\/media?parent=193"}],"curies":[{"name":"wp","href":"https:\/\/api.w.org\/{rel}","templated":true}]}}