{"id":239,"date":"2025-03-20T11:26:01","date_gmt":"2025-03-20T11:26:01","guid":{"rendered":"https:\/\/thisismadeiraisland.com\/?page_id=239"},"modified":"2025-06-17T14:19:10","modified_gmt":"2025-06-17T14:19:10","slug":"faqs","status":"publish","type":"page","link":"https:\/\/thisismadeiraisland.com\/cs\/faqs\/","title":{"rendered":"\u010casto kladen\u00e9 ot\u00e1zky"},"content":{"rendered":"<section class=\"page-banner\" id=\"page-banner\">\n    <div class=\"container\">\n                    <h1 class=\"page-banner__title\">\u010casto kladen\u00e9 ot\u00e1zky o cest\u011b na Madeiru<\/h1>\n            <\/div>\n<\/section>\n\n<style>\n    .page-banner {\n        background-image: url('\/wp-content\/uploads\/2025\/05\/porto-moniz.jpg');\n    }\n\n    @media (min-width: 768px) {\n        .page-banner {\n            background-image: url('\/wp-content\/uploads\/2025\/05\/porto-moniz-1024x371.jpg');\n        }\n    }\n<\/style>\n\n\n<section class=\"faqs\">\n    <div class=\"faqs_bg\">\n        <img decoding=\"async\" src=\"\" alt=\"\" aria-hidden=\"true\">\n    <\/div>\n    <div class=\"container\">\n\n        <h2 class=\"title\">\u010casto kladen\u00e9 ot\u00e1zky<\/h2>\n\n                    <div class=\"faqs_list\">\n\n                                    <div class=\"faq_item\">\n                        <div class=\"question\">\n                            <h3>Kdy je nejlep\u0161\u00ed nav\u0161t\u00edvit Madeiru?<\/h3>\n                            <span class=\"faq_icon\">\n\n                                <svg class=\"faq_icon_minus\" width=\"11\" height=\"1\" viewbox=\"0 0 11 1\" fill=\"none\" xmlns=\"http:\/\/www.w3.org\/2000\/svg\">\n                                    <rect x=\"11\" width=\"1\" height=\"11\" rx=\"0.5\" transform=\"rotate(90 11 0)\" fill=\"#F73939\"><\/rect>\n                                <\/svg>\n\n                                <svg class=\"faq_icon_plus\" width=\"11\" height=\"11\" viewbox=\"0 0 11 11\" fill=\"none\" xmlns=\"http:\/\/www.w3.org\/2000\/svg\">\n                                    <rect x=\"5\" width=\"1\" height=\"11\" rx=\"0.5\" fill=\"#F73939\"><\/rect>\n                                    <rect x=\"11\" y=\"5\" width=\"1\" height=\"11\" rx=\"0.5\" transform=\"rotate(90 11 5)\" fill=\"#F73939\"><\/rect>\n                                <\/svg>\n                            <\/span>\n                        <\/div>\n                        <div class=\"answer\" aria-expanded=\"false\"><p>Madeira je d\u00edky sv\u00e9mu m\u00edrn\u00e9mu subtropick\u00e9mu podneb\u00ed celoro\u010dn\u00ed destinac\u00ed. Jaro a za\u010d\u00e1tek l\u00e9ta (b\u0159ezen a\u017e \u010derven) jsou v\u0161ak ide\u00e1ln\u00ed pro u\u017e\u00edv\u00e1n\u00ed si kvetouc\u00edch kv\u011btin a venkovn\u00edch aktivit.<\/p>\n<\/div>\n                    <\/div>\n                                    <div class=\"faq_item\">\n                        <div class=\"question\">\n                            <h3>Pot\u0159ebuji k cest\u011b na Madeiru v\u00edzum?<\/h3>\n                            <span class=\"faq_icon\">\n\n                                <svg class=\"faq_icon_minus\" width=\"11\" height=\"1\" viewbox=\"0 0 11 1\" fill=\"none\" xmlns=\"http:\/\/www.w3.org\/2000\/svg\">\n                                    <rect x=\"11\" width=\"1\" height=\"11\" rx=\"0.5\" transform=\"rotate(90 11 0)\" fill=\"#F73939\"><\/rect>\n                                <\/svg>\n\n                                <svg class=\"faq_icon_plus\" width=\"11\" height=\"11\" viewbox=\"0 0 11 11\" fill=\"none\" xmlns=\"http:\/\/www.w3.org\/2000\/svg\">\n                                    <rect x=\"5\" width=\"1\" height=\"11\" rx=\"0.5\" fill=\"#F73939\"><\/rect>\n                                    <rect x=\"11\" y=\"5\" width=\"1\" height=\"11\" rx=\"0.5\" transform=\"rotate(90 11 5)\" fill=\"#F73939\"><\/rect>\n                                <\/svg>\n                            <\/span>\n                        <\/div>\n                        <div class=\"answer\" aria-expanded=\"false\"><p>Madeira je sou\u010d\u00e1st\u00ed Portugalska, kter\u00e9 je \u010dlenem schengensk\u00e9ho prostoru. N\u00e1v\u0161t\u011bvn\u00edci z mnoha zem\u00ed zde mohou pob\u00fdvat a\u017e 90 dn\u00ed bez v\u00edz. P\u0159ed cestou si ov\u011b\u0159te po\u017eadavky sv\u00e9 zem\u011b.<\/p>\n<\/div>\n                    <\/div>\n                                    <div class=\"faq_item\">\n                        <div class=\"question\">\n                            <h3>Jak\u00e9 aktivity mohu na Madei\u0159e provozovat?<\/h3>\n                            <span class=\"faq_icon\">\n\n                                <svg class=\"faq_icon_minus\" width=\"11\" height=\"1\" viewbox=\"0 0 11 1\" fill=\"none\" xmlns=\"http:\/\/www.w3.org\/2000\/svg\">\n                                    <rect x=\"11\" width=\"1\" height=\"11\" rx=\"0.5\" transform=\"rotate(90 11 0)\" fill=\"#F73939\"><\/rect>\n                                <\/svg>\n\n                                <svg class=\"faq_icon_plus\" width=\"11\" height=\"11\" viewbox=\"0 0 11 11\" fill=\"none\" xmlns=\"http:\/\/www.w3.org\/2000\/svg\">\n                                    <rect x=\"5\" width=\"1\" height=\"11\" rx=\"0.5\" fill=\"#F73939\"><\/rect>\n                                    <rect x=\"11\" y=\"5\" width=\"1\" height=\"11\" rx=\"0.5\" transform=\"rotate(90 11 5)\" fill=\"#F73939\"><\/rect>\n                                <\/svg>\n                            <\/span>\n                        <\/div>\n                        <div class=\"answer\" aria-expanded=\"false\"><p>Madeira nab\u00edz\u00ed p\u011b\u0161\u00ed turistiku, pozorov\u00e1n\u00ed velryb, paragliding, canyoning a pozn\u00e1v\u00e1n\u00ed pralesa Laurisilva zapsan\u00e9ho na seznamu UNESCO. Nenechte si uj\u00edt stezky levady a kulturn\u00ed z\u00e1\u017eitky ve Funchalu.<\/p>\n<\/div>\n                    <\/div>\n                                    <div class=\"faq_item\">\n                        <div class=\"question\">\n                            <h3>Je Madeira vhodn\u00e1 pro rodiny?<\/h3>\n                            <span class=\"faq_icon\">\n\n                                <svg class=\"faq_icon_minus\" width=\"11\" height=\"1\" viewbox=\"0 0 11 1\" fill=\"none\" xmlns=\"http:\/\/www.w3.org\/2000\/svg\">\n                                    <rect x=\"11\" width=\"1\" height=\"11\" rx=\"0.5\" transform=\"rotate(90 11 0)\" fill=\"#F73939\"><\/rect>\n                                <\/svg>\n\n                                <svg class=\"faq_icon_plus\" width=\"11\" height=\"11\" viewbox=\"0 0 11 11\" fill=\"none\" xmlns=\"http:\/\/www.w3.org\/2000\/svg\">\n                                    <rect x=\"5\" width=\"1\" height=\"11\" rx=\"0.5\" fill=\"#F73939\"><\/rect>\n                                    <rect x=\"11\" y=\"5\" width=\"1\" height=\"11\" rx=\"0.5\" transform=\"rotate(90 11 5)\" fill=\"#F73939\"><\/rect>\n                                <\/svg>\n                            <\/span>\n                        <\/div>\n                        <div class=\"answer\" aria-expanded=\"false\"><p>Rozhodn\u011b! Madeira nab\u00edz\u00ed aktivity pro v\u0161echny v\u011bkov\u00e9 kategorie, v\u010detn\u011b nen\u00e1ro\u010dn\u00fdch p\u011b\u0161\u00edch v\u00fdlet\u016f, pozorov\u00e1n\u00ed delf\u00edn\u016f, botanick\u00fdch zahrad a p\u00edse\u010dn\u00fdch pl\u00e1\u017e\u00ed, jako je Porto Santo.<\/p>\n<\/div>\n                    <\/div>\n                                    <div class=\"faq_item\">\n                        <div class=\"question\">\n                            <h3>\u010c\u00edm je Madeira proslul\u00e1?<\/h3>\n                            <span class=\"faq_icon\">\n\n                                <svg class=\"faq_icon_minus\" width=\"11\" height=\"1\" viewbox=\"0 0 11 1\" fill=\"none\" xmlns=\"http:\/\/www.w3.org\/2000\/svg\">\n                                    <rect x=\"11\" width=\"1\" height=\"11\" rx=\"0.5\" transform=\"rotate(90 11 0)\" fill=\"#F73939\"><\/rect>\n                                <\/svg>\n\n                                <svg class=\"faq_icon_plus\" width=\"11\" height=\"11\" viewbox=\"0 0 11 11\" fill=\"none\" xmlns=\"http:\/\/www.w3.org\/2000\/svg\">\n                                    <rect x=\"5\" width=\"1\" height=\"11\" rx=\"0.5\" fill=\"#F73939\"><\/rect>\n                                    <rect x=\"11\" y=\"5\" width=\"1\" height=\"11\" rx=\"0.5\" transform=\"rotate(90 11 5)\" fill=\"#F73939\"><\/rect>\n                                <\/svg>\n                            <\/span>\n                        <\/div>\n                        <div class=\"answer\" aria-expanded=\"false\"><p>Madeira je proslul\u00e1 sv\u00fdmi p\u0159\u00edrodn\u00edmi kr\u00e1sami, madeirsk\u00fdm v\u00ednem, proch\u00e1zkami po levad\u011b a festivaly, jako je Festival kv\u011btin a novoro\u010dn\u00ed oh\u0148ostroj. \u0158\u00edk\u00e1 se j\u00ed tak\u00e9 \u201costrov v\u011b\u010dn\u00e9ho jara\u201d.\u201d<\/p>\n<\/div>\n                    <\/div>\n                \n            <\/div>\n        \n    <\/div>\n\n    <script>\n        document.querySelectorAll('.question').forEach(function(button) {\n            button.addEventListener('click', function() {\n                const faqItem = button.closest('.faq_item');\n                const content = faqItem.querySelector('.answer');\n                const isExpanded = button.getAttribute('aria-expanded') === 'true';\n\n                button.setAttribute('aria-expanded', !isExpanded);\n                content.setAttribute('aria-hidden', isExpanded);\n\n                faqItem.classList.toggle('active');\n            });\n        });\n    <\/script>\n<\/section>","protected":false},"excerpt":{"rendered":"","protected":false},"author":1,"featured_media":0,"parent":0,"menu_order":0,"comment_status":"closed","ping_status":"closed","template":"","meta":{"_acf_changed":false,"footnotes":""},"class_list":["post-239","page","type-page","status-publish","hentry"],"acf":[],"yoast_head":"<!-- This site is optimized with the Yoast SEO plugin v27.3 - https:\/\/yoast.com\/product\/yoast-seo-wordpress\/ -->\n<title>FAQ\u2019s - Thisismadeiraisland<\/title>\n<meta name=\"robots\" content=\"index, follow, max-snippet:-1, max-image-preview:large, max-video-preview:-1\" \/>\n<link rel=\"canonical\" href=\"https:\/\/thisismadeiraisland.com\/cs\/faqs\/\" \/>\n<meta property=\"og:locale\" content=\"cs_CZ\" \/>\n<meta property=\"og:type\" content=\"article\" \/>\n<meta property=\"og:title\" content=\"FAQ\u2019s - Thisismadeiraisland\" \/>\n<meta property=\"og:url\" content=\"https:\/\/thisismadeiraisland.com\/cs\/faqs\/\" \/>\n<meta property=\"og:site_name\" content=\"Thisismadeiraisland\" \/>\n<meta property=\"article:modified_time\" content=\"2025-06-17T14:19:10+00:00\" \/>\n<meta name=\"twitter:card\" content=\"summary_large_image\" \/>\n<script type=\"application\/ld+json\" class=\"yoast-schema-graph\">{\"@context\":\"https:\\\/\\\/schema.org\",\"@graph\":[{\"@type\":\"WebPage\",\"@id\":\"https:\\\/\\\/thisismadeiraisland.com\\\/faqs\\\/\",\"url\":\"https:\\\/\\\/thisismadeiraisland.com\\\/faqs\\\/\",\"name\":\"FAQ\u2019s - Thisismadeiraisland\",\"isPartOf\":{\"@id\":\"https:\\\/\\\/thisismadeiraisland.com\\\/#website\"},\"datePublished\":\"2025-03-20T11:26:01+00:00\",\"dateModified\":\"2025-06-17T14:19:10+00:00\",\"breadcrumb\":{\"@id\":\"https:\\\/\\\/thisismadeiraisland.com\\\/faqs\\\/#breadcrumb\"},\"inLanguage\":\"cs\",\"potentialAction\":[{\"@type\":\"ReadAction\",\"target\":[\"https:\\\/\\\/thisismadeiraisland.com\\\/faqs\\\/\"]}]},{\"@type\":\"BreadcrumbList\",\"@id\":\"https:\\\/\\\/thisismadeiraisland.com\\\/faqs\\\/#breadcrumb\",\"itemListElement\":[{\"@type\":\"ListItem\",\"position\":1,\"name\":\"Home\",\"item\":\"https:\\\/\\\/thisismadeiraisland.com\\\/\"},{\"@type\":\"ListItem\",\"position\":2,\"name\":\"FAQ\u2019s\"}]},{\"@type\":\"WebSite\",\"@id\":\"https:\\\/\\\/thisismadeiraisland.com\\\/#website\",\"url\":\"https:\\\/\\\/thisismadeiraisland.com\\\/\",\"name\":\"Thisismadeiraisland\",\"description\":\"Thisismadeiraisland\",\"potentialAction\":[{\"@type\":\"SearchAction\",\"target\":{\"@type\":\"EntryPoint\",\"urlTemplate\":\"https:\\\/\\\/thisismadeiraisland.com\\\/?s={search_term_string}\"},\"query-input\":{\"@type\":\"PropertyValueSpecification\",\"valueRequired\":true,\"valueName\":\"search_term_string\"}}],\"inLanguage\":\"cs\"}]}<\/script>\n<!-- \/ Yoast SEO plugin. -->","yoast_head_json":{"title":"\u010cast\u00e9 dotazy - Thisismadeiraisland","robots":{"index":"index","follow":"follow","max-snippet":"max-snippet:-1","max-image-preview":"max-image-preview:large","max-video-preview":"max-video-preview:-1"},"canonical":"https:\/\/thisismadeiraisland.com\/cs\/faqs\/","og_locale":"cs_CZ","og_type":"article","og_title":"FAQ\u2019s - Thisismadeiraisland","og_url":"https:\/\/thisismadeiraisland.com\/cs\/faqs\/","og_site_name":"Thisismadeiraisland","article_modified_time":"2025-06-17T14:19:10+00:00","twitter_card":"summary_large_image","schema":{"@context":"https:\/\/schema.org","@graph":[{"@type":"WebPage","@id":"https:\/\/thisismadeiraisland.com\/faqs\/","url":"https:\/\/thisismadeiraisland.com\/faqs\/","name":"\u010cast\u00e9 dotazy - Thisismadeiraisland","isPartOf":{"@id":"https:\/\/thisismadeiraisland.com\/#website"},"datePublished":"2025-03-20T11:26:01+00:00","dateModified":"2025-06-17T14:19:10+00:00","breadcrumb":{"@id":"https:\/\/thisismadeiraisland.com\/faqs\/#breadcrumb"},"inLanguage":"cs","potentialAction":[{"@type":"ReadAction","target":["https:\/\/thisismadeiraisland.com\/faqs\/"]}]},{"@type":"BreadcrumbList","@id":"https:\/\/thisismadeiraisland.com\/faqs\/#breadcrumb","itemListElement":[{"@type":"ListItem","position":1,"name":"Home","item":"https:\/\/thisismadeiraisland.com\/"},{"@type":"ListItem","position":2,"name":"FAQ\u2019s"}]},{"@type":"WebSite","@id":"https:\/\/thisismadeiraisland.com\/#website","url":"https:\/\/thisismadeiraisland.com\/","name":"Thisismadeiraisland","description":"Thisismadeiraisland","potentialAction":[{"@type":"SearchAction","target":{"@type":"EntryPoint","urlTemplate":"https:\/\/thisismadeiraisland.com\/?s={search_term_string}"},"query-input":{"@type":"PropertyValueSpecification","valueRequired":true,"valueName":"search_term_string"}}],"inLanguage":"cs"}]}},"_links":{"self":[{"href":"https:\/\/thisismadeiraisland.com\/cs\/wp-json\/wp\/v2\/pages\/239","targetHints":{"allow":["GET"]}}],"collection":[{"href":"https:\/\/thisismadeiraisland.com\/cs\/wp-json\/wp\/v2\/pages"}],"about":[{"href":"https:\/\/thisismadeiraisland.com\/cs\/wp-json\/wp\/v2\/types\/page"}],"author":[{"embeddable":true,"href":"https:\/\/thisismadeiraisland.com\/cs\/wp-json\/wp\/v2\/users\/1"}],"replies":[{"embeddable":true,"href":"https:\/\/thisismadeiraisland.com\/cs\/wp-json\/wp\/v2\/comments?post=239"}],"version-history":[{"count":0,"href":"https:\/\/thisismadeiraisland.com\/cs\/wp-json\/wp\/v2\/pages\/239\/revisions"}],"wp:attachment":[{"href":"https:\/\/thisismadeiraisland.com\/cs\/wp-json\/wp\/v2\/media?parent=239"}],"curies":[{"name":"wp","href":"https:\/\/api.w.org\/{rel}","templated":true}]}}