{"id":24,"date":"2025-03-07T12:18:53","date_gmt":"2025-03-07T12:18:53","guid":{"rendered":"https:\/\/thisismadeiraisland.com\/?page_id=24"},"modified":"2026-04-15T06:49:14","modified_gmt":"2026-04-15T06:49:14","slug":"kontakt","status":"publish","type":"page","link":"https:\/\/thisismadeiraisland.com\/cs\/contact\/","title":{"rendered":"Kontakt"},"content":{"rendered":"<section class=\"page-banner\" id=\"page-banner\">\n    <div class=\"container\">\n                    <h1 class=\"page-banner__title\">Kontaktujte n\u00e1s<\/h1>\n            <\/div>\n<\/section>\n\n<style>\n    .page-banner {\n        background-image: url('\/wp-content\/uploads\/2025\/04\/madeira-wallper.jpg');\n    }\n\n    @media (min-width: 768px) {\n        .page-banner {\n            background-image: url('\/wp-content\/uploads\/2025\/04\/madeira-wallper-1024x624.jpg');\n        }\n    }\n<\/style>\n\n<section class=\"contact_us\" id=\"contact-us\">\n            <style>\n            .contact_us::after {\n                background-image: url(\/wp-content\/uploads\/2025\/04\/form-background2.jpg);\n            }\n        <\/style>\n        <div class=\"container\">\n        <div class=\"contact_wrap\">\n            <div class=\"contact_us_left\">\n                                    <div class=\"phone_numbers\">\n                                                    <div class=\"contact_block\">\n                                <div class=\"contact_icon\">\n                                    <img loading=\"lazy\" decoding=\"async\" src=\"\/wp-content\/uploads\/2026\/04\/2496112.png\" width=\"48\" height=\"48\" alt=\"Telefonn\u00ed \u010d\u00edslo\">\n                                <\/div>\n                                <div class=\"contact_block_main\">\n                                                                            <div class=\"title\">\n                                            WhatsApp (pouze textov\u00e1 zpr\u00e1va)                                        <\/div>\n                                                                                                                <a href=\"\/cs\/+351912763360\/\" class=\"contact_link\">\n                                            +351 912 763 360                                        <\/a>\n                                                                    <\/div>\n                            <\/div>\n                                            <\/div>\n                \n                                    <div class=\"contact_emails\">\n                                                    <div class=\"contact_block\">\n                                                                    <div class=\"contact_icon\">\n                                        <img loading=\"lazy\" decoding=\"async\" src=\"\/wp-content\/uploads\/2025\/04\/email.svg\" width=\"48\" height=\"48\" alt=\"Contact email\">\n                                    <\/div>\n                                                                <div class=\"contact_block_main\">\n                                                                            <div class=\"title\">\n                                            EMAIL                                        <\/div>\n                                                                                                                <a href=\"mailto:&#115;up&#112;&#111;&#114;&#116;&#64;thi&#115;&#105;&#115;&#109;adeir&#97;i&#115;la&#110;d.&#99;om\" class=\"contact_link\">\n                                            support@thisismadeiraisland.com                                        <\/a>\n                                                                    <\/div>\n                            <\/div>\n                                            <\/div>\n                \n                                    <div class=\"follow_us\">\n                        <div class=\"contact_block\">\n                                                            <div class=\"contact_icon\">\n                                    <img loading=\"lazy\" decoding=\"async\" src=\"\/wp-content\/uploads\/2025\/04\/socials-icon.svg\" width=\"48\" height=\"48\" alt=\"Sledujte n\u00e1s\">\n                                <\/div>\n                                                        <div class=\"contact_block_main\">\n                                                                    <div class=\"title\">\n                                        Sledujte n\u00e1s                                    <\/div>\n                                \n                                                                    <div class=\"follow_links\">\n                                                                                    <a href=\"https:\/\/www.instagram.com\/thisismadeiraisland\/\" target=\"_blank\" rel=\"noopener\">\n                                                                                                    <img loading=\"lazy\" decoding=\"async\" src=\"\/wp-content\/uploads\/2025\/04\/instagram-icon.svg\" width=\"15\" height=\"15\" alt=\"Instagram\">\n                                                                                            <\/a>\n                                                                                    <a href=\"https:\/\/www.facebook.com\/Thisismadeiraisland\/\" target=\"_blank\" rel=\"noopener\">\n                                                                                                    <img loading=\"lazy\" decoding=\"async\" src=\"\/wp-content\/uploads\/2025\/04\/facebok.svg\" width=\"15\" height=\"15\" alt=\"Facebook\">\n                                                                                            <\/a>\n                                                                            <\/div>\n                                \n                            <\/div>\n                        <\/div>\n                    <\/div>\n                            <\/div>\n            <div class=\"contact_us_right\">\n                <div class=\"contact_form\">\n\n                                            <h2 class=\"title\">Kontaktujte n\u00e1s<\/h2>\n                    \n                                            <div class=\"subtitle\">Vypl\u0148te tento formul\u00e1\u0159 a my se v\u00e1m co nejd\u0159\u00edve ozveme.<\/div>\n                    \n                                            \n<div class=\"wpcf7 no-js\" id=\"wpcf7-f263-o1\" lang=\"en-US\" dir=\"ltr\" data-wpcf7-id=\"263\">\n<div class=\"screen-reader-response\"><p role=\"status\" aria-live=\"polite\" aria-atomic=\"true\"><\/p> <ul><\/ul><\/div>\n<form action=\"\/cs\/wp-json\/wp\/v2\/pages\/24#wpcf7-f263-o1\" method=\"post\" class=\"wpcf7-form init\" aria-label=\"Contact form\" novalidate=\"novalidate\" data-status=\"init\" data-trp-original-action=\"\/cs\/wp-json\/wp\/v2\/pages\/24#wpcf7-f263-o1\">\n<fieldset class=\"hidden-fields-container\"><input type=\"hidden\" name=\"_wpcf7\" value=\"263\" \/><input type=\"hidden\" name=\"_wpcf7_version\" value=\"6.1.5\" \/><input type=\"hidden\" name=\"_wpcf7_locale\" value=\"en_US\" \/><input type=\"hidden\" name=\"_wpcf7_unit_tag\" value=\"wpcf7-f263-o1\" \/><input type=\"hidden\" name=\"_wpcf7_container_post\" value=\"0\" \/><input type=\"hidden\" name=\"_wpcf7_posted_data_hash\" value=\"\" \/><input type=\"hidden\" name=\"_wpcf7_recaptcha_response\" value=\"\" \/>\n<\/fieldset>\n<div class=\"form_fields\">\n\t<div class=\"field_wrap field_wrap_name\">\n\t\t<p><span class=\"wpcf7-form-control-wrap\" data-name=\"text-906\"><input size=\"40\" maxlength=\"400\" class=\"wpcf7-form-control wpcf7-text wpcf7-validates-as-required\" aria-required=\"true\" aria-invalid=\"false\" placeholder=\"Jm\u00e9no*\" value=\"\" type=\"text\" name=\"text-906\" \/><\/span>\n\t\t<\/p>\n\t<\/div>\n\t<div class=\"field_wrap field_wrap_email\">\n\t\t<p><span class=\"wpcf7-form-control-wrap\" data-name=\"mail\"><input size=\"40\" maxlength=\"400\" class=\"wpcf7-form-control wpcf7-email wpcf7-validates-as-required wpcf7-text wpcf7-validates-as-email\" autocomplete=\"email\" aria-required=\"true\" aria-invalid=\"false\" placeholder=\"Mail*\" value=\"\" type=\"email\" name=\"mail\" \/><\/span>\n\t\t<\/p>\n\t<\/div>\n\t<div class=\"field_wrap field_wrap_phone\">\n\t\t<p><span class=\"wpcf7-form-control-wrap\" data-name=\"phone\"><input size=\"40\" maxlength=\"400\" class=\"wpcf7-form-control wpcf7-tel wpcf7-text wpcf7-validates-as-tel\" aria-invalid=\"false\" placeholder=\"Telefon\" value=\"\" type=\"tel\" name=\"phone\" \/><\/span>\n\t\t<\/p>\n\t<\/div>\n\t<div class=\"field_wrap field_wrap_subject\">\n\t\t<p><span class=\"wpcf7-form-control-wrap\" data-name=\"your-subject\"><input size=\"40\" maxlength=\"400\" class=\"wpcf7-form-control wpcf7-text wpcf7-validates-as-required\" aria-required=\"true\" aria-invalid=\"false\" placeholder=\"P\u0159edm\u011bt\" value=\"\" type=\"text\" name=\"your-subject\" \/><\/span>\n\t\t<\/p>\n\t<\/div>\n\t<div class=\"field_wrap field_wrap_message\">\n\t\t<p><span class=\"wpcf7-form-control-wrap\" data-name=\"message\"><textarea cols=\"40\" rows=\"10\" maxlength=\"2000\" class=\"wpcf7-form-control wpcf7-textarea\" aria-invalid=\"false\" placeholder=\"Zpr\u00e1va\" name=\"message\"><\/textarea><\/span>\n\t\t<\/p>\n\t<\/div>\n\t<div class=\"submit_wrap\">\n\t\t<p><input class=\"wpcf7-form-control wpcf7-submit has-spinner\" type=\"submit\" value=\"Kontaktujte n\u00e1s\" \/>\n\t\t<\/p>\n\t<\/div>\n<\/div><input type='hidden' class='wpcf7-pum' value='{\"closepopup\":false,\"closedelay\":0,\"openpopup\":false,\"openpopup_id\":0}' \/><div class=\"wpcf7-response-output\" aria-hidden=\"true\"><\/div>\n<input type=\"hidden\" name=\"trp-form-language\" value=\"cs\"\/><\/form>\n<\/div>\n                                    <\/div>\n            <\/div>\n        <\/div>\n    <\/div>\n<\/section>\n\n\n    <section class=\"color_image\">\n        <style>\n            .color_image {\n                background-color: #90DAEE;\n                padding-top: 55px;\n                padding-bottom: 65px;\n            }\n\n            .color_image img {\n                margin: auto;\n                display: block;\n                max-width: 800px;\n                height: auto;\n                width: 100%;\n            }\n        <\/style>\n        <div class=\"container\">\n            <img loading=\"lazy\" decoding=\"async\" width=\"1066\" height=\"484\" src=\"\/wp-content\/uploads\/2025\/04\/madeira-map.jpg\" class=\"attachment-full size-full\" alt=\"Madeira na map\u011b\" srcset=\"\/wp-content\/uploads\/2025\/04\/madeira-map.jpg 1066w, \/wp-content\/uploads\/2025\/04\/madeira-map-300x136.jpg 300w, \/wp-content\/uploads\/2025\/04\/madeira-map-1024x465.jpg 1024w, \/wp-content\/uploads\/2025\/04\/madeira-map-768x349.jpg 768w\" sizes=\"auto, (max-width: 1066px) 100vw, 1066px\" \/>        <\/div>\n    <\/section>\n\n\n\n<p><\/p>","protected":false},"excerpt":{"rendered":"","protected":false},"author":1,"featured_media":0,"parent":0,"menu_order":0,"comment_status":"closed","ping_status":"closed","template":"","meta":{"_acf_changed":false,"footnotes":""},"class_list":["post-24","page","type-page","status-publish","hentry"],"acf":[],"_links":{"self":[{"href":"https:\/\/thisismadeiraisland.com\/cs\/wp-json\/wp\/v2\/pages\/24","targetHints":{"allow":["GET"]}}],"collection":[{"href":"https:\/\/thisismadeiraisland.com\/cs\/wp-json\/wp\/v2\/pages"}],"about":[{"href":"https:\/\/thisismadeiraisland.com\/cs\/wp-json\/wp\/v2\/types\/page"}],"author":[{"embeddable":true,"href":"https:\/\/thisismadeiraisland.com\/cs\/wp-json\/wp\/v2\/users\/1"}],"replies":[{"embeddable":true,"href":"https:\/\/thisismadeiraisland.com\/cs\/wp-json\/wp\/v2\/comments?post=24"}],"version-history":[{"count":13,"href":"https:\/\/thisismadeiraisland.com\/cs\/wp-json\/wp\/v2\/pages\/24\/revisions"}],"predecessor-version":[{"id":41806,"href":"https:\/\/thisismadeiraisland.com\/cs\/wp-json\/wp\/v2\/pages\/24\/revisions\/41806"}],"wp:attachment":[{"href":"https:\/\/thisismadeiraisland.com\/cs\/wp-json\/wp\/v2\/media?parent=24"}],"curies":[{"name":"wp","href":"https:\/\/api.w.org\/{rel}","templated":true}]}}