{"id":241,"date":"2025-03-20T11:26:11","date_gmt":"2025-03-20T11:26:11","guid":{"rendered":"https:\/\/thisismadeiraisland.com\/?page_id=241"},"modified":"2025-06-06T13:54:30","modified_gmt":"2025-06-06T13:54:30","slug":"ochrana-osobnich-udaju-a-soubory-cookie","status":"publish","type":"page","link":"https:\/\/thisismadeiraisland.com\/cs\/privacy-and-cookies\/","title":{"rendered":"Z\u00e1sady ochrany osobn\u00edch \u00fadaj\u016f a soubory cookie"},"content":{"rendered":"<section class=\"page-banner\" id=\"page-banner\">\n    <div class=\"container\">\n                    <h1 class=\"page-banner__title\">Z\u00e1sady ochrany osobn\u00edch \u00fadaj\u016f<\/h1>\n            <\/div>\n<\/section>\n\n<style>\n    .page-banner {\n        background-image: url('\/wp-content\/uploads\/2025\/06\/balcoes-Madeira-Island-02.webp');\n    }\n\n    @media (min-width: 768px) {\n        .page-banner {\n            background-image: url('\/wp-content\/uploads\/2025\/06\/balcoes-Madeira-Island-02-1024x417.webp');\n        }\n    }\n<\/style>\n\n\n<p><\/p>\n\n\n<section class=\"text_content_area\">\n    <div class=\"container\">\n        <p><!-- wp:paragraph --><\/p>\n<p><strong>Va\u0161e soukrom\u00ed je pro n\u00e1s d\u016fle\u017eit\u00e9. V\u00e1\u017e\u00edme si va\u0161\u00ed d\u016fv\u011bry a zavazujeme se chr\u00e1nit a zabezpe\u010dit v\u0161echny osobn\u00ed \u00fadaje, kter\u00e9 n\u00e1m poskytnete. Tento dokument, kter\u00fd \u010das od \u010dasu aktualizujeme, popisuje, jak pou\u017e\u00edv\u00e1me a zpracov\u00e1v\u00e1me va\u0161e osobn\u00ed \u00fadaje a jak pou\u017e\u00edv\u00e1me soubory cookie. Rovn\u011b\u017e se v n\u011bm dozv\u00edte, jak n\u00e1s m\u016f\u017eete kontaktovat, pokud m\u00e1te dotazy t\u00fdkaj\u00edc\u00ed se va\u0161ich osobn\u00edch \u00fadaj\u016f.<\/strong><\/p>\n<p><!-- \/wp:paragraph --> <!-- wp:paragraph --><\/p>\n<p><strong>To je Madeira Island poskytuje online cestovn\u00ed slu\u017eby prost\u0159ednictv\u00edm sv\u00fdch vlastn\u00edch webov\u00fdch str\u00e1nek a mobiln\u00edch aplikac\u00ed a prost\u0159ednictv\u00edm dal\u0161\u00edch online platforem, jako jsou webov\u00e9 str\u00e1nky partner\u016f a soci\u00e1ln\u00ed m\u00e9dia. N\u00e1sleduj\u00edc\u00ed informace se vztahuj\u00ed na v\u0161echny tyto platformy.<\/strong><\/p>\n<p><!-- \/wp:paragraph --> <!-- wp:paragraph --><\/p>\n<p>Z\u00e1sadou spole\u010dnosti This is Madeira Island je respektovat va\u0161e soukrom\u00ed, pokud jde o ve\u0161ker\u00e9 informace, kter\u00e9 m\u016f\u017eeme shrom\u00e1\u017edit p\u0159i provozu na\u0161ich webov\u00fdch str\u00e1nek. Tyto z\u00e1sady ochrany osobn\u00edch \u00fadaj\u016f se vztahuj\u00ed na www.thisismadeiraisland.com (d\u00e1le jen \u201cmy\u201d, \u201cn\u00e1s\u201d nebo \u201cwww.thisismadeiraisland.com\u201d). Respektujeme va\u0161e soukrom\u00ed a zavazujeme se chr\u00e1nit osobn\u00ed \u00fadaje, kter\u00e9 n\u00e1m m\u016f\u017eete prost\u0159ednictv\u00edm webov\u00fdch str\u00e1nek poskytnout. Tyto z\u00e1sady ochrany osobn\u00edch \u00fadaj\u016f (d\u00e1le jen \u201cz\u00e1sady ochrany osobn\u00edch \u00fadaj\u016f\u201d) jsme p\u0159ijali, abychom vysv\u011btlili, jak\u00e9 informace mohou b\u00fdt shroma\u017e\u010fov\u00e1ny na na\u0161ich webov\u00fdch str\u00e1nk\u00e1ch, jak tyto informace pou\u017e\u00edv\u00e1me a za jak\u00fdch okolnost\u00ed m\u016f\u017eeme tyto informace zp\u0159\u00edstupnit t\u0159et\u00edm stran\u00e1m. Tyto Z\u00e1sady ochrany osobn\u00edch \u00fadaj\u016f se vztahuj\u00ed pouze na informace, kter\u00e9 shroma\u017e\u010fujeme prost\u0159ednictv\u00edm Webov\u00fdch str\u00e1nek, a nevztahuj\u00ed se na shroma\u017e\u010fov\u00e1n\u00ed informac\u00ed z jin\u00fdch zdroj\u016f.<br \/>\nTyto Z\u00e1sady ochrany osobn\u00edch \u00fadaj\u016f spolu s Podm\u00ednkami zve\u0159ejn\u011bn\u00fdmi na na\u0161ich Webov\u00fdch str\u00e1nk\u00e1ch stanov\u00ed obecn\u00e1 pravidla a z\u00e1sady, kter\u00fdmi se \u0159\u00edd\u00ed va\u0161e pou\u017e\u00edv\u00e1n\u00ed na\u0161ich Webov\u00fdch str\u00e1nek. V z\u00e1vislosti na va\u0161ich aktivit\u00e1ch p\u0159i n\u00e1v\u0161t\u011bv\u011b na\u0161ich Webov\u00fdch str\u00e1nek m\u016f\u017eete b\u00fdt po\u017e\u00e1d\u00e1ni o souhlas s dal\u0161\u00edmi podm\u00ednkami.<\/p>\n<p><!-- \/wp:paragraph --> <!-- wp:paragraph --><\/p>\n<p><strong>- N\u00e1v\u0161t\u011bvn\u00edci webov\u00fdch str\u00e1nek<\/strong><br \/>\nStejn\u011b jako v\u011bt\u0161ina provozovatel\u016f webov\u00fdch str\u00e1nek i This is Madeira Island shroma\u017e\u010fuje neosobn\u00ed identifika\u010dn\u00ed informace, kter\u00e9 obvykle poskytuj\u00ed webov\u00e9 prohl\u00ed\u017ee\u010de a servery, jako je typ prohl\u00ed\u017ee\u010de, preference jazyka, odkazuj\u00edc\u00ed str\u00e1nka a datum a \u010das ka\u017ed\u00e9ho po\u017eadavku n\u00e1v\u0161t\u011bvn\u00edka. \u00da\u010delem shroma\u017e\u010fov\u00e1n\u00ed neosobn\u00edch identifika\u010dn\u00edch informac\u00ed ze strany spole\u010dnosti This is Madeira Island je l\u00e9pe porozum\u011bt tomu, jak n\u00e1v\u0161t\u011bvn\u00edci spole\u010dnosti This is Madeira Island pou\u017e\u00edvaj\u00ed jej\u00ed webov\u00e9 str\u00e1nky. \u010cas od \u010dasu m\u016f\u017ee spole\u010dnost This is Madeira Island zve\u0159ejnit souhrnn\u00e9 informace, kter\u00e9 nemaj\u00ed osobn\u00ed charakter, nap\u0159. zve\u0159ejn\u011bn\u00edm zpr\u00e1vy o trendech v pou\u017e\u00edv\u00e1n\u00ed sv\u00fdch webov\u00fdch str\u00e1nek.<br \/>\nThis is Madeira Island tak\u00e9 shroma\u017e\u010fuje potenci\u00e1ln\u011b osobn\u00ed identifika\u010dn\u00ed \u00fadaje, jako jsou adresy internetov\u00e9ho protokolu (IP) pro p\u0159ihl\u00e1\u0161en\u00e9 u\u017eivatele a pro u\u017eivatele, kte\u0159\u00ed zanech\u00e1vaj\u00ed koment\u00e1\u0159e na blogu http:\/\/thisismadeiraisland.com. This is Madeira Island zve\u0159ej\u0148uje IP adresy p\u0159ihl\u00e1\u0161en\u00fdch u\u017eivatel\u016f a koment\u00e1tor\u016f pouze za stejn\u00fdch podm\u00ednek, za jak\u00fdch pou\u017e\u00edv\u00e1 a zve\u0159ej\u0148uje n\u00ed\u017ee popsan\u00e9 osobn\u00ed identifika\u010dn\u00ed \u00fadaje.<\/p>\n<p><!-- \/wp:paragraph --> <!-- wp:paragraph --><\/p>\n<p><strong>- Shroma\u017e\u010fov\u00e1n\u00ed informac\u00ed identifikuj\u00edc\u00edch osobu<\/strong><br \/>\nN\u011bkte\u0159\u00ed n\u00e1v\u0161t\u011bvn\u00edci webov\u00fdch str\u00e1nek spole\u010dnosti This is Madeira Island se rozhodnou komunikovat se spole\u010dnost\u00ed This is Madeira Island zp\u016fsobem, kter\u00fd vy\u017eaduje, aby spole\u010dnost This is Madeira Island shroma\u017e\u010fovala osobn\u00ed \u00fadaje. Mno\u017estv\u00ed a typ informac\u00ed, kter\u00e9 This is Madeira Island shroma\u017e\u010fuje, z\u00e1vis\u00ed na povaze interakce. Nap\u0159\u00edklad n\u00e1v\u0161t\u011bvn\u00edky, kte\u0159\u00ed se zaregistruj\u00ed na blogu na adrese http:\/\/thisismadeiraisland.com, \u017e\u00e1d\u00e1me o poskytnut\u00ed u\u017eivatelsk\u00e9ho jm\u00e9na a e-mailov\u00e9 adresy.<\/p>\n<p><!-- \/wp:paragraph --> <!-- wp:paragraph --><\/p>\n<p><strong>- Zabezpe\u010den\u00ed<\/strong><br \/>\nBezpe\u010dnost va\u0161ich osobn\u00edch \u00fadaj\u016f je pro n\u00e1s d\u016fle\u017eit\u00e1, ale nezapome\u0148te, \u017ee \u017e\u00e1dn\u00fd zp\u016fsob p\u0159enosu p\u0159es internet ani zp\u016fsob elektronick\u00e9ho ukl\u00e1d\u00e1n\u00ed nen\u00ed bezpe\u010dn\u00fd. I kdy\u017e se sna\u017e\u00edme pou\u017e\u00edvat komer\u010dn\u011b p\u0159ijateln\u00e9 prost\u0159edky k ochran\u011b va\u0161ich Osobn\u00edch \u00fadaj\u016f, nem\u016f\u017eeme zaru\u010dit jejich absolutn\u00ed bezpe\u010dnost.<\/p>\n<p><!-- \/wp:paragraph --> <!-- wp:paragraph --><\/p>\n<p><strong>- Reklamy<\/strong><br \/>\nReklamy zobrazovan\u00e9 na na\u0161ich webov\u00fdch str\u00e1nk\u00e1ch mohou u\u017eivatel\u016fm poskytovat reklamn\u00ed partne\u0159i, kte\u0159\u00ed mohou nastavovat soubory cookie. Tyto soubory cookie umo\u017e\u0148uj\u00ed reklamn\u00edmu serveru rozpoznat v\u00e1\u0161 po\u010d\u00edta\u010d poka\u017ed\u00e9, kdy\u017e v\u00e1m po\u0161le online reklamu, aby mohl shroma\u017e\u010fovat informace o v\u00e1s nebo o ostatn\u00edch u\u017eivatel\u00edch va\u0161eho po\u010d\u00edta\u010de. Tyto informace umo\u017e\u0148uj\u00ed reklamn\u00edm s\u00edt\u00edm mimo jin\u00e9 doru\u010dovat c\u00edlen\u00e9 reklamy, o kter\u00fdch se domn\u00edvaj\u00ed, \u017ee v\u00e1s budou nejv\u00edce zaj\u00edmat. Tyto z\u00e1sady ochrany osobn\u00edch \u00fadaj\u016f se vztahuj\u00ed na pou\u017e\u00edv\u00e1n\u00ed soubor\u016f cookie spole\u010dnost\u00ed This is Madeira Island a nevztahuj\u00ed se na pou\u017e\u00edv\u00e1n\u00ed soubor\u016f cookie jak\u00fdmikoli inzerenty.<\/p>\n<p><!-- \/wp:paragraph --> <!-- wp:paragraph --><\/p>\n<p><strong>- Odkazy na extern\u00ed str\u00e1nky<\/strong><br \/>\nNa\u0161e slu\u017eba m\u016f\u017ee obsahovat odkazy na extern\u00ed str\u00e1nky, kter\u00e9 neprovozujeme. Pokud kliknete na odkaz t\u0159et\u00ed strany, budete p\u0159esm\u011brov\u00e1ni na str\u00e1nky t\u00e9to t\u0159et\u00ed strany. D\u016frazn\u011b doporu\u010dujeme, abyste si prostudovali z\u00e1sady ochrany osobn\u00edch \u00fadaj\u016f a podm\u00ednky ka\u017ed\u00e9 nav\u0161t\u00edven\u00e9 str\u00e1nky.<br \/>\nNem\u00e1me \u017e\u00e1dnou kontrolu nad obsahem, z\u00e1sadami ochrany osobn\u00edch \u00fadaj\u016f nebo postupy jak\u00fdchkoli str\u00e1nek, produkt\u016f nebo slu\u017eeb t\u0159et\u00edch stran a neneseme za n\u011b \u017e\u00e1dnou odpov\u011bdnost.<\/p>\n<p><!-- \/wp:paragraph --> <!-- wp:paragraph --><\/p>\n<p><strong>- Www.thisismadeiraisland.com pou\u017e\u00edv\u00e1 Google AdWords pro remarketing<\/strong><br \/>\nWww.thisismadeiraisland.com pou\u017e\u00edv\u00e1 remarketingov\u00e9 slu\u017eby k inzerov\u00e1n\u00ed na webov\u00fdch str\u00e1nk\u00e1ch t\u0159et\u00edch stran (v\u010detn\u011b spole\u010dnosti Google) p\u0159edchoz\u00edm n\u00e1v\u0161t\u011bvn\u00edk\u016fm na\u0161ich str\u00e1nek. To m\u016f\u017ee znamenat, \u017ee inzerujeme p\u0159edchoz\u00edm n\u00e1v\u0161t\u011bvn\u00edk\u016fm, kte\u0159\u00ed na na\u0161ich str\u00e1nk\u00e1ch nedokon\u010dili n\u011bjak\u00fd \u00fakol, nap\u0159\u00edklad pomoc\u00ed kontaktn\u00edho formul\u00e1\u0159e zadali dotaz. Mohlo by to b\u00fdt formou reklamy na str\u00e1nce s v\u00fdsledky vyhled\u00e1v\u00e1n\u00ed Google nebo na str\u00e1nce v s\u00edti Google Display Network. Prodejci t\u0159et\u00edch stran, v\u010detn\u011b spole\u010dnosti Google, pou\u017e\u00edvaj\u00ed soubory cookie k zobrazov\u00e1n\u00ed reklam na z\u00e1klad\u011b n\u011b\u010d\u00edch p\u0159edchoz\u00edch n\u00e1v\u0161t\u011bv. Ve\u0161ker\u00e9 shrom\u00e1\u017ed\u011bn\u00e9 \u00fadaje budou samoz\u0159ejm\u011b pou\u017eity v souladu s na\u0161imi vlastn\u00edmi z\u00e1sadami ochrany osobn\u00edch \u00fadaj\u016f a z\u00e1sadami ochrany osobn\u00edch \u00fadaj\u016f spole\u010dnosti Google.<br \/>\nNa str\u00e1nce P\u0159edvolby reklam Google si m\u016f\u017eete nastavit, jak\u00fdm zp\u016fsobem v\u00e1m bude spole\u010dnost Google reklamu poskytovat, a pokud chcete, m\u016f\u017eete se z reklamy zalo\u017een\u00e9 na z\u00e1jmech zcela odhl\u00e1sit pomoc\u00ed nastaven\u00ed soubor\u016f cookie nebo trvale pomoc\u00ed z\u00e1suvn\u00e9ho modulu prohl\u00ed\u017ee\u010de.<\/p>\n<p><!-- \/wp:paragraph --> <!-- wp:paragraph --><\/p>\n<p><strong>- Ochrana n\u011bkter\u00fdch osobn\u011b identifikuj\u00edc\u00edch informac\u00ed<\/strong><br \/>\nSpole\u010dnost This is Madeira Island zve\u0159ej\u0148uje potenci\u00e1ln\u011b osobn\u00ed a d\u016fv\u011brn\u00e9 informace pouze t\u011bm sv\u00fdm zam\u011bstnanc\u016fm, smluvn\u00edm partner\u016fm a p\u0159idru\u017een\u00fdm organizac\u00edm, kte\u0159\u00ed (i) pot\u0159ebuj\u00ed tyto informace zn\u00e1t, aby je mohli zpracov\u00e1vat jm\u00e9nem spole\u010dnosti This is Madeira Island nebo poskytovat slu\u017eby dostupn\u00e9 na webov\u00fdch str\u00e1nk\u00e1ch spole\u010dnosti This is Madeira Island, a (ii) kte\u0159\u00ed souhlasili, \u017ee je nebudou zve\u0159ej\u0148ovat ostatn\u00edm. N\u011bkte\u0159\u00ed z t\u011bchto zam\u011bstnanc\u016f, dodavatel\u016f a p\u0159idru\u017een\u00fdch organizac\u00ed se mohou nach\u00e1zet mimo va\u0161i domovskou zemi; pou\u017e\u00edv\u00e1n\u00edm webov\u00fdch str\u00e1nek This is Madeira Island souhlas\u00edte s p\u0159ed\u00e1v\u00e1n\u00edm t\u011bchto informac\u00ed t\u011bmto osob\u00e1m. Spole\u010dnost This is Madeira Island nikomu nepronajme ani neprod\u00e1 potenci\u00e1ln\u011b osobn\u00ed a d\u016fv\u011brn\u00e9 informace. Krom\u011b sv\u00fdch zam\u011bstnanc\u016f, smluvn\u00edch partner\u016f a p\u0159idru\u017een\u00fdch organizac\u00ed, jak je pops\u00e1no v\u00fd\u0161e, zve\u0159ej\u0148uje spole\u010dnost This is Madeira Island potenci\u00e1ln\u011b osobn\u011b identifikuj\u00edc\u00ed a osobn\u011b d\u016fv\u011brn\u00e9 informace pouze v reakci na p\u0159edvol\u00e1n\u00ed, soudn\u00ed p\u0159\u00edkaz nebo jinou vl\u00e1dn\u00ed \u017e\u00e1dost, nebo pokud se spole\u010dnost This is Madeira Island v dobr\u00e9 v\u00ed\u0159e domn\u00edv\u00e1, \u017ee zve\u0159ejn\u011bn\u00ed je p\u0159im\u011b\u0159en\u011b nezbytn\u00e9 k ochran\u011b majetku nebo pr\u00e1v spole\u010dnosti This is Madeira Island, t\u0159et\u00edch stran nebo ve\u0159ejnosti obecn\u011b.<br \/>\nPokud jste registrovan\u00fdm u\u017eivatelem str\u00e1nek http:\/\/thisismadeiraisland.com a poskytli jste svou e-mailovou adresu, m\u016f\u017ee v\u00e1m spole\u010dnost This is Madeira Island ob\u010das zaslat e-mail, aby v\u00e1s informovala o nov\u00fdch funkc\u00edch, po\u017e\u00e1dala v\u00e1s o zp\u011btnou vazbu nebo v\u00e1s prost\u011b informovala o tom, co se d\u011bje se spole\u010dnost\u00ed This is Madeira Island a na\u0161imi produkty. Ke sd\u011blov\u00e1n\u00ed tohoto typu informac\u00ed pou\u017e\u00edv\u00e1me p\u0159edev\u0161\u00edm n\u00e1\u0161 blog, tak\u017ee o\u010dek\u00e1v\u00e1me, \u017ee tento typ e-mail\u016f omez\u00edme na minimum. Pokud n\u00e1m za\u0161lete po\u017eadavek (nap\u0159\u00edklad prost\u0159ednictv\u00edm e-mailu podpory nebo n\u011bkter\u00e9ho z na\u0161ich mechanism\u016f zp\u011btn\u00e9 vazby), vyhrazujeme si pr\u00e1vo jej zve\u0159ejnit, abychom v\u00e1m pomohli objasnit v\u00e1\u0161 po\u017eadavek nebo na n\u011bj reagovat, p\u0159\u00edpadn\u011b abychom pomohli podpo\u0159it ostatn\u00ed u\u017eivatele. This is Madeira Island p\u0159ij\u00edm\u00e1 ve\u0161ker\u00e1 opat\u0159en\u00ed, kter\u00e1 jsou v rozumn\u00e9 m\u00ed\u0159e nezbytn\u00e1 k ochran\u011b p\u0159ed neopr\u00e1vn\u011bn\u00fdm p\u0159\u00edstupem, pou\u017eit\u00edm, zm\u011bnou nebo zni\u010den\u00edm potenci\u00e1ln\u011b osobn\u00edch a d\u016fv\u011brn\u00fdch informac\u00ed.<\/p>\n<p><!-- \/wp:paragraph --> <!-- wp:paragraph --><\/p>\n<p><strong>- Zp\u0159\u00edstupn\u011bn\u00ed partnersk\u00fdch informac\u00ed<\/strong><br \/>\nTento web pou\u017e\u00edv\u00e1 partnersk\u00e9 odkazy a z n\u011bkter\u00fdch odkaz\u016f z\u00edsk\u00e1v\u00e1 provizi. To nem\u00e1 vliv na va\u0161e n\u00e1kupy nebo cenu, kterou m\u016f\u017eete zaplatit.<\/p>\n<p><!-- \/wp:paragraph --> <!-- wp:paragraph --><\/p>\n<p><strong>- Soubory cookie<\/strong><br \/>\nPro obohacen\u00ed a zdokonalen\u00ed va\u0161eho online z\u00e1\u017eitku pou\u017e\u00edv\u00e1 This is Madeira Island \u201ccookies\u201d, podobn\u00e9 technologie a slu\u017eby poskytovan\u00e9 jin\u00fdmi subjekty k zobrazov\u00e1n\u00ed personalizovan\u00e9ho obsahu, vhodn\u00e9 reklamy a ukl\u00e1d\u00e1n\u00ed va\u0161ich preferenc\u00ed ve va\u0161em po\u010d\u00edta\u010di.<br \/>\nSoubor cookie je \u0159et\u011bzec informac\u00ed, kter\u00e9 webov\u00e1 str\u00e1nka ukl\u00e1d\u00e1 v po\u010d\u00edta\u010di n\u00e1v\u0161t\u011bvn\u00edka a kter\u00e9 prohl\u00ed\u017ee\u010d n\u00e1v\u0161t\u011bvn\u00edka p\u0159ed\u00e1v\u00e1 webov\u00e9 str\u00e1nce p\u0159i ka\u017ed\u00e9 n\u00e1v\u0161t\u011bv\u011b. This is Madeira Island pou\u017e\u00edv\u00e1 soubory cookie, aby pomohl This is Madeira Island identifikovat a sledovat n\u00e1v\u0161t\u011bvn\u00edky, jejich pou\u017e\u00edv\u00e1n\u00ed str\u00e1nek http:\/\/thisismadeiraisland.com a jejich preference p\u0159\u00edstupu na webov\u00e9 str\u00e1nky. N\u00e1v\u0161t\u011bvn\u00edci str\u00e1nek This is Madeira Island, kte\u0159\u00ed si nep\u0159ej\u00ed, aby byly cookies ukl\u00e1d\u00e1ny do jejich po\u010d\u00edta\u010d\u016f, by m\u011bli p\u0159ed pou\u017eit\u00edm str\u00e1nek This is Madeira Island nastavit sv\u016fj prohl\u00ed\u017ee\u010d tak, aby cookies odm\u00edtal, co\u017e m\u00e1 tu nev\u00fdhodu, \u017ee n\u011bkter\u00e9 funkce str\u00e1nek This is Madeira Island nemus\u00ed bez pomoci cookies spr\u00e1vn\u011b fungovat.<br \/>\nPokra\u010dov\u00e1n\u00edm v proch\u00e1zen\u00ed na\u0161ich webov\u00fdch str\u00e1nek beze zm\u011bny nastaven\u00ed soubor\u016f cookie t\u00edmto berete na v\u011bdom\u00ed a souhlas\u00edte s t\u00edm, \u017ee This is Madeira Island pou\u017e\u00edv\u00e1 soubory cookie.<\/p>\n<p><!-- \/wp:paragraph --> <!-- wp:paragraph --><\/p>\n<p><strong>- Elektronick\u00e9 obchodov\u00e1n\u00ed<\/strong><br \/>\nTi, kte\u0159\u00ed prov\u00e1d\u011bj\u00ed transakce s This is Madeira Island - n\u00e1kup slu\u017eeb nebo produkt\u016f This is Madeira Island - jsou po\u017e\u00e1d\u00e1ni o poskytnut\u00ed dal\u0161\u00edch informac\u00ed, v\u010detn\u011b nezbytn\u00fdch osobn\u00edch a finan\u010dn\u00edch \u00fadaj\u016f pot\u0159ebn\u00fdch ke zpracov\u00e1n\u00ed t\u011bchto transakc\u00ed. V ka\u017ed\u00e9m p\u0159\u00edpad\u011b spole\u010dnost This is Madeira Island shroma\u017e\u010fuje tyto informace pouze v rozsahu nezbytn\u00e9m nebo vhodn\u00e9m pro spln\u011bn\u00ed \u00fa\u010delu interakce n\u00e1v\u0161t\u011bvn\u00edka se spole\u010dnost\u00ed This is Madeira Island. Spole\u010dnost This is Madeira Island nezve\u0159ej\u0148uje \u017e\u00e1dn\u00e9 jin\u00e9 osobn\u00ed \u00fadaje, ne\u017e jak je pops\u00e1no n\u00ed\u017ee. A n\u00e1v\u0161t\u011bvn\u00edci mohou v\u017edy odm\u00edtnout poskytnut\u00ed osobn\u011b identifikuj\u00edc\u00edch informac\u00ed s t\u00edm, \u017ee jim to m\u016f\u017ee zabr\u00e1nit v zapojen\u00ed do ur\u010dit\u00fdch \u010dinnost\u00ed souvisej\u00edc\u00edch s webov\u00fdmi str\u00e1nkami.<\/p>\n<p><!-- \/wp:paragraph --> <!-- wp:paragraph --><\/p>\n<p><strong>Zm\u011bny z\u00e1sad ochrany osobn\u00edch \u00fadaj\u016f<\/strong><br \/>\nA\u010dkoli v\u011bt\u0161ina zm\u011bn bude pravd\u011bpodobn\u011b nepodstatn\u00e1, m\u016f\u017ee spole\u010dnost This is Madeira Island sv\u00e9 z\u00e1sady ochrany osobn\u00edch \u00fadaj\u016f \u010das od \u010dasu zm\u011bnit, a to v\u00fdhradn\u011b na z\u00e1klad\u011b vlastn\u00edho uv\u00e1\u017een\u00ed. This is Madeira Island doporu\u010duje n\u00e1v\u0161t\u011bvn\u00edk\u016fm, aby \u010dasto kontrolovali tuto str\u00e1nku kv\u016fli p\u0159\u00edpadn\u00fdm zm\u011bn\u00e1m Z\u00e1sad ochrany osobn\u00edch \u00fadaj\u016f. Dal\u0161\u00ed pou\u017e\u00edv\u00e1n\u00ed t\u011bchto str\u00e1nek po jak\u00e9koli zm\u011bn\u011b t\u011bchto Z\u00e1sad ochrany osobn\u00edch \u00fadaj\u016f bude znamenat, \u017ee s takovou zm\u011bnou souhlas\u00edte.<\/p>\n<p><!-- \/wp:paragraph --> <!-- wp:paragraph --><\/p>\n<p><em>Posledn\u00ed aktualizace, \u00fanor 2020<\/em><\/p>\n<p><!-- \/wp:paragraph --><\/p>\n    <\/div><!-- end container -->\n<\/section><!-- end text_content_area -->","protected":false},"excerpt":{"rendered":"","protected":false},"author":1,"featured_media":0,"parent":0,"menu_order":0,"comment_status":"closed","ping_status":"closed","template":"","meta":{"_acf_changed":false,"footnotes":""},"class_list":["post-241","page","type-page","status-publish","hentry"],"acf":[],"yoast_head":"<!-- This site is optimized with the Yoast SEO plugin v27.3 - https:\/\/yoast.com\/product\/yoast-seo-wordpress\/ -->\n<title>Privacy Policy &amp; Cookies - Thisismadeiraisland<\/title>\n<meta name=\"robots\" content=\"index, follow, max-snippet:-1, max-image-preview:large, max-video-preview:-1\" \/>\n<link rel=\"canonical\" href=\"https:\/\/thisismadeiraisland.com\/cs\/ochrana-osobnich-udaju-a-soubory-cookie\/\" \/>\n<meta property=\"og:locale\" content=\"cs_CZ\" \/>\n<meta property=\"og:type\" content=\"article\" \/>\n<meta property=\"og:title\" content=\"Privacy Policy &amp; Cookies - Thisismadeiraisland\" \/>\n<meta property=\"og:url\" content=\"https:\/\/thisismadeiraisland.com\/cs\/ochrana-osobnich-udaju-a-soubory-cookie\/\" \/>\n<meta property=\"og:site_name\" content=\"Thisismadeiraisland\" \/>\n<meta property=\"article:modified_time\" content=\"2025-06-06T13:54:30+00:00\" \/>\n<meta name=\"twitter:card\" content=\"summary_large_image\" \/>\n<script type=\"application\/ld+json\" class=\"yoast-schema-graph\">{\"@context\":\"https:\\\/\\\/schema.org\",\"@graph\":[{\"@type\":\"WebPage\",\"@id\":\"https:\\\/\\\/thisismadeiraisland.com\\\/privacy-and-cookies\\\/\",\"url\":\"https:\\\/\\\/thisismadeiraisland.com\\\/privacy-and-cookies\\\/\",\"name\":\"Privacy Policy &amp; Cookies - Thisismadeiraisland\",\"isPartOf\":{\"@id\":\"https:\\\/\\\/thisismadeiraisland.com\\\/#website\"},\"datePublished\":\"2025-03-20T11:26:11+00:00\",\"dateModified\":\"2025-06-06T13:54:30+00:00\",\"breadcrumb\":{\"@id\":\"https:\\\/\\\/thisismadeiraisland.com\\\/privacy-and-cookies\\\/#breadcrumb\"},\"inLanguage\":\"cs\",\"potentialAction\":[{\"@type\":\"ReadAction\",\"target\":[\"https:\\\/\\\/thisismadeiraisland.com\\\/privacy-and-cookies\\\/\"]}]},{\"@type\":\"BreadcrumbList\",\"@id\":\"https:\\\/\\\/thisismadeiraisland.com\\\/privacy-and-cookies\\\/#breadcrumb\",\"itemListElement\":[{\"@type\":\"ListItem\",\"position\":1,\"name\":\"Home\",\"item\":\"https:\\\/\\\/thisismadeiraisland.com\\\/\"},{\"@type\":\"ListItem\",\"position\":2,\"name\":\"Privacy Policy &amp; Cookies\"}]},{\"@type\":\"WebSite\",\"@id\":\"https:\\\/\\\/thisismadeiraisland.com\\\/#website\",\"url\":\"https:\\\/\\\/thisismadeiraisland.com\\\/\",\"name\":\"Thisismadeiraisland\",\"description\":\"Thisismadeiraisland\",\"potentialAction\":[{\"@type\":\"SearchAction\",\"target\":{\"@type\":\"EntryPoint\",\"urlTemplate\":\"https:\\\/\\\/thisismadeiraisland.com\\\/?s={search_term_string}\"},\"query-input\":{\"@type\":\"PropertyValueSpecification\",\"valueRequired\":true,\"valueName\":\"search_term_string\"}}],\"inLanguage\":\"cs\"}]}<\/script>\n<!-- \/ Yoast SEO plugin. -->","yoast_head_json":{"title":"Z\u00e1sady ochrany osobn\u00edch \u00fadaj\u016f a cookies - Thisismadeiraisland","robots":{"index":"index","follow":"follow","max-snippet":"max-snippet:-1","max-image-preview":"max-image-preview:large","max-video-preview":"max-video-preview:-1"},"canonical":"https:\/\/thisismadeiraisland.com\/cs\/ochrana-osobnich-udaju-a-soubory-cookie\/","og_locale":"cs_CZ","og_type":"article","og_title":"Privacy Policy &amp; Cookies - Thisismadeiraisland","og_url":"https:\/\/thisismadeiraisland.com\/cs\/ochrana-osobnich-udaju-a-soubory-cookie\/","og_site_name":"Thisismadeiraisland","article_modified_time":"2025-06-06T13:54:30+00:00","twitter_card":"summary_large_image","schema":{"@context":"https:\/\/schema.org","@graph":[{"@type":"WebPage","@id":"https:\/\/thisismadeiraisland.com\/privacy-and-cookies\/","url":"https:\/\/thisismadeiraisland.com\/privacy-and-cookies\/","name":"Z\u00e1sady ochrany osobn\u00edch \u00fadaj\u016f a cookies - Thisismadeiraisland","isPartOf":{"@id":"https:\/\/thisismadeiraisland.com\/#website"},"datePublished":"2025-03-20T11:26:11+00:00","dateModified":"2025-06-06T13:54:30+00:00","breadcrumb":{"@id":"https:\/\/thisismadeiraisland.com\/privacy-and-cookies\/#breadcrumb"},"inLanguage":"cs","potentialAction":[{"@type":"ReadAction","target":["https:\/\/thisismadeiraisland.com\/privacy-and-cookies\/"]}]},{"@type":"BreadcrumbList","@id":"https:\/\/thisismadeiraisland.com\/privacy-and-cookies\/#breadcrumb","itemListElement":[{"@type":"ListItem","position":1,"name":"Home","item":"https:\/\/thisismadeiraisland.com\/"},{"@type":"ListItem","position":2,"name":"Privacy Policy &amp; Cookies"}]},{"@type":"WebSite","@id":"https:\/\/thisismadeiraisland.com\/#website","url":"https:\/\/thisismadeiraisland.com\/","name":"Thisismadeiraisland","description":"Thisismadeiraisland","potentialAction":[{"@type":"SearchAction","target":{"@type":"EntryPoint","urlTemplate":"https:\/\/thisismadeiraisland.com\/?s={search_term_string}"},"query-input":{"@type":"PropertyValueSpecification","valueRequired":true,"valueName":"search_term_string"}}],"inLanguage":"cs"}]}},"_links":{"self":[{"href":"https:\/\/thisismadeiraisland.com\/cs\/wp-json\/wp\/v2\/pages\/241","targetHints":{"allow":["GET"]}}],"collection":[{"href":"https:\/\/thisismadeiraisland.com\/cs\/wp-json\/wp\/v2\/pages"}],"about":[{"href":"https:\/\/thisismadeiraisland.com\/cs\/wp-json\/wp\/v2\/types\/page"}],"author":[{"embeddable":true,"href":"https:\/\/thisismadeiraisland.com\/cs\/wp-json\/wp\/v2\/users\/1"}],"replies":[{"embeddable":true,"href":"https:\/\/thisismadeiraisland.com\/cs\/wp-json\/wp\/v2\/comments?post=241"}],"version-history":[{"count":0,"href":"https:\/\/thisismadeiraisland.com\/cs\/wp-json\/wp\/v2\/pages\/241\/revisions"}],"wp:attachment":[{"href":"https:\/\/thisismadeiraisland.com\/cs\/wp-json\/wp\/v2\/media?parent=241"}],"curies":[{"name":"wp","href":"https:\/\/api.w.org\/{rel}","templated":true}]}}