{"id":239,"date":"2025-03-20T11:26:01","date_gmt":"2025-03-20T11:26:01","guid":{"rendered":"https:\/\/thisismadeiraisland.com\/?page_id=239"},"modified":"2025-06-17T14:19:10","modified_gmt":"2025-06-17T14:19:10","slug":"faqs","status":"publish","type":"page","link":"https:\/\/thisismadeiraisland.com\/da\/faqs\/","title":{"rendered":"Ofte stillede sp\u00f8rgsm\u00e5l"},"content":{"rendered":"<section class=\"page-banner\" id=\"page-banner\">\n    <div class=\"container\">\n                    <h1 class=\"page-banner__title\">Ofte stillede sp\u00f8rgsm\u00e5l om Madeira-rejsen<\/h1>\n            <\/div>\n<\/section>\n\n<style>\n    .page-banner {\n        background-image: url('\/wp-content\/uploads\/2025\/05\/porto-moniz.jpg');\n    }\n\n    @media (min-width: 768px) {\n        .page-banner {\n            background-image: url('\/wp-content\/uploads\/2025\/05\/porto-moniz-1024x371.jpg');\n        }\n    }\n<\/style>\n\n\n<section class=\"faqs\">\n    <div class=\"faqs_bg\">\n        <img decoding=\"async\" src=\"\" alt=\"\" aria-hidden=\"true\">\n    <\/div>\n    <div class=\"container\">\n\n        <h2 class=\"title\">Ofte stillede sp\u00f8rgsm\u00e5l<\/h2>\n\n                    <div class=\"faqs_list\">\n\n                                    <div class=\"faq_item\">\n                        <div class=\"question\">\n                            <h3>Hvad er det bedste tidspunkt at bes\u00f8ge Madeira p\u00e5?<\/h3>\n                            <span class=\"faq_icon\">\n\n                                <svg class=\"faq_icon_minus\" width=\"11\" height=\"1\" viewbox=\"0 0 11 1\" fill=\"none\" xmlns=\"http:\/\/www.w3.org\/2000\/svg\">\n                                    <rect x=\"11\" width=\"1\" height=\"11\" rx=\"0.5\" transform=\"rotate(90 11 0)\" fill=\"#F73939\"><\/rect>\n                                <\/svg>\n\n                                <svg class=\"faq_icon_plus\" width=\"11\" height=\"11\" viewbox=\"0 0 11 11\" fill=\"none\" xmlns=\"http:\/\/www.w3.org\/2000\/svg\">\n                                    <rect x=\"5\" width=\"1\" height=\"11\" rx=\"0.5\" fill=\"#F73939\"><\/rect>\n                                    <rect x=\"11\" y=\"5\" width=\"1\" height=\"11\" rx=\"0.5\" transform=\"rotate(90 11 5)\" fill=\"#F73939\"><\/rect>\n                                <\/svg>\n                            <\/span>\n                        <\/div>\n                        <div class=\"answer\" aria-expanded=\"false\"><p>Madeira er en hel\u00e5rsdestination p\u00e5 grund af det milde, subtropiske klima. For\u00e5ret og den tidlige sommer (marts til juni) er dog ideelle til at nyde blomstrende blomster og udend\u00f8rs aktiviteter.<\/p>\n<\/div>\n                    <\/div>\n                                    <div class=\"faq_item\">\n                        <div class=\"question\">\n                            <h3>Skal jeg have visum for at rejse til Madeira?<\/h3>\n                            <span class=\"faq_icon\">\n\n                                <svg class=\"faq_icon_minus\" width=\"11\" height=\"1\" viewbox=\"0 0 11 1\" fill=\"none\" xmlns=\"http:\/\/www.w3.org\/2000\/svg\">\n                                    <rect x=\"11\" width=\"1\" height=\"11\" rx=\"0.5\" transform=\"rotate(90 11 0)\" fill=\"#F73939\"><\/rect>\n                                <\/svg>\n\n                                <svg class=\"faq_icon_plus\" width=\"11\" height=\"11\" viewbox=\"0 0 11 11\" fill=\"none\" xmlns=\"http:\/\/www.w3.org\/2000\/svg\">\n                                    <rect x=\"5\" width=\"1\" height=\"11\" rx=\"0.5\" fill=\"#F73939\"><\/rect>\n                                    <rect x=\"11\" y=\"5\" width=\"1\" height=\"11\" rx=\"0.5\" transform=\"rotate(90 11 5)\" fill=\"#F73939\"><\/rect>\n                                <\/svg>\n                            <\/span>\n                        <\/div>\n                        <div class=\"answer\" aria-expanded=\"false\"><p>Madeira er en del af Portugal, som er medlem af Schengen-omr\u00e5det. Bes\u00f8gende fra mange lande kan opholde sig visumfrit i op til 90 dage. Tjek dit lands krav, f\u00f8r du rejser.<\/p>\n<\/div>\n                    <\/div>\n                                    <div class=\"faq_item\">\n                        <div class=\"question\">\n                            <h3>Hvilke aktiviteter kan jeg lave p\u00e5 Madeira?<\/h3>\n                            <span class=\"faq_icon\">\n\n                                <svg class=\"faq_icon_minus\" width=\"11\" height=\"1\" viewbox=\"0 0 11 1\" fill=\"none\" xmlns=\"http:\/\/www.w3.org\/2000\/svg\">\n                                    <rect x=\"11\" width=\"1\" height=\"11\" rx=\"0.5\" transform=\"rotate(90 11 0)\" fill=\"#F73939\"><\/rect>\n                                <\/svg>\n\n                                <svg class=\"faq_icon_plus\" width=\"11\" height=\"11\" viewbox=\"0 0 11 11\" fill=\"none\" xmlns=\"http:\/\/www.w3.org\/2000\/svg\">\n                                    <rect x=\"5\" width=\"1\" height=\"11\" rx=\"0.5\" fill=\"#F73939\"><\/rect>\n                                    <rect x=\"11\" y=\"5\" width=\"1\" height=\"11\" rx=\"0.5\" transform=\"rotate(90 11 5)\" fill=\"#F73939\"><\/rect>\n                                <\/svg>\n                            <\/span>\n                        <\/div>\n                        <div class=\"answer\" aria-expanded=\"false\"><p>Madeira byder p\u00e5 vandreture, hvalsafari, paragliding, canyoning og udforskning af den UNESCO-listede Laurisilva-skov. G\u00e5 ikke glip af levada-stierne og de kulturelle oplevelser i Funchal.<\/p>\n<\/div>\n                    <\/div>\n                                    <div class=\"faq_item\">\n                        <div class=\"question\">\n                            <h3>Er Madeira velegnet til familier?<\/h3>\n                            <span class=\"faq_icon\">\n\n                                <svg class=\"faq_icon_minus\" width=\"11\" height=\"1\" viewbox=\"0 0 11 1\" fill=\"none\" xmlns=\"http:\/\/www.w3.org\/2000\/svg\">\n                                    <rect x=\"11\" width=\"1\" height=\"11\" rx=\"0.5\" transform=\"rotate(90 11 0)\" fill=\"#F73939\"><\/rect>\n                                <\/svg>\n\n                                <svg class=\"faq_icon_plus\" width=\"11\" height=\"11\" viewbox=\"0 0 11 11\" fill=\"none\" xmlns=\"http:\/\/www.w3.org\/2000\/svg\">\n                                    <rect x=\"5\" width=\"1\" height=\"11\" rx=\"0.5\" fill=\"#F73939\"><\/rect>\n                                    <rect x=\"11\" y=\"5\" width=\"1\" height=\"11\" rx=\"0.5\" transform=\"rotate(90 11 5)\" fill=\"#F73939\"><\/rect>\n                                <\/svg>\n                            <\/span>\n                        <\/div>\n                        <div class=\"answer\" aria-expanded=\"false\"><p>Helt sikkert! Madeira har aktiviteter for alle aldre, herunder lette vandreture, delfinobservationer, botaniske haver og sandstrande som Porto Santo.<\/p>\n<\/div>\n                    <\/div>\n                                    <div class=\"faq_item\">\n                        <div class=\"question\">\n                            <h3>Hvad er Madeira ber\u00f8mt for?<\/h3>\n                            <span class=\"faq_icon\">\n\n                                <svg class=\"faq_icon_minus\" width=\"11\" height=\"1\" viewbox=\"0 0 11 1\" fill=\"none\" xmlns=\"http:\/\/www.w3.org\/2000\/svg\">\n                                    <rect x=\"11\" width=\"1\" height=\"11\" rx=\"0.5\" transform=\"rotate(90 11 0)\" fill=\"#F73939\"><\/rect>\n                                <\/svg>\n\n                                <svg class=\"faq_icon_plus\" width=\"11\" height=\"11\" viewbox=\"0 0 11 11\" fill=\"none\" xmlns=\"http:\/\/www.w3.org\/2000\/svg\">\n                                    <rect x=\"5\" width=\"1\" height=\"11\" rx=\"0.5\" fill=\"#F73939\"><\/rect>\n                                    <rect x=\"11\" y=\"5\" width=\"1\" height=\"11\" rx=\"0.5\" transform=\"rotate(90 11 5)\" fill=\"#F73939\"><\/rect>\n                                <\/svg>\n                            <\/span>\n                        <\/div>\n                        <div class=\"answer\" aria-expanded=\"false\"><p>Madeira er kendt for sin naturlige sk\u00f8nhed, madeiravin, levada-vandringer og festivaler som blomsterfestivalen og nyt\u00e5rsfyrv\u00e6rkeriet. Den kaldes ogs\u00e5 \u201cdet evige for\u00e5rs \u00f8\u201d.\u201d<\/p>\n<\/div>\n                    <\/div>\n                \n            <\/div>\n        \n    <\/div>\n\n    <script>\n        document.querySelectorAll('.question').forEach(function(button) {\n            button.addEventListener('click', function() {\n                const faqItem = button.closest('.faq_item');\n                const content = faqItem.querySelector('.answer');\n                const isExpanded = button.getAttribute('aria-expanded') === 'true';\n\n                button.setAttribute('aria-expanded', !isExpanded);\n                content.setAttribute('aria-hidden', isExpanded);\n\n                faqItem.classList.toggle('active');\n            });\n        });\n    <\/script>\n<\/section>","protected":false},"excerpt":{"rendered":"","protected":false},"author":1,"featured_media":0,"parent":0,"menu_order":0,"comment_status":"closed","ping_status":"closed","template":"","meta":{"_acf_changed":false,"footnotes":""},"class_list":["post-239","page","type-page","status-publish","hentry"],"acf":[],"yoast_head":"<!-- This site is optimized with the Yoast SEO plugin v27.3 - https:\/\/yoast.com\/product\/yoast-seo-wordpress\/ -->\n<title>FAQ\u2019s - Thisismadeiraisland<\/title>\n<meta name=\"robots\" content=\"index, follow, max-snippet:-1, max-image-preview:large, max-video-preview:-1\" \/>\n<link rel=\"canonical\" href=\"https:\/\/thisismadeiraisland.com\/da\/faqs\/\" \/>\n<meta property=\"og:locale\" content=\"da_DK\" \/>\n<meta property=\"og:type\" content=\"article\" \/>\n<meta property=\"og:title\" content=\"FAQ\u2019s - Thisismadeiraisland\" \/>\n<meta property=\"og:url\" content=\"https:\/\/thisismadeiraisland.com\/da\/faqs\/\" \/>\n<meta property=\"og:site_name\" content=\"Thisismadeiraisland\" \/>\n<meta property=\"article:modified_time\" content=\"2025-06-17T14:19:10+00:00\" \/>\n<meta name=\"twitter:card\" content=\"summary_large_image\" \/>\n<script type=\"application\/ld+json\" class=\"yoast-schema-graph\">{\"@context\":\"https:\\\/\\\/schema.org\",\"@graph\":[{\"@type\":\"WebPage\",\"@id\":\"https:\\\/\\\/thisismadeiraisland.com\\\/faqs\\\/\",\"url\":\"https:\\\/\\\/thisismadeiraisland.com\\\/faqs\\\/\",\"name\":\"FAQ\u2019s - Thisismadeiraisland\",\"isPartOf\":{\"@id\":\"https:\\\/\\\/thisismadeiraisland.com\\\/#website\"},\"datePublished\":\"2025-03-20T11:26:01+00:00\",\"dateModified\":\"2025-06-17T14:19:10+00:00\",\"breadcrumb\":{\"@id\":\"https:\\\/\\\/thisismadeiraisland.com\\\/faqs\\\/#breadcrumb\"},\"inLanguage\":\"da-DK\",\"potentialAction\":[{\"@type\":\"ReadAction\",\"target\":[\"https:\\\/\\\/thisismadeiraisland.com\\\/faqs\\\/\"]}]},{\"@type\":\"BreadcrumbList\",\"@id\":\"https:\\\/\\\/thisismadeiraisland.com\\\/faqs\\\/#breadcrumb\",\"itemListElement\":[{\"@type\":\"ListItem\",\"position\":1,\"name\":\"Home\",\"item\":\"https:\\\/\\\/thisismadeiraisland.com\\\/\"},{\"@type\":\"ListItem\",\"position\":2,\"name\":\"FAQ\u2019s\"}]},{\"@type\":\"WebSite\",\"@id\":\"https:\\\/\\\/thisismadeiraisland.com\\\/#website\",\"url\":\"https:\\\/\\\/thisismadeiraisland.com\\\/\",\"name\":\"Thisismadeiraisland\",\"description\":\"Thisismadeiraisland\",\"potentialAction\":[{\"@type\":\"SearchAction\",\"target\":{\"@type\":\"EntryPoint\",\"urlTemplate\":\"https:\\\/\\\/thisismadeiraisland.com\\\/?s={search_term_string}\"},\"query-input\":{\"@type\":\"PropertyValueSpecification\",\"valueRequired\":true,\"valueName\":\"search_term_string\"}}],\"inLanguage\":\"da-DK\"}]}<\/script>\n<!-- \/ Yoast SEO plugin. -->","yoast_head_json":{"title":"Ofte stillede sp\u00f8rgsm\u00e5l - Thisismadeiraisland","robots":{"index":"index","follow":"follow","max-snippet":"max-snippet:-1","max-image-preview":"max-image-preview:large","max-video-preview":"max-video-preview:-1"},"canonical":"https:\/\/thisismadeiraisland.com\/da\/faqs\/","og_locale":"da_DK","og_type":"article","og_title":"FAQ\u2019s - Thisismadeiraisland","og_url":"https:\/\/thisismadeiraisland.com\/da\/faqs\/","og_site_name":"Thisismadeiraisland","article_modified_time":"2025-06-17T14:19:10+00:00","twitter_card":"summary_large_image","schema":{"@context":"https:\/\/schema.org","@graph":[{"@type":"WebPage","@id":"https:\/\/thisismadeiraisland.com\/faqs\/","url":"https:\/\/thisismadeiraisland.com\/faqs\/","name":"Ofte stillede sp\u00f8rgsm\u00e5l - Thisismadeiraisland","isPartOf":{"@id":"https:\/\/thisismadeiraisland.com\/#website"},"datePublished":"2025-03-20T11:26:01+00:00","dateModified":"2025-06-17T14:19:10+00:00","breadcrumb":{"@id":"https:\/\/thisismadeiraisland.com\/faqs\/#breadcrumb"},"inLanguage":"da-DK","potentialAction":[{"@type":"ReadAction","target":["https:\/\/thisismadeiraisland.com\/faqs\/"]}]},{"@type":"BreadcrumbList","@id":"https:\/\/thisismadeiraisland.com\/faqs\/#breadcrumb","itemListElement":[{"@type":"ListItem","position":1,"name":"Home","item":"https:\/\/thisismadeiraisland.com\/"},{"@type":"ListItem","position":2,"name":"FAQ\u2019s"}]},{"@type":"WebSite","@id":"https:\/\/thisismadeiraisland.com\/#website","url":"https:\/\/thisismadeiraisland.com\/","name":"Thisismadeiraisland","description":"Thisismadeiraisland","potentialAction":[{"@type":"SearchAction","target":{"@type":"EntryPoint","urlTemplate":"https:\/\/thisismadeiraisland.com\/?s={search_term_string}"},"query-input":{"@type":"PropertyValueSpecification","valueRequired":true,"valueName":"search_term_string"}}],"inLanguage":"da-DK"}]}},"_links":{"self":[{"href":"https:\/\/thisismadeiraisland.com\/da\/wp-json\/wp\/v2\/pages\/239","targetHints":{"allow":["GET"]}}],"collection":[{"href":"https:\/\/thisismadeiraisland.com\/da\/wp-json\/wp\/v2\/pages"}],"about":[{"href":"https:\/\/thisismadeiraisland.com\/da\/wp-json\/wp\/v2\/types\/page"}],"author":[{"embeddable":true,"href":"https:\/\/thisismadeiraisland.com\/da\/wp-json\/wp\/v2\/users\/1"}],"replies":[{"embeddable":true,"href":"https:\/\/thisismadeiraisland.com\/da\/wp-json\/wp\/v2\/comments?post=239"}],"version-history":[{"count":0,"href":"https:\/\/thisismadeiraisland.com\/da\/wp-json\/wp\/v2\/pages\/239\/revisions"}],"wp:attachment":[{"href":"https:\/\/thisismadeiraisland.com\/da\/wp-json\/wp\/v2\/media?parent=239"}],"curies":[{"name":"wp","href":"https:\/\/api.w.org\/{rel}","templated":true}]}}