{"id":241,"date":"2025-03-20T11:26:11","date_gmt":"2025-03-20T11:26:11","guid":{"rendered":"https:\/\/thisismadeiraisland.com\/?page_id=241"},"modified":"2025-06-06T13:54:30","modified_gmt":"2025-06-06T13:54:30","slug":"privacy-and-cookies","status":"publish","type":"page","link":"https:\/\/thisismadeiraisland.com\/da\/privacy-and-cookies\/","title":{"rendered":"Fortrolighedspolitik og cookies"},"content":{"rendered":"<section class=\"page-banner\" id=\"page-banner\">\n    <div class=\"container\">\n                    <h1 class=\"page-banner__title\">Politik for beskyttelse af personlige oplysninger<\/h1>\n            <\/div>\n<\/section>\n\n<style>\n    .page-banner {\n        background-image: url('\/wp-content\/uploads\/2025\/06\/balcoes-Madeira-Island-02.webp');\n    }\n\n    @media (min-width: 768px) {\n        .page-banner {\n            background-image: url('\/wp-content\/uploads\/2025\/06\/balcoes-Madeira-Island-02-1024x417.webp');\n        }\n    }\n<\/style>\n\n\n<p><\/p>\n\n\n<section class=\"text_content_area\">\n    <div class=\"container\">\n        <p><!-- wp:paragraph --><\/p>\n<p><strong>Dit privatliv er vigtigt for os. Vi v\u00e6rds\u00e6tter din tillid og er forpligtet til at beskytte og sikre alle personlige oplysninger, du giver os. Dette dokument, som vi opdaterer fra tid til anden, beskriver, hvordan vi bruger og behandler dine personlige data, og hvordan vi bruger cookies. Det fort\u00e6ller dig ogs\u00e5, hvordan du kan kontakte os, hvis du har sp\u00f8rgsm\u00e5l om dine personlige oplysninger.<\/strong><\/p>\n<p><!-- \/wp:paragraph --> <!-- wp:paragraph --><\/p>\n<p><strong>This is Madeira Island leverer onlinerejseydelser via sine egne hjemmesider og mobilapps og via andre onlineplatforme som f.eks. partneres hjemmesider og sociale medier. De f\u00f8lgende oplysninger g\u00e6lder for alle disse platforme.<\/strong><\/p>\n<p><!-- \/wp:paragraph --> <!-- wp:paragraph --><\/p>\n<p>Det er This is Madeira Island's politik at respektere dit privatliv vedr\u00f8rende alle oplysninger, vi m\u00e5tte indsamle, mens vi driver vores websted. Denne fortrolighedspolitik g\u00e6lder for www.thisismadeiraisland.com (i det f\u00f8lgende ben\u00e6vnt \u201cos\u201d, \u201cvi\u201d eller \u201cwww.thisismadeiraisland.com\u201d). Vi respekterer dit privatliv og er forpligtet til at beskytte personligt identificerbare oplysninger, som du m\u00e5tte give os via webstedet. Vi har vedtaget denne privatlivspolitik (\u201cPrivatlivspolitik\u201d) for at forklare, hvilke oplysninger der kan indsamles p\u00e5 vores websted, hvordan vi bruger disse oplysninger, og under hvilke omst\u00e6ndigheder vi kan videregive oplysningerne til tredjeparter. Denne fortrolighedspolitik g\u00e6lder kun for oplysninger, vi indsamler via webstedet, og g\u00e6lder ikke for vores indsamling af oplysninger fra andre kilder.<br \/>\nDenne fortrolighedspolitik udg\u00f8r sammen med de vilk\u00e5r og betingelser, der er offentliggjort p\u00e5 vores websted, de generelle regler og politikker, der g\u00e6lder for din brug af vores websted. Afh\u00e6ngigt af dine aktiviteter, n\u00e5r du bes\u00f8ger vores hjemmeside, kan du blive bedt om at acceptere yderligere vilk\u00e5r og betingelser.<\/p>\n<p><!-- \/wp:paragraph --> <!-- wp:paragraph --><\/p>\n<p><strong>- Bes\u00f8gende p\u00e5 hjemmesiden<\/strong><br \/>\nSom de fleste webstedsoperat\u00f8rer indsamler This is Madeira Island ikke-personligt identificerende oplysninger af den slags, som webbrowsere og servere typisk stiller til r\u00e5dighed, s\u00e5som browsertype, sprogpr\u00e6ference, henvisningssted og dato og klokkesl\u00e6t for hver bes\u00f8gsanmodning. This is Madeira Island's form\u00e5l med at indsamle ikke-personligt identificerende oplysninger er at f\u00e5 en bedre forst\u00e5else af, hvordan This is Madeira Island's bes\u00f8gende bruger hjemmesiden. Fra tid til anden kan This is Madeira Island frigive ikke-personligt identificerende oplysninger samlet, f.eks. ved at offentligg\u00f8re en rapport om tendenser i brugen af sit websted.<br \/>\nThis is Madeira Island indsamler ogs\u00e5 potentielt personligt identificerende oplysninger som internetprotokol (IP)-adresser for indloggede brugere og for brugere, der efterlader kommentarer til http:\/\/thisismadeiraisland.com blogindl\u00e6g. This is Madeira Island afsl\u00f8rer kun IP-adresser for indloggede brugere og kommentatorer under de samme omst\u00e6ndigheder, som det bruger og afsl\u00f8rer personligt identificerende oplysninger som beskrevet nedenfor.<\/p>\n<p><!-- \/wp:paragraph --> <!-- wp:paragraph --><\/p>\n<p><strong>- Indsamling af personligt identificerende oplysninger<\/strong><br \/>\nVisse bes\u00f8gende p\u00e5 This is Madeira Island's websteder v\u00e6lger at interagere med This is Madeira Island p\u00e5 m\u00e5der, der kr\u00e6ver, at This is Madeira Island indsamler personligt identificerende oplysninger. M\u00e6ngden og typen af oplysninger, som This is Madeira Island indsamler, afh\u00e6nger af interaktionens art. For eksempel beder vi bes\u00f8gende, der tilmelder sig en blog p\u00e5 http:\/\/thisismadeiraisland.com, om at angive et brugernavn og en e-mailadresse.<\/p>\n<p><!-- \/wp:paragraph --> <!-- wp:paragraph --><\/p>\n<p><strong>- Sikkerhed<\/strong><br \/>\nSikkerheden af dine personlige oplysninger er vigtig for os, men husk, at ingen metode til transmission over internettet eller metode til elektronisk lagring er 100% sikker. Selv om vi bestr\u00e6ber os p\u00e5 at bruge kommercielt acceptable midler til at beskytte dine personlige oplysninger, kan vi ikke garantere deres absolutte sikkerhed.<\/p>\n<p><!-- \/wp:paragraph --> <!-- wp:paragraph --><\/p>\n<p><strong>- Reklamer<\/strong><br \/>\nAnnoncer, der vises p\u00e5 vores websted, kan leveres til brugere af reklamepartnere, der kan indstille cookies. Disse cookies g\u00f8r det muligt for annonceserveren at genkende din computer, hver gang de sender dig en onlineannonce for at indsamle oplysninger om dig eller andre, der bruger din computer. Disse oplysninger giver annoncenetv\u00e6rk mulighed for blandt andet at levere m\u00e5lrettede reklamer, som de mener vil v\u00e6re af st\u00f8rst interesse for dig. Denne fortrolighedspolitik d\u00e6kker brugen af cookies fra This is Madeira Island og d\u00e6kker ikke brugen af cookies fra nogen annonc\u00f8rer.<\/p>\n<p><!-- \/wp:paragraph --> <!-- wp:paragraph --><\/p>\n<p><strong>- Links til eksterne sider<\/strong><br \/>\nVores tjeneste kan indeholde links til eksterne websteder, der ikke drives af os. Hvis du klikker p\u00e5 et link til en tredjepart, vil du blive sendt til den p\u00e5g\u00e6ldende tredjeparts websted. Vi anbefaler p\u00e5 det kraftigste, at du l\u00e6ser fortrolighedspolitikken og vilk\u00e5r og betingelser for hvert websted, du bes\u00f8ger.<br \/>\nVi har ingen kontrol over og p\u00e5tager os intet ansvar for indhold, privatlivspolitikker eller praksis p\u00e5 tredjepartswebsteder, -produkter eller -tjenester.<\/p>\n<p><!-- \/wp:paragraph --> <!-- wp:paragraph --><\/p>\n<p><strong>- Www.thisismadeiraisland.com bruger Google AdWords til remarketing<\/strong><br \/>\nWww.thisismadeiraisland.com bruger remarketingtjenester til at annoncere p\u00e5 tredjepartswebsteder (herunder Google) til tidligere bes\u00f8gende p\u00e5 vores websted. Det kan betyde, at vi annoncerer til tidligere bes\u00f8gende, der ikke har gennemf\u00f8rt en opgave p\u00e5 vores websted, f.eks. ved at bruge kontaktformularen til at foretage en foresp\u00f8rgsel. Dette kan v\u00e6re i form af en reklame p\u00e5 Googles s\u00f8geresultatside eller et websted i Googles displaynetv\u00e6rk. Tredjepartsleverand\u00f8rer, herunder Google, bruger cookies til at vise annoncer baseret p\u00e5 en persons tidligere bes\u00f8g. Alle indsamlede data vil naturligvis blive brugt i overensstemmelse med vores egen og Googles privatlivspolitik.<br \/>\nDu kan indstille pr\u00e6ferencer for, hvordan Google annoncerer til dig, ved hj\u00e6lp af siden Google Ad Preferences, og hvis du vil, kan du frav\u00e6lge interessebaseret annoncering helt ved hj\u00e6lp af cookie-indstillinger eller permanent ved hj\u00e6lp af et browser-plugin.<\/p>\n<p><!-- \/wp:paragraph --> <!-- wp:paragraph --><\/p>\n<p><strong>- Beskyttelse af visse personligt identificerende oplysninger<\/strong><br \/>\nThis is Madeira Island videregiver kun potentielt personligt identificerende og personligt identificerende oplysninger til de af sine medarbejdere, entrepren\u00f8rer og tilknyttede organisationer, der (i) har brug for at kende disse oplysninger for at behandle dem p\u00e5 This is Madeira Island's vegne eller for at levere tjenester, der er tilg\u00e6ngelige p\u00e5 This is Madeira Island's websted, og (ii) som har aftalt ikke at videregive dem til andre. Nogle af disse medarbejdere, entrepren\u00f8rer og tilknyttede organisationer kan befinde sig uden for dit hjemland; ved at bruge This is Madeira Island's websted giver du samtykke til overf\u00f8rsel af s\u00e5danne oplysninger til dem. This is Madeira Island vil ikke udleje eller s\u00e6lge potentielt personligt identificerende og personligt identificerende oplysninger til nogen. Bortset fra til sine medarbejdere, entrepren\u00f8rer og tilknyttede organisationer, som beskrevet ovenfor, videregiver This is Madeira Island kun potentielt personligt identificerende og personligt identificerende oplysninger som svar p\u00e5 en st\u00e6vning, retskendelse eller anden regeringsanmodning, eller n\u00e5r This is Madeira Island i god tro mener, at videregivelse med rimelighed er n\u00f8dvendig for at beskytte This is Madeira Island's ejendom eller rettigheder, tredjeparter eller offentligheden i almindelighed.<br \/>\nHvis du er registreret bruger af http:\/\/thisismadeiraisland.com og har oplyst din e-mailadresse, kan This is Madeira Island lejlighedsvis sende dig en e-mail for at fort\u00e6lle dig om nye funktioner, bede om din feedback eller bare holde dig opdateret om, hvad der sker med This is Madeira Island og vores produkter. Vi bruger prim\u00e6rt vores blog til at kommunikere denne type information, s\u00e5 vi forventer at holde denne type e-mail p\u00e5 et minimum. Hvis du sender os en anmodning (f.eks. via en supportmail eller via en af vores feedbackmekanismer), forbeholder vi os ret til at offentligg\u00f8re den for at hj\u00e6lpe os med at afklare eller svare p\u00e5 din anmodning eller for at hj\u00e6lpe os med at st\u00f8tte andre brugere. This is Madeira Island tr\u00e6ffer alle foranstaltninger, der med rimelighed er n\u00f8dvendige for at beskytte mod uautoriseret adgang, brug, \u00e6ndring eller \u00f8del\u00e6ggelse af potentielt personligt identificerende og personligt identificerende oplysninger.<\/p>\n<p><!-- \/wp:paragraph --> <!-- wp:paragraph --><\/p>\n<p><strong>- Oplysning om tilknyttede virksomheder<\/strong><br \/>\nDette websted bruger affilierede links og tjener en provision fra visse links. Dette p\u00e5virker ikke dine k\u00f8b eller den pris, du m\u00e5tte betale.<\/p>\n<p><!-- \/wp:paragraph --> <!-- wp:paragraph --><\/p>\n<p><strong>- Sm\u00e5kager<\/strong><br \/>\nFor at berige og perfektionere din onlineoplevelse bruger This is Madeira Island \u201ccookies\u201d, lignende teknologier og tjenester leveret af andre til at vise personligt indhold, passende reklame og gemme dine pr\u00e6ferencer p\u00e5 din computer.<br \/>\nEn cookie er en r\u00e6kke oplysninger, som et websted gemmer p\u00e5 en bes\u00f8gendes computer, og som den bes\u00f8gendes browser giver til webstedet, hver gang den bes\u00f8gende vender tilbage. This is Madeira Island bruger cookies til at hj\u00e6lpe This is Madeira Island med at identificere og spore bes\u00f8gende, deres brug af http:\/\/thisismadeiraisland.com og deres pr\u00e6ferencer for adgang til webstedet. This is Madeira Island-bes\u00f8gende, der ikke \u00f8nsker at have cookies placeret p\u00e5 deres computere, b\u00f8r indstille deres browsere til at afvise cookies, f\u00f8r de bruger This is Madeira Island's websteder, med den ulempe, at visse funktioner p\u00e5 This is Madeira Island's websteder muligvis ikke fungerer korrekt uden hj\u00e6lp fra cookies.<br \/>\nVed at forts\u00e6tte med at navigere p\u00e5 vores websted uden at \u00e6ndre dine cookieindstillinger, anerkender og accepterer du hermed This is Madeira Island's brug af cookies.<\/p>\n<p><!-- \/wp:paragraph --> <!-- wp:paragraph --><\/p>\n<p><strong>- E-handel<\/strong><br \/>\nDe, der deltager i transaktioner med This is Madeira Island - ved at k\u00f8be This is Madeira Island's tjenester eller produkter, bliver bedt om at give yderligere oplysninger, herunder om n\u00f8dvendigt de personlige og \u00f8konomiske oplysninger, der kr\u00e6ves for at behandle disse transaktioner. I hvert tilf\u00e6lde indsamler This is Madeira Island kun s\u00e5danne oplysninger i det omfang, det er n\u00f8dvendigt eller passende for at opfylde form\u00e5let med den bes\u00f8gendes interaktion med This is Madeira Island. This is Madeira Island videregiver ikke personligt identificerende oplysninger ud over det, der er beskrevet nedenfor. Og bes\u00f8gende kan altid n\u00e6gte at levere personligt identificerende oplysninger, med det forbehold, at det kan forhindre dem i at deltage i visse webstedsrelaterede aktiviteter.<\/p>\n<p><!-- \/wp:paragraph --> <!-- wp:paragraph --><\/p>\n<p><strong>\u00c6ndringer i privatlivspolitikken<\/strong><br \/>\nSelvom de fleste \u00e6ndringer sandsynligvis vil v\u00e6re mindre, kan This is Madeira Island \u00e6ndre sin privatlivspolitik fra tid til anden og efter This is Madeira Island's eget sk\u00f8n. This is Madeira Island opfordrer bes\u00f8gende til ofte at tjekke denne side for eventuelle \u00e6ndringer i sin privatlivspolitik. Din fortsatte brug af dette websted efter enhver \u00e6ndring i denne privatlivspolitik vil udg\u00f8re din accept af en s\u00e5dan \u00e6ndring.<\/p>\n<p><!-- \/wp:paragraph --> <!-- wp:paragraph --><\/p>\n<p><em>Sidst opdateret, februar 2020<\/em><\/p>\n<p><!-- \/wp:paragraph --><\/p>\n    <\/div><!-- end container -->\n<\/section><!-- end text_content_area -->","protected":false},"excerpt":{"rendered":"","protected":false},"author":1,"featured_media":0,"parent":0,"menu_order":0,"comment_status":"closed","ping_status":"closed","template":"","meta":{"_acf_changed":false,"footnotes":""},"class_list":["post-241","page","type-page","status-publish","hentry"],"acf":[],"yoast_head":"<!-- This site is optimized with the Yoast SEO plugin v27.4 - https:\/\/yoast.com\/product\/yoast-seo-wordpress\/ -->\n<title>Privacy Policy &amp; Cookies - Thisismadeiraisland<\/title>\n<meta name=\"robots\" content=\"index, follow, max-snippet:-1, max-image-preview:large, max-video-preview:-1\" \/>\n<link rel=\"canonical\" href=\"https:\/\/thisismadeiraisland.com\/da\/privacy-and-cookies\/\" \/>\n<meta property=\"og:locale\" content=\"da_DK\" \/>\n<meta property=\"og:type\" content=\"article\" \/>\n<meta property=\"og:title\" content=\"Privacy Policy &amp; Cookies - Thisismadeiraisland\" \/>\n<meta property=\"og:url\" content=\"https:\/\/thisismadeiraisland.com\/da\/privacy-and-cookies\/\" \/>\n<meta property=\"og:site_name\" content=\"Thisismadeiraisland\" \/>\n<meta property=\"article:modified_time\" content=\"2025-06-06T13:54:30+00:00\" \/>\n<meta name=\"twitter:card\" content=\"summary_large_image\" \/>\n<script type=\"application\/ld+json\" class=\"yoast-schema-graph\">{\"@context\":\"https:\\\/\\\/schema.org\",\"@graph\":[{\"@type\":\"WebPage\",\"@id\":\"https:\\\/\\\/thisismadeiraisland.com\\\/privacy-and-cookies\\\/\",\"url\":\"https:\\\/\\\/thisismadeiraisland.com\\\/privacy-and-cookies\\\/\",\"name\":\"Privacy Policy &amp; Cookies - Thisismadeiraisland\",\"isPartOf\":{\"@id\":\"https:\\\/\\\/thisismadeiraisland.com\\\/#website\"},\"datePublished\":\"2025-03-20T11:26:11+00:00\",\"dateModified\":\"2025-06-06T13:54:30+00:00\",\"breadcrumb\":{\"@id\":\"https:\\\/\\\/thisismadeiraisland.com\\\/privacy-and-cookies\\\/#breadcrumb\"},\"inLanguage\":\"da-DK\",\"potentialAction\":[{\"@type\":\"ReadAction\",\"target\":[\"https:\\\/\\\/thisismadeiraisland.com\\\/privacy-and-cookies\\\/\"]}]},{\"@type\":\"BreadcrumbList\",\"@id\":\"https:\\\/\\\/thisismadeiraisland.com\\\/privacy-and-cookies\\\/#breadcrumb\",\"itemListElement\":[{\"@type\":\"ListItem\",\"position\":1,\"name\":\"Home\",\"item\":\"https:\\\/\\\/thisismadeiraisland.com\\\/\"},{\"@type\":\"ListItem\",\"position\":2,\"name\":\"Privacy Policy &amp; Cookies\"}]},{\"@type\":\"WebSite\",\"@id\":\"https:\\\/\\\/thisismadeiraisland.com\\\/#website\",\"url\":\"https:\\\/\\\/thisismadeiraisland.com\\\/\",\"name\":\"Thisismadeiraisland\",\"description\":\"Thisismadeiraisland\",\"potentialAction\":[{\"@type\":\"SearchAction\",\"target\":{\"@type\":\"EntryPoint\",\"urlTemplate\":\"https:\\\/\\\/thisismadeiraisland.com\\\/?s={search_term_string}\"},\"query-input\":{\"@type\":\"PropertyValueSpecification\",\"valueRequired\":true,\"valueName\":\"search_term_string\"}}],\"inLanguage\":\"da-DK\"}]}<\/script>\n<!-- \/ Yoast SEO plugin. -->","yoast_head_json":{"title":"Fortrolighedspolitik og cookies - Thisismadeiraisland","robots":{"index":"index","follow":"follow","max-snippet":"max-snippet:-1","max-image-preview":"max-image-preview:large","max-video-preview":"max-video-preview:-1"},"canonical":"https:\/\/thisismadeiraisland.com\/da\/privacy-and-cookies\/","og_locale":"da_DK","og_type":"article","og_title":"Privacy Policy &amp; Cookies - Thisismadeiraisland","og_url":"https:\/\/thisismadeiraisland.com\/da\/privacy-and-cookies\/","og_site_name":"Thisismadeiraisland","article_modified_time":"2025-06-06T13:54:30+00:00","twitter_card":"summary_large_image","schema":{"@context":"https:\/\/schema.org","@graph":[{"@type":"WebPage","@id":"https:\/\/thisismadeiraisland.com\/privacy-and-cookies\/","url":"https:\/\/thisismadeiraisland.com\/privacy-and-cookies\/","name":"Fortrolighedspolitik og cookies - Thisismadeiraisland","isPartOf":{"@id":"https:\/\/thisismadeiraisland.com\/#website"},"datePublished":"2025-03-20T11:26:11+00:00","dateModified":"2025-06-06T13:54:30+00:00","breadcrumb":{"@id":"https:\/\/thisismadeiraisland.com\/privacy-and-cookies\/#breadcrumb"},"inLanguage":"da-DK","potentialAction":[{"@type":"ReadAction","target":["https:\/\/thisismadeiraisland.com\/privacy-and-cookies\/"]}]},{"@type":"BreadcrumbList","@id":"https:\/\/thisismadeiraisland.com\/privacy-and-cookies\/#breadcrumb","itemListElement":[{"@type":"ListItem","position":1,"name":"Home","item":"https:\/\/thisismadeiraisland.com\/"},{"@type":"ListItem","position":2,"name":"Privacy Policy &amp; Cookies"}]},{"@type":"WebSite","@id":"https:\/\/thisismadeiraisland.com\/#website","url":"https:\/\/thisismadeiraisland.com\/","name":"Thisismadeiraisland","description":"Thisismadeiraisland","potentialAction":[{"@type":"SearchAction","target":{"@type":"EntryPoint","urlTemplate":"https:\/\/thisismadeiraisland.com\/?s={search_term_string}"},"query-input":{"@type":"PropertyValueSpecification","valueRequired":true,"valueName":"search_term_string"}}],"inLanguage":"da-DK"}]}},"_links":{"self":[{"href":"https:\/\/thisismadeiraisland.com\/da\/wp-json\/wp\/v2\/pages\/241","targetHints":{"allow":["GET"]}}],"collection":[{"href":"https:\/\/thisismadeiraisland.com\/da\/wp-json\/wp\/v2\/pages"}],"about":[{"href":"https:\/\/thisismadeiraisland.com\/da\/wp-json\/wp\/v2\/types\/page"}],"author":[{"embeddable":true,"href":"https:\/\/thisismadeiraisland.com\/da\/wp-json\/wp\/v2\/users\/1"}],"replies":[{"embeddable":true,"href":"https:\/\/thisismadeiraisland.com\/da\/wp-json\/wp\/v2\/comments?post=241"}],"version-history":[{"count":0,"href":"https:\/\/thisismadeiraisland.com\/da\/wp-json\/wp\/v2\/pages\/241\/revisions"}],"wp:attachment":[{"href":"https:\/\/thisismadeiraisland.com\/da\/wp-json\/wp\/v2\/media?parent=241"}],"curies":[{"name":"wp","href":"https:\/\/api.w.org\/{rel}","templated":true}]}}