{"id":241,"date":"2025-03-20T11:26:11","date_gmt":"2025-03-20T11:26:11","guid":{"rendered":"https:\/\/thisismadeiraisland.com\/?page_id=241"},"modified":"2025-06-06T13:54:30","modified_gmt":"2025-06-06T13:54:30","slug":"privacy-and-cookies","status":"publish","type":"page","link":"https:\/\/thisismadeiraisland.com\/de\/privacy-and-cookies\/","title":{"rendered":"Datenschutz &amp; Cookies"},"content":{"rendered":"<section class=\"page-banner\" id=\"page-banner\">\n    <div class=\"container\">\n                    <h1 class=\"page-banner__title\">Datenschutzbestimmungen<\/h1>\n            <\/div>\n<\/section>\n\n<style>\n    .page-banner {\n        background-image: url('\/wp-content\/uploads\/2025\/06\/balcoes-Madeira-Island-02.webp');\n    }\n\n    @media (min-width: 768px) {\n        .page-banner {\n            background-image: url('\/wp-content\/uploads\/2025\/06\/balcoes-Madeira-Island-02-1024x417.webp');\n        }\n    }\n<\/style>\n\n\n<p><\/p>\n\n\n<section class=\"text_content_area\">\n    <div class=\"container\">\n        <p><!-- wp:paragraph --><\/p>\n<p><strong>Ihre Privatsph\u00e4re ist uns wichtig. Wir wissen Ihr Vertrauen zu sch\u00e4tzen und verpflichten uns, alle pers\u00f6nlichen Daten, die Sie uns zur Verf\u00fcgung stellen, zu sch\u00fctzen und zu bewahren. Dieses Dokument, das wir von Zeit zu Zeit aktualisieren, beschreibt, wie wir Ihre personenbezogenen Daten nutzen und verarbeiten und wie wir Cookies verwenden. Au\u00dferdem erfahren Sie hier, wie Sie sich an uns wenden k\u00f6nnen, wenn Sie Fragen zu Ihren pers\u00f6nlichen Daten haben.<\/strong><\/p>\n<p><!-- \/wp:paragraph --> <!-- wp:paragraph --><\/p>\n<p><strong>This is Madeira Island bietet Online-Reisedienstleistungen \u00fcber seine eigenen Websites und mobilen Apps sowie \u00fcber andere Online-Plattformen wie die Websites von Partnern und soziale Medien an. Die folgenden Informationen gelten f\u00fcr alle diese Plattformen.<\/strong><\/p>\n<p><!-- \/wp:paragraph --> <!-- wp:paragraph --><\/p>\n<p>Es ist die Politik von This is Madeira Island, Ihre Privatsph\u00e4re in Bezug auf alle Informationen, die wir w\u00e4hrend des Betriebs unserer Website sammeln, zu respektieren. Diese Datenschutzrichtlinie gilt f\u00fcr www.thisismadeiraisland.com (im Folgenden \u201cwir\u201d, \u201cwir\u201d oder \u201cwww.thisismadeiraisland.com\u201d). Wir respektieren Ihre Privatsph\u00e4re und verpflichten uns, pers\u00f6nlich identifizierbare Informationen, die Sie uns \u00fcber die Website zur Verf\u00fcgung stellen, zu sch\u00fctzen. Wir haben diese Datenschutzrichtlinien (\u201cDatenschutzrichtlinien\u201d) verabschiedet, um zu erl\u00e4utern, welche Informationen auf unserer Website gesammelt werden k\u00f6nnen, wie wir diese Informationen verwenden und unter welchen Umst\u00e4nden wir die Informationen an Dritte weitergeben k\u00f6nnen. Diese Datenschutzrichtlinie gilt nur f\u00fcr Informationen, die wir \u00fcber die Website sammeln, und gilt nicht f\u00fcr unsere Sammlung von Informationen aus anderen Quellen.<br \/>\nDiese Datenschutzrichtlinie legt zusammen mit den auf unserer Website ver\u00f6ffentlichten Allgemeinen Gesch\u00e4ftsbedingungen die allgemeinen Regeln und Richtlinien f\u00fcr die Nutzung unserer Website fest. Je nach Ihren Aktivit\u00e4ten beim Besuch unserer Website kann es erforderlich sein, dass Sie zus\u00e4tzlichen Bedingungen zustimmen.<\/p>\n<p><!-- \/wp:paragraph --> <!-- wp:paragraph --><\/p>\n<p><strong>- Besucher der Website<\/strong><br \/>\nWie die meisten Website-Betreiber sammelt auch This is Madeira Island nicht-personenbezogene Daten, wie sie typischerweise von Webbrowsern und Servern zur Verf\u00fcgung gestellt werden, z. B. den Browsertyp, die bevorzugte Sprache, die verweisende Website sowie das Datum und die Uhrzeit der jeweiligen Besucheranfrage. This is Madeira Island sammelt nicht-personenbezogene Daten, um besser zu verstehen, wie die Besucher von This is Madeira Island die Website nutzen. Von Zeit zu Zeit kann die Insel Madeira nicht-personenidentifizierende Informationen in zusammengefasster Form ver\u00f6ffentlichen, z.B. durch die Ver\u00f6ffentlichung eines Berichts \u00fcber Trends in der Nutzung ihrer Website.<br \/>\nThis is Madeira Island sammelt auch potenziell pers\u00f6nlich identifizierende Informationen wie Internetprotokoll (IP)-Adressen f\u00fcr angemeldete Benutzer und f\u00fcr Benutzer, die Kommentare auf http:\/\/thisismadeiraisland.com Blog-Posts hinterlassen. Die Insel Madeira gibt die IP-Adressen der angemeldeten Benutzer und der Kommentatoren nur unter denselben Umst\u00e4nden bekannt, unter denen sie die unten beschriebenen personenbezogenen Daten verwendet und offenlegt.<\/p>\n<p><!-- \/wp:paragraph --> <!-- wp:paragraph --><\/p>\n<p><strong>- Erhebung personenbezogener Daten<\/strong><br \/>\nBestimmte Besucher der Websites von This is Madeira Island interagieren mit This is Madeira Island auf eine Weise, die es erforderlich macht, dass This is Madeira Island pers\u00f6nlich identifizierende Informationen sammelt. Die Menge und Art der Informationen, die This is Madeira Island sammelt, h\u00e4ngt von der Art der Interaktion ab. Zum Beispiel bitten wir Besucher, die sich f\u00fcr einen Blog auf http:\/\/thisismadeiraisland.com anmelden, einen Benutzernamen und eine E-Mail-Adresse anzugeben.<\/p>\n<p><!-- \/wp:paragraph --> <!-- wp:paragraph --><\/p>\n<p><strong>- Sicherheit<\/strong><br \/>\nDie Sicherheit Ihrer pers\u00f6nlichen Daten ist uns wichtig, aber denken Sie daran, dass keine Methode der \u00dcbertragung \u00fcber das Internet oder der elektronischen Speicherung 100% sicher ist. Obwohl wir uns bem\u00fchen, kommerziell annehmbare Mittel zum Schutz Ihrer pers\u00f6nlichen Daten einzusetzen, k\u00f6nnen wir deren absolute Sicherheit nicht garantieren.<\/p>\n<p><!-- \/wp:paragraph --> <!-- wp:paragraph --><\/p>\n<p><strong>- Inserate<\/strong><br \/>\nDie auf unserer Website erscheinenden Anzeigen werden den Nutzern m\u00f6glicherweise von Werbepartnern geliefert, die Cookies setzen k\u00f6nnen. Diese Cookies erm\u00f6glichen es dem Werbeserver, Ihren Computer jedes Mal zu erkennen, wenn er Ihnen eine Online-Werbung sendet, um Informationen \u00fcber Sie oder andere Personen, die Ihren Computer benutzen, zu sammeln. Diese Informationen erm\u00f6glichen es den Werbenetzwerken unter anderem, gezielte Werbung zu schalten, von der sie glauben, dass sie f\u00fcr Sie von gr\u00f6\u00dftem Interesse sein wird. Diese Datenschutzrichtlinie bezieht sich auf die Verwendung von Cookies durch This is Madeira Island und nicht auf die Verwendung von Cookies durch andere Werbetreibende.<\/p>\n<p><!-- \/wp:paragraph --> <!-- wp:paragraph --><\/p>\n<p><strong>- Links zu externen Seiten<\/strong><br \/>\nUnser Service kann Links zu externen Websites enthalten, die nicht von uns betrieben werden. Wenn Sie auf einen Link einer dritten Partei klicken, werden Sie auf die Seite dieser dritten Partei weitergeleitet. Wir raten Ihnen dringend, die Datenschutzrichtlinien und Gesch\u00e4ftsbedingungen jeder Seite, die Sie besuchen, zu lesen.<br \/>\nWir haben keine Kontrolle \u00fcber und \u00fcbernehmen keine Verantwortung f\u00fcr die Inhalte, Datenschutzrichtlinien oder Praktiken von Websites, Produkten oder Dienstleistungen Dritter.<\/p>\n<p><!-- \/wp:paragraph --> <!-- wp:paragraph --><\/p>\n<p><strong>- Www.thisismadeiraisland.com verwendet Google AdWords f\u00fcr Remarketing<\/strong><br \/>\nWww.thisismadeiraisland.com nutzt die Remarketing-Dienste, um auf Websites Dritter (einschlie\u00dflich Google) bei fr\u00fcheren Besuchern unserer Website Werbung zu schalten. Dies k\u00f6nnte bedeuten, dass wir fr\u00fchere Besucher, die eine Aufgabe auf unserer Website nicht abgeschlossen haben, z. B. \u00fcber das Kontaktformular eine Anfrage stellen, mit Werbung ansprechen. Dies kann in Form einer Anzeige auf der Google-Suchergebnisseite oder auf einer Website im Google Display-Netzwerk geschehen. Drittanbieter, einschlie\u00dflich Google, verwenden Cookies, um Anzeigen auf der Grundlage fr\u00fcherer Besuche einer Person zu schalten. Selbstverst\u00e4ndlich werden alle gesammelten Daten in \u00dcbereinstimmung mit unseren eigenen Datenschutzbestimmungen und den Datenschutzbestimmungen von Google verwendet.<br \/>\nSie k\u00f6nnen auf der Seite mit den Google-Anzeigenvorgaben festlegen, wie Google f\u00fcr Sie wirbt, und wenn Sie m\u00f6chten, k\u00f6nnen Sie die interessenbezogene Werbung \u00fcber Cookie-Einstellungen oder mithilfe eines Browser-Plug-ins vollst\u00e4ndig unterbinden.<\/p>\n<p><!-- \/wp:paragraph --> <!-- wp:paragraph --><\/p>\n<p><strong>- Schutz bestimmter personenbezogener Daten<\/strong><br \/>\nThis is Madeira Island gibt potenziell pers\u00f6nlich identifizierende und pers\u00f6nlich identifizierende Informationen nur an diejenigen seiner Mitarbeiter, Auftragnehmer und angeschlossenen Organisationen weiter, die (i) diese Informationen kennen m\u00fcssen, um sie im Auftrag von This is Madeira Island zu verarbeiten oder um die auf der Website von This is Madeira Island verf\u00fcgbaren Dienste bereitzustellen, und die (ii) zugestimmt haben, sie nicht an andere weiterzugeben. Einige dieser Mitarbeiter, Auftragnehmer und angegliederte Organisationen k\u00f6nnen sich au\u00dferhalb Ihres Heimatlandes befinden; indem Sie die Website von This is Madeira Island nutzen, stimmen Sie der \u00dcbertragung dieser Informationen an sie zu. This is Madeira Island vermietet oder verkauft keine potenziell pers\u00f6nlich identifizierenden Informationen an Dritte. Abgesehen von seinen Mitarbeitern, Auftragnehmern und angeschlossenen Organisationen, wie oben beschrieben, legt This is Madeira Island potenziell pers\u00f6nlich identifizierende und pers\u00f6nlich identifizierende Informationen nur als Reaktion auf eine Vorladung, einen Gerichtsbeschluss oder eine andere beh\u00f6rdliche Anfrage offen, oder wenn This is Madeira Island in gutem Glauben davon ausgeht, dass die Offenlegung vern\u00fcnftigerweise notwendig ist, um das Eigentum oder die Rechte von This is Madeira Island, Dritten oder der \u00d6ffentlichkeit im Allgemeinen zu sch\u00fctzen.<br \/>\nWenn Sie ein registrierter Benutzer von http:\/\/thisismadeiraisland.com sind und Ihre E-Mail-Adresse angegeben haben, kann die Insel Madeira Ihnen von Zeit zu Zeit eine E-Mail schicken, um Sie \u00fcber neue Funktionen zu informieren, Ihr Feedback einzuholen oder Sie einfach nur auf dem Laufenden zu halten, was mit der Insel Madeira und unseren Produkten geschieht. Wir verwenden in erster Linie unseren Blog, um diese Art von Informationen zu \u00fcbermitteln, daher erwarten wir, dass wir diese Art von E-Mails auf ein Minimum beschr\u00e4nken. Wenn Sie uns eine Anfrage schicken (z.B. \u00fcber eine Support-E-Mail oder \u00fcber einen unserer Feedback-Mechanismen), behalten wir uns das Recht vor, diese zu ver\u00f6ffentlichen, um uns zu helfen, Ihre Anfrage zu kl\u00e4ren oder zu beantworten oder um uns zu helfen, andere Benutzer zu unterst\u00fctzen. This is Madeira Island ergreift alle notwendigen Ma\u00dfnahmen, um sich gegen den unbefugten Zugriff, die Verwendung, die Ver\u00e4nderung oder die Zerst\u00f6rung von potenziell pers\u00f6nlich identifizierenden Informationen zu sch\u00fctzen.<\/p>\n<p><!-- \/wp:paragraph --> <!-- wp:paragraph --><\/p>\n<p><strong>- Offenlegung von Partnerschaften<\/strong><br \/>\nDiese Website verwendet Affiliate-Links und erh\u00e4lt f\u00fcr bestimmte Links eine Provision. Dies hat keinen Einfluss auf Ihre Eink\u00e4ufe oder den Preis, den Sie m\u00f6glicherweise zahlen.<\/p>\n<p><!-- \/wp:paragraph --> <!-- wp:paragraph --><\/p>\n<p><strong>- Kekse<\/strong><br \/>\nUm Ihr Online-Erlebnis zu bereichern und zu perfektionieren, verwendet This is Madeira Island \u201cCookies\u201d, \u00e4hnliche Technologien und Dienste, die von anderen bereitgestellt werden, um personalisierte Inhalte und geeignete Werbung anzuzeigen und Ihre Pr\u00e4ferenzen auf Ihrem Computer zu speichern.<br \/>\nEin Cookie ist eine Zeichenfolge von Informationen, die eine Website auf dem Computer eines Besuchers speichert und die der Browser des Besuchers der Website jedes Mal zur Verf\u00fcgung stellt, wenn der Besucher zur\u00fcckkehrt. This is Madeira Island verwendet Cookies, um This is Madeira Island dabei zu helfen, Besucher zu identifizieren und zu verfolgen, ihre Nutzung von http:\/\/thisismadeiraisland.com und ihre Zugriffspr\u00e4ferenzen auf die Website. Besucher von This is Madeira Island, die nicht m\u00f6chten, dass Cookies auf ihren Computern platziert werden, sollten ihren Browser so einstellen, dass er Cookies ablehnt, bevor sie die Websites von This is Madeira Island nutzen, mit dem Nachteil, dass bestimmte Funktionen der Websites von This is Madeira Island ohne die Hilfe von Cookies nicht richtig funktionieren.<br \/>\nIndem Sie auf unserer Website weiternavigieren, ohne Ihre Cookie-Einstellungen zu \u00e4ndern, erkl\u00e4ren Sie sich mit der Verwendung von Cookies durch This is Madeira Island einverstanden.<\/p>\n<p><!-- \/wp:paragraph --> <!-- wp:paragraph --><\/p>\n<p><strong>- E-Commerce<\/strong><br \/>\nDiejenigen, die Transaktionen mit This is Madeira Island durchf\u00fchren - durch den Kauf von This is Madeira Island's Dienstleistungen oder Produkten - werden gebeten, zus\u00e4tzliche Informationen zur Verf\u00fcgung zu stellen, einschlie\u00dflich der pers\u00f6nlichen und finanziellen Informationen, die f\u00fcr die Abwicklung dieser Transaktionen erforderlich sind. In jedem Fall sammelt This is Madeira Island solche Informationen nur insoweit, wie es notwendig oder angemessen ist, um den Zweck der Interaktion des Besuchers mit This is Madeira Island zu erf\u00fcllen. This is Madeira Island gibt keine pers\u00f6nlich identifizierenden Informationen weiter, au\u00dfer wie unten beschrieben. Und die Besucher k\u00f6nnen sich jederzeit weigern, pers\u00f6nlich identifizierende Informationen zur Verf\u00fcgung zu stellen, mit dem Vorbehalt, dass dies sie daran hindern kann, an bestimmten Website-bezogenen Aktivit\u00e4ten teilzunehmen.<\/p>\n<p><!-- \/wp:paragraph --> <!-- wp:paragraph --><\/p>\n<p><strong>\u00c4nderungen der Datenschutzrichtlinie<\/strong><br \/>\nObwohl die meisten \u00c4nderungen wahrscheinlich geringf\u00fcgig sind, kann die Insel Madeira ihre Datenschutzpolitik von Zeit zu Zeit und nach eigenem Ermessen \u00e4ndern. Die Insel Madeira ermutigt ihre Besucher, diese Seite regelm\u00e4\u00dfig auf \u00c4nderungen der Datenschutzrichtlinien zu \u00fcberpr\u00fcfen. Wenn Sie diese Seite nach einer \u00c4nderung der Datenschutzpolitik weiterhin nutzen, erkl\u00e4ren Sie sich mit dieser \u00c4nderung einverstanden.<\/p>\n<p><!-- \/wp:paragraph --> <!-- wp:paragraph --><\/p>\n<p><em>Letzte Aktualisierung, Februar 2020<\/em><\/p>\n<p><!-- \/wp:paragraph --><\/p>\n    <\/div><!-- end container -->\n<\/section><!-- end text_content_area -->","protected":false},"excerpt":{"rendered":"","protected":false},"author":1,"featured_media":0,"parent":0,"menu_order":0,"comment_status":"closed","ping_status":"closed","template":"","meta":{"_acf_changed":false,"footnotes":""},"class_list":["post-241","page","type-page","status-publish","hentry"],"acf":[],"yoast_head":"<!-- This site is optimized with the Yoast SEO plugin v27.4 - https:\/\/yoast.com\/product\/yoast-seo-wordpress\/ -->\n<title>Privacy Policy &amp; Cookies - Thisismadeiraisland<\/title>\n<meta name=\"robots\" content=\"index, follow, max-snippet:-1, max-image-preview:large, max-video-preview:-1\" \/>\n<link rel=\"canonical\" href=\"https:\/\/thisismadeiraisland.com\/de\/privacy-and-cookies\/\" \/>\n<meta property=\"og:locale\" content=\"de_DE\" \/>\n<meta property=\"og:type\" content=\"article\" \/>\n<meta property=\"og:title\" content=\"Privacy Policy &amp; Cookies - Thisismadeiraisland\" \/>\n<meta property=\"og:url\" content=\"https:\/\/thisismadeiraisland.com\/de\/privacy-and-cookies\/\" \/>\n<meta property=\"og:site_name\" content=\"Thisismadeiraisland\" \/>\n<meta property=\"article:modified_time\" content=\"2025-06-06T13:54:30+00:00\" \/>\n<meta name=\"twitter:card\" content=\"summary_large_image\" \/>\n<script type=\"application\/ld+json\" class=\"yoast-schema-graph\">{\"@context\":\"https:\\\/\\\/schema.org\",\"@graph\":[{\"@type\":\"WebPage\",\"@id\":\"https:\\\/\\\/thisismadeiraisland.com\\\/privacy-and-cookies\\\/\",\"url\":\"https:\\\/\\\/thisismadeiraisland.com\\\/privacy-and-cookies\\\/\",\"name\":\"Privacy Policy &amp; Cookies - Thisismadeiraisland\",\"isPartOf\":{\"@id\":\"https:\\\/\\\/thisismadeiraisland.com\\\/#website\"},\"datePublished\":\"2025-03-20T11:26:11+00:00\",\"dateModified\":\"2025-06-06T13:54:30+00:00\",\"breadcrumb\":{\"@id\":\"https:\\\/\\\/thisismadeiraisland.com\\\/privacy-and-cookies\\\/#breadcrumb\"},\"inLanguage\":\"de\",\"potentialAction\":[{\"@type\":\"ReadAction\",\"target\":[\"https:\\\/\\\/thisismadeiraisland.com\\\/privacy-and-cookies\\\/\"]}]},{\"@type\":\"BreadcrumbList\",\"@id\":\"https:\\\/\\\/thisismadeiraisland.com\\\/privacy-and-cookies\\\/#breadcrumb\",\"itemListElement\":[{\"@type\":\"ListItem\",\"position\":1,\"name\":\"Home\",\"item\":\"https:\\\/\\\/thisismadeiraisland.com\\\/\"},{\"@type\":\"ListItem\",\"position\":2,\"name\":\"Privacy Policy &amp; Cookies\"}]},{\"@type\":\"WebSite\",\"@id\":\"https:\\\/\\\/thisismadeiraisland.com\\\/#website\",\"url\":\"https:\\\/\\\/thisismadeiraisland.com\\\/\",\"name\":\"Thisismadeiraisland\",\"description\":\"Thisismadeiraisland\",\"potentialAction\":[{\"@type\":\"SearchAction\",\"target\":{\"@type\":\"EntryPoint\",\"urlTemplate\":\"https:\\\/\\\/thisismadeiraisland.com\\\/?s={search_term_string}\"},\"query-input\":{\"@type\":\"PropertyValueSpecification\",\"valueRequired\":true,\"valueName\":\"search_term_string\"}}],\"inLanguage\":\"de\"}]}<\/script>\n<!-- \/ Yoast SEO plugin. -->","yoast_head_json":{"title":"Datenschutz &amp; Cookies - Thisismadeiraisland","robots":{"index":"index","follow":"follow","max-snippet":"max-snippet:-1","max-image-preview":"max-image-preview:large","max-video-preview":"max-video-preview:-1"},"canonical":"https:\/\/thisismadeiraisland.com\/de\/privacy-and-cookies\/","og_locale":"de_DE","og_type":"article","og_title":"Privacy Policy &amp; Cookies - Thisismadeiraisland","og_url":"https:\/\/thisismadeiraisland.com\/de\/privacy-and-cookies\/","og_site_name":"Thisismadeiraisland","article_modified_time":"2025-06-06T13:54:30+00:00","twitter_card":"summary_large_image","schema":{"@context":"https:\/\/schema.org","@graph":[{"@type":"WebPage","@id":"https:\/\/thisismadeiraisland.com\/privacy-and-cookies\/","url":"https:\/\/thisismadeiraisland.com\/privacy-and-cookies\/","name":"Datenschutz &amp; Cookies - Thisismadeiraisland","isPartOf":{"@id":"https:\/\/thisismadeiraisland.com\/#website"},"datePublished":"2025-03-20T11:26:11+00:00","dateModified":"2025-06-06T13:54:30+00:00","breadcrumb":{"@id":"https:\/\/thisismadeiraisland.com\/privacy-and-cookies\/#breadcrumb"},"inLanguage":"de","potentialAction":[{"@type":"ReadAction","target":["https:\/\/thisismadeiraisland.com\/privacy-and-cookies\/"]}]},{"@type":"BreadcrumbList","@id":"https:\/\/thisismadeiraisland.com\/privacy-and-cookies\/#breadcrumb","itemListElement":[{"@type":"ListItem","position":1,"name":"Home","item":"https:\/\/thisismadeiraisland.com\/"},{"@type":"ListItem","position":2,"name":"Privacy Policy &amp; Cookies"}]},{"@type":"WebSite","@id":"https:\/\/thisismadeiraisland.com\/#website","url":"https:\/\/thisismadeiraisland.com\/","name":"Dies ist die Insel Madeira","description":"Dies ist die Insel Madeira","potentialAction":[{"@type":"SearchAction","target":{"@type":"EntryPoint","urlTemplate":"https:\/\/thisismadeiraisland.com\/?s={search_term_string}"},"query-input":{"@type":"PropertyValueSpecification","valueRequired":true,"valueName":"search_term_string"}}],"inLanguage":"de"}]}},"_links":{"self":[{"href":"https:\/\/thisismadeiraisland.com\/de\/wp-json\/wp\/v2\/pages\/241","targetHints":{"allow":["GET"]}}],"collection":[{"href":"https:\/\/thisismadeiraisland.com\/de\/wp-json\/wp\/v2\/pages"}],"about":[{"href":"https:\/\/thisismadeiraisland.com\/de\/wp-json\/wp\/v2\/types\/page"}],"author":[{"embeddable":true,"href":"https:\/\/thisismadeiraisland.com\/de\/wp-json\/wp\/v2\/users\/1"}],"replies":[{"embeddable":true,"href":"https:\/\/thisismadeiraisland.com\/de\/wp-json\/wp\/v2\/comments?post=241"}],"version-history":[{"count":0,"href":"https:\/\/thisismadeiraisland.com\/de\/wp-json\/wp\/v2\/pages\/241\/revisions"}],"wp:attachment":[{"href":"https:\/\/thisismadeiraisland.com\/de\/wp-json\/wp\/v2\/media?parent=241"}],"curies":[{"name":"wp","href":"https:\/\/api.w.org\/{rel}","templated":true}]}}