{"id":239,"date":"2025-03-20T11:26:01","date_gmt":"2025-03-20T11:26:01","guid":{"rendered":"https:\/\/thisismadeiraisland.com\/?page_id=239"},"modified":"2025-06-17T14:19:10","modified_gmt":"2025-06-17T14:19:10","slug":"faqs","status":"publish","type":"page","link":"https:\/\/thisismadeiraisland.com\/es\/faqs\/","title":{"rendered":"Preguntas frecuentes"},"content":{"rendered":"<section class=\"page-banner\" id=\"page-banner\">\n    <div class=\"container\">\n                    <h1 class=\"page-banner__title\">Preguntas frecuentes sobre el viaje a Madeira<\/h1>\n            <\/div>\n<\/section>\n\n<style>\n    .page-banner {\n        background-image: url('\/wp-content\/uploads\/2025\/05\/porto-moniz.jpg');\n    }\n\n    @media (min-width: 768px) {\n        .page-banner {\n            background-image: url('\/wp-content\/uploads\/2025\/05\/porto-moniz-1024x371.jpg');\n        }\n    }\n<\/style>\n\n\n<section class=\"faqs\">\n    <div class=\"faqs_bg\">\n        <img decoding=\"async\" src=\"\" alt=\"\" aria-hidden=\"true\">\n    <\/div>\n    <div class=\"container\">\n\n        <h2 class=\"title\">Preguntas frecuentes<\/h2>\n\n                    <div class=\"faqs_list\">\n\n                                    <div class=\"faq_item\">\n                        <div class=\"question\">\n                            <h3>\u00bfCu\u00e1l es la mejor \u00e9poca para visitar Madeira?<\/h3>\n                            <span class=\"faq_icon\">\n\n                                <svg class=\"faq_icon_minus\" width=\"11\" height=\"1\" viewbox=\"0 0 11 1\" fill=\"none\" xmlns=\"http:\/\/www.w3.org\/2000\/svg\">\n                                    <rect x=\"11\" width=\"1\" height=\"11\" rx=\"0.5\" transform=\"rotate(90 11 0)\" fill=\"#F73939\"><\/rect>\n                                <\/svg>\n\n                                <svg class=\"faq_icon_plus\" width=\"11\" height=\"11\" viewbox=\"0 0 11 11\" fill=\"none\" xmlns=\"http:\/\/www.w3.org\/2000\/svg\">\n                                    <rect x=\"5\" width=\"1\" height=\"11\" rx=\"0.5\" fill=\"#F73939\"><\/rect>\n                                    <rect x=\"11\" y=\"5\" width=\"1\" height=\"11\" rx=\"0.5\" transform=\"rotate(90 11 5)\" fill=\"#F73939\"><\/rect>\n                                <\/svg>\n                            <\/span>\n                        <\/div>\n                        <div class=\"answer\" aria-expanded=\"false\"><p>Madeira es un destino para todo el a\u00f1o gracias a su clima subtropical templado. Sin embargo, la primavera y el principio del verano (de marzo a junio) son ideales para disfrutar de las flores y las actividades al aire libre.<\/p>\n<\/div>\n                    <\/div>\n                                    <div class=\"faq_item\">\n                        <div class=\"question\">\n                            <h3>\u00bfNecesito visado para viajar a Madeira?<\/h3>\n                            <span class=\"faq_icon\">\n\n                                <svg class=\"faq_icon_minus\" width=\"11\" height=\"1\" viewbox=\"0 0 11 1\" fill=\"none\" xmlns=\"http:\/\/www.w3.org\/2000\/svg\">\n                                    <rect x=\"11\" width=\"1\" height=\"11\" rx=\"0.5\" transform=\"rotate(90 11 0)\" fill=\"#F73939\"><\/rect>\n                                <\/svg>\n\n                                <svg class=\"faq_icon_plus\" width=\"11\" height=\"11\" viewbox=\"0 0 11 11\" fill=\"none\" xmlns=\"http:\/\/www.w3.org\/2000\/svg\">\n                                    <rect x=\"5\" width=\"1\" height=\"11\" rx=\"0.5\" fill=\"#F73939\"><\/rect>\n                                    <rect x=\"11\" y=\"5\" width=\"1\" height=\"11\" rx=\"0.5\" transform=\"rotate(90 11 5)\" fill=\"#F73939\"><\/rect>\n                                <\/svg>\n                            <\/span>\n                        <\/div>\n                        <div class=\"answer\" aria-expanded=\"false\"><p>Madeira forma parte de Portugal, pa\u00eds miembro del Espacio Schengen. Los visitantes de muchos pa\u00edses pueden permanecer sin visado hasta 90 d\u00edas. Compruebe los requisitos de su pa\u00eds antes de viajar.<\/p>\n<\/div>\n                    <\/div>\n                                    <div class=\"faq_item\">\n                        <div class=\"question\">\n                            <h3>\u00bfQu\u00e9 actividades puedo hacer en Madeira?<\/h3>\n                            <span class=\"faq_icon\">\n\n                                <svg class=\"faq_icon_minus\" width=\"11\" height=\"1\" viewbox=\"0 0 11 1\" fill=\"none\" xmlns=\"http:\/\/www.w3.org\/2000\/svg\">\n                                    <rect x=\"11\" width=\"1\" height=\"11\" rx=\"0.5\" transform=\"rotate(90 11 0)\" fill=\"#F73939\"><\/rect>\n                                <\/svg>\n\n                                <svg class=\"faq_icon_plus\" width=\"11\" height=\"11\" viewbox=\"0 0 11 11\" fill=\"none\" xmlns=\"http:\/\/www.w3.org\/2000\/svg\">\n                                    <rect x=\"5\" width=\"1\" height=\"11\" rx=\"0.5\" fill=\"#F73939\"><\/rect>\n                                    <rect x=\"11\" y=\"5\" width=\"1\" height=\"11\" rx=\"0.5\" transform=\"rotate(90 11 5)\" fill=\"#F73939\"><\/rect>\n                                <\/svg>\n                            <\/span>\n                        <\/div>\n                        <div class=\"answer\" aria-expanded=\"false\"><p>Madeira ofrece senderismo, avistamiento de ballenas, parapente, barranquismo y exploraci\u00f3n de su bosque de Laurisilva, declarado Patrimonio de la Humanidad por la UNESCO. No se pierda las rutas de levada y las experiencias culturales de Funchal.<\/p>\n<\/div>\n                    <\/div>\n                                    <div class=\"faq_item\">\n                        <div class=\"question\">\n                            <h3>\u00bfEs Madeira adecuada para familias?<\/h3>\n                            <span class=\"faq_icon\">\n\n                                <svg class=\"faq_icon_minus\" width=\"11\" height=\"1\" viewbox=\"0 0 11 1\" fill=\"none\" xmlns=\"http:\/\/www.w3.org\/2000\/svg\">\n                                    <rect x=\"11\" width=\"1\" height=\"11\" rx=\"0.5\" transform=\"rotate(90 11 0)\" fill=\"#F73939\"><\/rect>\n                                <\/svg>\n\n                                <svg class=\"faq_icon_plus\" width=\"11\" height=\"11\" viewbox=\"0 0 11 11\" fill=\"none\" xmlns=\"http:\/\/www.w3.org\/2000\/svg\">\n                                    <rect x=\"5\" width=\"1\" height=\"11\" rx=\"0.5\" fill=\"#F73939\"><\/rect>\n                                    <rect x=\"11\" y=\"5\" width=\"1\" height=\"11\" rx=\"0.5\" transform=\"rotate(90 11 5)\" fill=\"#F73939\"><\/rect>\n                                <\/svg>\n                            <\/span>\n                        <\/div>\n                        <div class=\"answer\" aria-expanded=\"false\"><p>Por supuesto. Madeira ofrece actividades para todas las edades, como senderismo, avistamiento de delfines, jardines bot\u00e1nicos y playas de arena como Porto Santo.<\/p>\n<\/div>\n                    <\/div>\n                                    <div class=\"faq_item\">\n                        <div class=\"question\">\n                            <h3>\u00bfPor qu\u00e9 es famosa Madeira?<\/h3>\n                            <span class=\"faq_icon\">\n\n                                <svg class=\"faq_icon_minus\" width=\"11\" height=\"1\" viewbox=\"0 0 11 1\" fill=\"none\" xmlns=\"http:\/\/www.w3.org\/2000\/svg\">\n                                    <rect x=\"11\" width=\"1\" height=\"11\" rx=\"0.5\" transform=\"rotate(90 11 0)\" fill=\"#F73939\"><\/rect>\n                                <\/svg>\n\n                                <svg class=\"faq_icon_plus\" width=\"11\" height=\"11\" viewbox=\"0 0 11 11\" fill=\"none\" xmlns=\"http:\/\/www.w3.org\/2000\/svg\">\n                                    <rect x=\"5\" width=\"1\" height=\"11\" rx=\"0.5\" fill=\"#F73939\"><\/rect>\n                                    <rect x=\"11\" y=\"5\" width=\"1\" height=\"11\" rx=\"0.5\" transform=\"rotate(90 11 5)\" fill=\"#F73939\"><\/rect>\n                                <\/svg>\n                            <\/span>\n                        <\/div>\n                        <div class=\"answer\" aria-expanded=\"false\"><p>Madeira es famosa por su belleza natural, el vino de Madeira, los paseos en levada y festivales como la Fiesta de las Flores y los fuegos artificiales de A\u00f1o Nuevo. Tambi\u00e9n se la llama la \u201cIsla de la Eterna Primavera\u201d.\u201d<\/p>\n<\/div>\n                    <\/div>\n                \n            <\/div>\n        \n    <\/div>\n\n    <script>\n        document.querySelectorAll('.question').forEach(function(button) {\n            button.addEventListener('click', function() {\n                const faqItem = button.closest('.faq_item');\n                const content = faqItem.querySelector('.answer');\n                const isExpanded = button.getAttribute('aria-expanded') === 'true';\n\n                button.setAttribute('aria-expanded', !isExpanded);\n                content.setAttribute('aria-hidden', isExpanded);\n\n                faqItem.classList.toggle('active');\n            });\n        });\n    <\/script>\n<\/section>","protected":false},"excerpt":{"rendered":"","protected":false},"author":1,"featured_media":0,"parent":0,"menu_order":0,"comment_status":"closed","ping_status":"closed","template":"","meta":{"_acf_changed":false,"footnotes":""},"class_list":["post-239","page","type-page","status-publish","hentry"],"acf":[],"yoast_head":"<!-- This site is optimized with the Yoast SEO plugin v27.3 - https:\/\/yoast.com\/product\/yoast-seo-wordpress\/ -->\n<title>FAQ\u2019s - Thisismadeiraisland<\/title>\n<meta name=\"robots\" content=\"index, follow, max-snippet:-1, max-image-preview:large, max-video-preview:-1\" \/>\n<link rel=\"canonical\" href=\"https:\/\/thisismadeiraisland.com\/es\/faqs\/\" \/>\n<meta property=\"og:locale\" content=\"es_ES\" \/>\n<meta property=\"og:type\" content=\"article\" \/>\n<meta property=\"og:title\" content=\"FAQ\u2019s - Thisismadeiraisland\" \/>\n<meta property=\"og:url\" content=\"https:\/\/thisismadeiraisland.com\/es\/faqs\/\" \/>\n<meta property=\"og:site_name\" content=\"Thisismadeiraisland\" \/>\n<meta property=\"article:modified_time\" content=\"2025-06-17T14:19:10+00:00\" \/>\n<meta name=\"twitter:card\" content=\"summary_large_image\" \/>\n<script type=\"application\/ld+json\" class=\"yoast-schema-graph\">{\"@context\":\"https:\\\/\\\/schema.org\",\"@graph\":[{\"@type\":\"WebPage\",\"@id\":\"https:\\\/\\\/thisismadeiraisland.com\\\/faqs\\\/\",\"url\":\"https:\\\/\\\/thisismadeiraisland.com\\\/faqs\\\/\",\"name\":\"FAQ\u2019s - Thisismadeiraisland\",\"isPartOf\":{\"@id\":\"https:\\\/\\\/thisismadeiraisland.com\\\/#website\"},\"datePublished\":\"2025-03-20T11:26:01+00:00\",\"dateModified\":\"2025-06-17T14:19:10+00:00\",\"breadcrumb\":{\"@id\":\"https:\\\/\\\/thisismadeiraisland.com\\\/faqs\\\/#breadcrumb\"},\"inLanguage\":\"es\",\"potentialAction\":[{\"@type\":\"ReadAction\",\"target\":[\"https:\\\/\\\/thisismadeiraisland.com\\\/faqs\\\/\"]}]},{\"@type\":\"BreadcrumbList\",\"@id\":\"https:\\\/\\\/thisismadeiraisland.com\\\/faqs\\\/#breadcrumb\",\"itemListElement\":[{\"@type\":\"ListItem\",\"position\":1,\"name\":\"Home\",\"item\":\"https:\\\/\\\/thisismadeiraisland.com\\\/\"},{\"@type\":\"ListItem\",\"position\":2,\"name\":\"FAQ\u2019s\"}]},{\"@type\":\"WebSite\",\"@id\":\"https:\\\/\\\/thisismadeiraisland.com\\\/#website\",\"url\":\"https:\\\/\\\/thisismadeiraisland.com\\\/\",\"name\":\"Thisismadeiraisland\",\"description\":\"Thisismadeiraisland\",\"potentialAction\":[{\"@type\":\"SearchAction\",\"target\":{\"@type\":\"EntryPoint\",\"urlTemplate\":\"https:\\\/\\\/thisismadeiraisland.com\\\/?s={search_term_string}\"},\"query-input\":{\"@type\":\"PropertyValueSpecification\",\"valueRequired\":true,\"valueName\":\"search_term_string\"}}],\"inLanguage\":\"es\"}]}<\/script>\n<!-- \/ Yoast SEO plugin. -->","yoast_head_json":{"title":"Preguntas frecuentes - Thisismadeiraisland","robots":{"index":"index","follow":"follow","max-snippet":"max-snippet:-1","max-image-preview":"max-image-preview:large","max-video-preview":"max-video-preview:-1"},"canonical":"https:\/\/thisismadeiraisland.com\/es\/faqs\/","og_locale":"es_ES","og_type":"article","og_title":"FAQ\u2019s - Thisismadeiraisland","og_url":"https:\/\/thisismadeiraisland.com\/es\/faqs\/","og_site_name":"Thisismadeiraisland","article_modified_time":"2025-06-17T14:19:10+00:00","twitter_card":"summary_large_image","schema":{"@context":"https:\/\/schema.org","@graph":[{"@type":"WebPage","@id":"https:\/\/thisismadeiraisland.com\/faqs\/","url":"https:\/\/thisismadeiraisland.com\/faqs\/","name":"Preguntas frecuentes - Thisismadeiraisland","isPartOf":{"@id":"https:\/\/thisismadeiraisland.com\/#website"},"datePublished":"2025-03-20T11:26:01+00:00","dateModified":"2025-06-17T14:19:10+00:00","breadcrumb":{"@id":"https:\/\/thisismadeiraisland.com\/faqs\/#breadcrumb"},"inLanguage":"es","potentialAction":[{"@type":"ReadAction","target":["https:\/\/thisismadeiraisland.com\/faqs\/"]}]},{"@type":"BreadcrumbList","@id":"https:\/\/thisismadeiraisland.com\/faqs\/#breadcrumb","itemListElement":[{"@type":"ListItem","position":1,"name":"Home","item":"https:\/\/thisismadeiraisland.com\/"},{"@type":"ListItem","position":2,"name":"FAQ\u2019s"}]},{"@type":"WebSite","@id":"https:\/\/thisismadeiraisland.com\/#website","url":"https:\/\/thisismadeiraisland.com\/","name":"Estaismadeiraisland","description":"Estaismadeiraisland","potentialAction":[{"@type":"SearchAction","target":{"@type":"EntryPoint","urlTemplate":"https:\/\/thisismadeiraisland.com\/?s={search_term_string}"},"query-input":{"@type":"PropertyValueSpecification","valueRequired":true,"valueName":"search_term_string"}}],"inLanguage":"es"}]}},"_links":{"self":[{"href":"https:\/\/thisismadeiraisland.com\/es\/wp-json\/wp\/v2\/pages\/239","targetHints":{"allow":["GET"]}}],"collection":[{"href":"https:\/\/thisismadeiraisland.com\/es\/wp-json\/wp\/v2\/pages"}],"about":[{"href":"https:\/\/thisismadeiraisland.com\/es\/wp-json\/wp\/v2\/types\/page"}],"author":[{"embeddable":true,"href":"https:\/\/thisismadeiraisland.com\/es\/wp-json\/wp\/v2\/users\/1"}],"replies":[{"embeddable":true,"href":"https:\/\/thisismadeiraisland.com\/es\/wp-json\/wp\/v2\/comments?post=239"}],"version-history":[{"count":0,"href":"https:\/\/thisismadeiraisland.com\/es\/wp-json\/wp\/v2\/pages\/239\/revisions"}],"wp:attachment":[{"href":"https:\/\/thisismadeiraisland.com\/es\/wp-json\/wp\/v2\/media?parent=239"}],"curies":[{"name":"wp","href":"https:\/\/api.w.org\/{rel}","templated":true}]}}