{"id":241,"date":"2025-03-20T11:26:11","date_gmt":"2025-03-20T11:26:11","guid":{"rendered":"https:\/\/thisismadeiraisland.com\/?page_id=241"},"modified":"2025-06-06T13:54:30","modified_gmt":"2025-06-06T13:54:30","slug":"privacy-and-cookies","status":"publish","type":"page","link":"https:\/\/thisismadeiraisland.com\/fi\/privacy-and-cookies\/","title":{"rendered":"Tietosuojak\u00e4yt\u00e4nt\u00f6 &amp; ev\u00e4steet"},"content":{"rendered":"<section class=\"page-banner\" id=\"page-banner\">\n    <div class=\"container\">\n                    <h1 class=\"page-banner__title\">Tietosuojak\u00e4yt\u00e4nt\u00f6<\/h1>\n            <\/div>\n<\/section>\n\n<style>\n    .page-banner {\n        background-image: url('\/wp-content\/uploads\/2025\/06\/balcoes-Madeira-Island-02.webp');\n    }\n\n    @media (min-width: 768px) {\n        .page-banner {\n            background-image: url('\/wp-content\/uploads\/2025\/06\/balcoes-Madeira-Island-02-1024x417.webp');\n        }\n    }\n<\/style>\n\n\n<p><\/p>\n\n\n<section class=\"text_content_area\">\n    <div class=\"container\">\n        <p><!-- wp:paragraph --><\/p>\n<p><strong>Yksityisyytesi on meille t\u00e4rke\u00e4\u00e4. Arvostamme luottamustasi ja olemme sitoutuneet suojelemaan ja turvaamaan kaikki meille antamasi henkil\u00f6tiedot. T\u00e4ss\u00e4 asiakirjassa, jota p\u00e4ivit\u00e4mme aika ajoin, kuvataan, miten k\u00e4yt\u00e4mme ja k\u00e4sittelemme henkil\u00f6tietojasi ja miten k\u00e4yt\u00e4mme ev\u00e4steit\u00e4. Siin\u00e4 kerrotaan my\u00f6s, miten voit ottaa meihin yhteytt\u00e4, jos sinulla on kysytt\u00e4v\u00e4\u00e4 henkil\u00f6tiedoistasi.<\/strong><\/p>\n<p><!-- \/wp:paragraph --> <!-- wp:paragraph --><\/p>\n<p><strong>This is Madeira Island tarjoaa online-matkapalveluja omien verkkosivustojensa ja mobiilisovellustensa sek\u00e4 muiden verkkoalustojen, kuten yhteisty\u00f6kumppaneiden verkkosivustojen ja sosiaalisen median, kautta. Seuraavat tiedot koskevat kaikkia n\u00e4it\u00e4 alustoja.<\/strong><\/p>\n<p><!-- \/wp:paragraph --> <!-- wp:paragraph --><\/p>\n<p>This is Madeira Island:n politiikkana on kunnioittaa yksityisyytt\u00e4nne kaikista tiedoista, joita voimme ker\u00e4t\u00e4 verkkosivustomme k\u00e4yt\u00f6n aikana. T\u00e4m\u00e4 tietosuojak\u00e4yt\u00e4nt\u00f6 koskee www.thisismadeiraisland.com (j\u00e4ljemp\u00e4n\u00e4 \u201cme\u201d, \u201cme\u201d tai \u201cwww.thisismadeiraisland.com\u201d). Kunnioitamme yksityisyytt\u00e4si ja olemme sitoutuneet suojelemaan henkil\u00f6kohtaisesti tunnistettavia tietoja, joita saatat antaa meille verkkosivuston kautta. Olemme hyv\u00e4ksyneet t\u00e4m\u00e4n tietosuojak\u00e4yt\u00e4nn\u00f6n (\u201cTietosuojak\u00e4yt\u00e4nt\u00f6\u201d) selitt\u00e4\u00e4ksemme, mit\u00e4 tietoja verkkosivustollamme voidaan ker\u00e4t\u00e4, miten k\u00e4yt\u00e4mme n\u00e4it\u00e4 tietoja ja miss\u00e4 olosuhteissa voimme luovuttaa tietoja kolmansille osapuolille. T\u00e4t\u00e4 tietosuojak\u00e4yt\u00e4nt\u00f6\u00e4 sovelletaan vain Verkkosivuston kautta ker\u00e4\u00e4miimme tietoihin, eik\u00e4 sit\u00e4 sovelleta muista l\u00e4hteist\u00e4 ker\u00e4\u00e4miimme tietoihin.<br \/>\nT\u00e4m\u00e4 tietosuojak\u00e4yt\u00e4nt\u00f6 yhdess\u00e4 verkkosivustollamme julkaistujen ehtojen kanssa m\u00e4\u00e4ritt\u00e4\u00e4 yleiset s\u00e4\u00e4nn\u00f6t ja k\u00e4yt\u00e4nn\u00f6t, jotka koskevat verkkosivustomme k\u00e4ytt\u00f6\u00e4. Riippuen siit\u00e4, miten vierailet verkkosivustollamme, sinua saatetaan vaatia hyv\u00e4ksym\u00e4\u00e4n lis\u00e4ehtoja.<\/p>\n<p><!-- \/wp:paragraph --> <!-- wp:paragraph --><\/p>\n<p><strong>- Verkkosivuston k\u00e4vij\u00e4t<\/strong><br \/>\nKuten useimmat verkkosivujen yll\u00e4pit\u00e4j\u00e4t, This is Madeira Island ker\u00e4\u00e4 muita kuin henkil\u00f6kohtaisia tietoja, joita verkkoselaimet ja palvelimet tyypillisesti antavat k\u00e4ytt\u00f6\u00f6n, kuten selaimen tyyppi, kieliasetukset, viittaussivusto sek\u00e4 kunkin vierailijan pyynn\u00f6n p\u00e4iv\u00e4m\u00e4\u00e4r\u00e4 ja kellonaika. This is Madeira Island:n tarkoituksena on ker\u00e4t\u00e4 muita kuin henkil\u00f6kohtaisia tunnistetietoja ymm\u00e4rt\u00e4\u00e4kseen paremmin, miten This is Madeira Island:n k\u00e4vij\u00e4t k\u00e4ytt\u00e4v\u00e4t sen verkkosivustoa. Ajoittain This is Madeira Island voi julkaista muita kuin henkil\u00f6kohtaisia tunnistetietoja kokonaisuutena, esimerkiksi julkaisemalla raportin verkkosivustonsa k\u00e4yt\u00f6n kehityksest\u00e4.<br \/>\nThis is Madeira Island ker\u00e4\u00e4 my\u00f6s mahdollisesti henkil\u00f6kohtaisia tietoja, kuten Internet Protocol (IP) -osoitteita kirjautuneilta k\u00e4ytt\u00e4jilt\u00e4 ja k\u00e4ytt\u00e4jilt\u00e4, jotka j\u00e4tt\u00e4v\u00e4t kommentteja http:\/\/thisismadeiraisland.com -blogiviesteihin. This is Madeira Island paljastaa kirjautuneiden k\u00e4ytt\u00e4jien ja kommentoijien IP-osoitteet vain samoissa olosuhteissa, joissa se k\u00e4ytt\u00e4\u00e4 ja paljastaa henkil\u00f6kohtaisia tunnistetietoja alla kuvatulla tavalla.<\/p>\n<p><!-- \/wp:paragraph --> <!-- wp:paragraph --><\/p>\n<p><strong>- Henkil\u00f6kohtaisten tietojen ker\u00e4\u00e4minen<\/strong><br \/>\nTietyt This is Madeira Island:n verkkosivustojen k\u00e4vij\u00e4t haluavat olla vuorovaikutuksessa This is Madeira Island:n kanssa tavoilla, jotka edellytt\u00e4v\u00e4t This is Madeira Island:n ker\u00e4\u00e4v\u00e4n henkil\u00f6kohtaisesti tunnistettavia tietoja. This is Madeira Island:n ker\u00e4\u00e4mien tietojen m\u00e4\u00e4r\u00e4 ja tyyppi riippuu vuorovaikutuksen luonteesta. Pyyd\u00e4mme esimerkiksi k\u00e4vij\u00f6it\u00e4, jotka rekister\u00f6ityv\u00e4t blogiin osoitteessa http:\/\/thisismadeiraisland.com, antamaan k\u00e4ytt\u00e4j\u00e4tunnuksen ja s\u00e4hk\u00f6postiosoitteen.<\/p>\n<p><!-- \/wp:paragraph --> <!-- wp:paragraph --><\/p>\n<p><strong>- Turvallisuus<\/strong><br \/>\nHenkil\u00f6kohtaisten tietojesi turvallisuus on meille t\u00e4rke\u00e4\u00e4, mutta muista, ett\u00e4 mik\u00e4\u00e4n Internetin v\u00e4lityksell\u00e4 tapahtuva siirtomenetelm\u00e4 tai s\u00e4hk\u00f6inen tallennusmenetelm\u00e4 ei ole 100% turvallinen. Vaikka pyrimme k\u00e4ytt\u00e4m\u00e4\u00e4n kaupallisesti hyv\u00e4ksytt\u00e4vi\u00e4 keinoja henkil\u00f6tietojesi suojaamiseksi, emme voi taata niiden ehdotonta turvallisuutta.<\/p>\n<p><!-- \/wp:paragraph --> <!-- wp:paragraph --><\/p>\n<p><strong>- Mainokset<\/strong><br \/>\nVerkkosivustollamme esiintyv\u00e4t mainokset voivat olla k\u00e4ytt\u00e4jille mainoskumppaneiden v\u00e4litt\u00e4mi\u00e4, jotka voivat asettaa ev\u00e4steit\u00e4. N\u00e4iden ev\u00e4steiden avulla mainospalvelin voi tunnistaa tietokoneesi joka kerta, kun se l\u00e4hett\u00e4\u00e4 sinulle verkkomainoksen, jotta se voi koota tietoja sinusta tai muista tietokonettasi k\u00e4ytt\u00e4vist\u00e4 henkil\u00f6ist\u00e4. N\u00e4iden tietojen avulla mainosverkostot voivat muun muassa toimittaa kohdennettuja mainoksia, joiden ne uskovat kiinnostavan sinua eniten. T\u00e4m\u00e4 tietosuojak\u00e4yt\u00e4nt\u00f6 kattaa This is Madeira Island:n ev\u00e4steiden k\u00e4yt\u00f6n, eik\u00e4 se kata mainostajien ev\u00e4steiden k\u00e4ytt\u00f6\u00e4.<\/p>\n<p><!-- \/wp:paragraph --> <!-- wp:paragraph --><\/p>\n<p><strong>- Linkit ulkoisiin sivustoihin<\/strong><br \/>\nPalvelumme voi sis\u00e4lt\u00e4\u00e4 linkkej\u00e4 ulkoisille sivustoille, joita emme yll\u00e4pid\u00e4. Jos napsautat kolmannen osapuolen linkki\u00e4, sinut ohjataan kyseisen kolmannen osapuolen sivustolle. Suosittelemme, ett\u00e4 tutustut jokaisen vierailemasi sivuston tietosuojak\u00e4yt\u00e4nt\u00f6\u00f6n ja k\u00e4ytt\u00f6ehtoihin.<br \/>\nMeill\u00e4 ei ole m\u00e4\u00e4r\u00e4ysvaltaa, emmek\u00e4 ota vastuuta kolmansien osapuolten sivustojen, tuotteiden tai palveluiden sis\u00e4ll\u00f6st\u00e4, tietosuojak\u00e4yt\u00e4nn\u00f6ist\u00e4 tai k\u00e4yt\u00e4nn\u00f6ist\u00e4.<\/p>\n<p><!-- \/wp:paragraph --> <!-- wp:paragraph --><\/p>\n<p><strong>- Www.thisismadeiraisland.com k\u00e4ytt\u00e4\u00e4 Google AdWordsia uudelleenmarkkinointiin.<\/strong><br \/>\nWww.thisismadeiraisland.com k\u00e4ytt\u00e4\u00e4 uudelleenmarkkinointipalveluita mainostaakseen kolmansien osapuolten verkkosivustoilla (mukaan lukien Google) sivustomme aiemmille k\u00e4vij\u00f6ille. Se voi tarkoittaa, ett\u00e4 mainostamme aiemmille k\u00e4vij\u00f6ille, jotka eiv\u00e4t ole suorittaneet teht\u00e4v\u00e4\u00e4 sivustollamme, esimerkiksi k\u00e4ytt\u00e4neet yhteydenottolomaketta tiedustelun tekemiseen. T\u00e4m\u00e4 voi tapahtua mainoksen muodossa Googlen hakutulossivulla tai Googlen Display-verkostoon kuuluvalla sivustolla. Kolmannen osapuolen myyj\u00e4t, mukaan lukien Google, k\u00e4ytt\u00e4v\u00e4t ev\u00e4steit\u00e4 mainosten n\u00e4ytt\u00e4miseen jonkun aiempien k\u00e4yntien perusteella. Kaikkia ker\u00e4ttyj\u00e4 tietoja k\u00e4ytet\u00e4\u00e4n luonnollisesti omien tietosuojak\u00e4yt\u00e4nt\u00f6jemme ja Googlen tietosuojak\u00e4yt\u00e4nt\u00f6jen mukaisesti.<br \/>\nVoit asettaa asetukset sille, miten Google mainostaa sinulle, Google Ad Preferences -sivulla, ja halutessasi voit kielt\u00e4yty\u00e4 kiinnostukseen perustuvasta mainonnasta kokonaan ev\u00e4steasetusten avulla tai pysyv\u00e4sti selainlaajennuksen avulla.<\/p>\n<p><!-- \/wp:paragraph --> <!-- wp:paragraph --><\/p>\n<p><strong>- Tiettyjen henkil\u00f6tietoja koskevien tietojen suojaaminen<\/strong><br \/>\nThis is Madeira Island luovuttaa mahdollisesti henkil\u00f6kohtaisesti tunnistettavia ja henkil\u00f6kohtaisia tietoja vain niille ty\u00f6ntekij\u00f6illeen, toimeksisaajilleen ja sidosorganisaatioilleen, joiden (i) on tiedett\u00e4v\u00e4 kyseiset tiedot k\u00e4sitell\u00e4kseen niit\u00e4 This is Madeira Island:n puolesta tai tarjotakseen This is Madeira Island:n verkkosivustolla saatavilla olevia palveluita, ja (ii) jotka ovat sopineet, etteiv\u00e4t luovuta niit\u00e4 muille. Osa n\u00e4ist\u00e4 ty\u00f6ntekij\u00f6ist\u00e4, alihankkijoista ja sidosorganisaatioista voi sijaita kotimaasi ulkopuolella. K\u00e4ytt\u00e4m\u00e4ll\u00e4 This is Madeira Island:n verkkosivustoa annat suostumuksesi t\u00e4llaisten tietojen siirt\u00e4miseen heille. This is Madeira Island ei vuokraa tai myy mahdollisesti henkil\u00f6kohtaisesti tunnistettavia ja henkil\u00f6kohtaisia tietoja kenellek\u00e4\u00e4n. Lukuun ottamatta ty\u00f6ntekij\u00f6it\u00e4\u00e4n, alihankkijoitaan ja sidosorganisaatioitaan, kuten edell\u00e4 on kuvattu, This is Madeira Island paljastaa mahdollisesti henkil\u00f6kohtaisia tietoja yksil\u00f6ivi\u00e4 ja henkil\u00f6kohtaisesti yksil\u00f6ivi\u00e4 tietoja vain vastauksena haasteeseen, tuomioistuimen m\u00e4\u00e4r\u00e4ykseen tai muuhun hallituksen pyynt\u00f6\u00f6n tai kun This is Madeira Island uskoo hyv\u00e4ss\u00e4 uskossa, ett\u00e4 tietojen paljastaminen on kohtuudella tarpeen This is Madeira Island:n, kolmansien osapuolten tai suuren yleis\u00f6n omaisuuden tai oikeuksien suojelemiseksi.<br \/>\nJos olet http:\/\/thisismadeiraisland.com-sivuston rekister\u00f6itynyt k\u00e4ytt\u00e4j\u00e4 ja olet antanut s\u00e4hk\u00f6postiosoitteesi, This is Madeira Island saattaa l\u00e4hett\u00e4\u00e4 sinulle silloin t\u00e4ll\u00f6in s\u00e4hk\u00f6postia kertoakseen uusista ominaisuuksista, pyyt\u00e4\u00e4kseen palautettasi tai vain pit\u00e4\u00e4kseen sinut ajan tasalla This is Madeira Island:n ja tuotteidemme tapahtumista. K\u00e4yt\u00e4mme ensisijaisesti blogiamme t\u00e4m\u00e4ntyyppisten tietojen v\u00e4litt\u00e4miseen, joten odotamme, ett\u00e4 t\u00e4m\u00e4ntyyppiset s\u00e4hk\u00f6postiviestit j\u00e4\u00e4v\u00e4t mahdollisimman v\u00e4h\u00e4isiksi. Jos l\u00e4het\u00e4t meille pyynn\u00f6n (esimerkiksi tukis\u00e4hk\u00f6postin tai jonkin palautemekanismimme kautta), pid\u00e4t\u00e4mme oikeuden julkaista sen, jotta voimme selvent\u00e4\u00e4 pyynt\u00f6\u00e4si tai vastata siihen tai jotta voimme tukea muita k\u00e4ytt\u00e4ji\u00e4. This is Madeira Island ryhtyy kaikkiin kohtuullisesti tarvittaviin toimenpiteisiin suojautuakseen mahdollisesti henkil\u00f6kohtaisia tietoja ja henkil\u00f6tietoja sis\u00e4lt\u00e4vien tietojen luvattomalta k\u00e4yt\u00f6lt\u00e4, muuttamiselta tai tuhoamiselta.<\/p>\n<p><!-- \/wp:paragraph --> <!-- wp:paragraph --><\/p>\n<p><strong>- Affiliate Disclosure<\/strong><br \/>\nT\u00e4m\u00e4 sivusto k\u00e4ytt\u00e4\u00e4 affiliate-linkkej\u00e4 ja ansaitsee provisiota tietyist\u00e4 linkeist\u00e4. T\u00e4m\u00e4 ei vaikuta ostoksiisi tai mahdollisesti maksamaasi hintaan.<\/p>\n<p><!-- \/wp:paragraph --> <!-- wp:paragraph --><\/p>\n<p><strong>- Ev\u00e4steet<\/strong><br \/>\nVerkkokokemuksesi rikastuttamiseksi ja t\u00e4ydellist\u00e4miseksi This is Madeira Island k\u00e4ytt\u00e4\u00e4 \u201cev\u00e4steit\u00e4\u201d, vastaavia tekniikoita ja muiden tarjoamia palveluita henkil\u00f6kohtaisen sis\u00e4ll\u00f6n ja mainonnan n\u00e4ytt\u00e4miseen sek\u00e4 asetustesi tallentamiseen tietokoneellesi.<br \/>\nEv\u00e4ste on tietosarja, jonka verkkosivusto tallentaa k\u00e4vij\u00e4n tietokoneelle ja jonka k\u00e4vij\u00e4n selain antaa verkkosivustolle aina, kun k\u00e4vij\u00e4 palaa. This is Madeira Island k\u00e4ytt\u00e4\u00e4 ev\u00e4steit\u00e4 auttaakseen This is Madeira Island:t\u00e4 tunnistamaan ja seuraamaan k\u00e4vij\u00f6it\u00e4, heid\u00e4n http:\/\/thisismadeiraisland.com k\u00e4ytt\u00f6tapojaan ja verkkosivujen k\u00e4ytt\u00f6asetuksiaan. This is Madeira Island:n k\u00e4vij\u00f6iden, jotka eiv\u00e4t halua ev\u00e4steit\u00e4 tietokoneisiinsa, tulisi asettaa selaimensa ev\u00e4steiden hylk\u00e4\u00e4miseksi ennen This is Madeira Island:n verkkosivujen k\u00e4ytt\u00f6\u00e4, sill\u00e4 haittapuolena on, ett\u00e4 tietyt This is Madeira Island:n verkkosivujen ominaisuudet eiv\u00e4t v\u00e4ltt\u00e4m\u00e4tt\u00e4 toimi kunnolla ilman ev\u00e4steit\u00e4.<br \/>\nJatkamalla verkkosivustollamme navigointia muuttamatta ev\u00e4steasetuksia, hyv\u00e4ksyt t\u00e4ten This is Madeira Island:n ev\u00e4steiden k\u00e4yt\u00f6n.<\/p>\n<p><!-- \/wp:paragraph --> <!-- wp:paragraph --><\/p>\n<p><strong>- S\u00e4hk\u00f6inen kaupank\u00e4ynti<\/strong><br \/>\nNiit\u00e4, jotka tekev\u00e4t liiketoimia This is Madeira Island:n kanssa - ostamalla This is Madeira Island:n palveluja tai tuotteita - pyydet\u00e4\u00e4n antamaan lis\u00e4tietoja, mukaan lukien tarvittaessa n\u00e4iden liiketoimien k\u00e4sittelyyn tarvittavat henkil\u00f6kohtaiset ja taloudelliset tiedot. Kussakin tapauksessa This is Madeira Island ker\u00e4\u00e4 t\u00e4llaisia tietoja vain siin\u00e4 m\u00e4\u00e4rin kuin on tarpeen tai asianmukaista k\u00e4vij\u00e4n ja This is Madeira Island:n v\u00e4lisen vuorovaikutuksen tarkoituksen t\u00e4ytt\u00e4miseksi. This is Madeira Island ei paljasta henkil\u00f6kohtaisia tietoja muutoin kuin alla kuvatulla tavalla. K\u00e4vij\u00e4t voivat aina kielt\u00e4yty\u00e4 antamasta henkil\u00f6kohtaisia tietoja, mutta se voi est\u00e4\u00e4 heit\u00e4 osallistumasta tiettyihin verkkosivustoon liittyviin toimintoihin.<\/p>\n<p><!-- \/wp:paragraph --> <!-- wp:paragraph --><\/p>\n<p><strong>Tietosuojak\u00e4yt\u00e4nn\u00f6n muutokset<\/strong><br \/>\nVaikka useimmat muutokset ovat todenn\u00e4k\u00f6isesti v\u00e4h\u00e4isi\u00e4, This is Madeira Island voi muuttaa tietosuojak\u00e4yt\u00e4nt\u00f6\u00e4\u00e4n aika ajoin ja This is Madeira Island:n oman harkinnan mukaan. This is Madeira Island kannustaa k\u00e4vij\u00f6it\u00e4 tarkistamaan usein t\u00e4m\u00e4n sivun kaikista sen tietosuojak\u00e4yt\u00e4nn\u00f6n muutoksista. Jos jatkat t\u00e4m\u00e4n sivuston k\u00e4ytt\u00f6\u00e4 t\u00e4m\u00e4n tietosuojak\u00e4yt\u00e4nn\u00f6n muutosten j\u00e4lkeen, hyv\u00e4ksyt t\u00e4llaisen muutoksen.<\/p>\n<p><!-- \/wp:paragraph --> <!-- wp:paragraph --><\/p>\n<p><em>Viimeksi p\u00e4ivitetty, helmikuu 2020<\/em><\/p>\n<p><!-- \/wp:paragraph --><\/p>\n    <\/div><!-- end container -->\n<\/section><!-- end text_content_area -->","protected":false},"excerpt":{"rendered":"","protected":false},"author":1,"featured_media":0,"parent":0,"menu_order":0,"comment_status":"closed","ping_status":"closed","template":"","meta":{"_acf_changed":false,"footnotes":""},"class_list":["post-241","page","type-page","status-publish","hentry"],"acf":[],"yoast_head":"<!-- This site is optimized with the Yoast SEO plugin v27.3 - https:\/\/yoast.com\/product\/yoast-seo-wordpress\/ -->\n<title>Privacy Policy &amp; Cookies - Thisismadeiraisland<\/title>\n<meta name=\"robots\" content=\"index, follow, max-snippet:-1, max-image-preview:large, max-video-preview:-1\" \/>\n<link rel=\"canonical\" href=\"https:\/\/thisismadeiraisland.com\/fi\/privacy-and-cookies\/\" \/>\n<meta property=\"og:locale\" content=\"fi_FI\" \/>\n<meta property=\"og:type\" content=\"article\" \/>\n<meta property=\"og:title\" content=\"Privacy Policy &amp; Cookies - Thisismadeiraisland\" \/>\n<meta property=\"og:url\" content=\"https:\/\/thisismadeiraisland.com\/fi\/privacy-and-cookies\/\" \/>\n<meta property=\"og:site_name\" content=\"Thisismadeiraisland\" \/>\n<meta property=\"article:modified_time\" content=\"2025-06-06T13:54:30+00:00\" \/>\n<meta name=\"twitter:card\" content=\"summary_large_image\" \/>\n<script type=\"application\/ld+json\" class=\"yoast-schema-graph\">{\"@context\":\"https:\\\/\\\/schema.org\",\"@graph\":[{\"@type\":\"WebPage\",\"@id\":\"https:\\\/\\\/thisismadeiraisland.com\\\/privacy-and-cookies\\\/\",\"url\":\"https:\\\/\\\/thisismadeiraisland.com\\\/privacy-and-cookies\\\/\",\"name\":\"Privacy Policy &amp; Cookies - Thisismadeiraisland\",\"isPartOf\":{\"@id\":\"https:\\\/\\\/thisismadeiraisland.com\\\/#website\"},\"datePublished\":\"2025-03-20T11:26:11+00:00\",\"dateModified\":\"2025-06-06T13:54:30+00:00\",\"breadcrumb\":{\"@id\":\"https:\\\/\\\/thisismadeiraisland.com\\\/privacy-and-cookies\\\/#breadcrumb\"},\"inLanguage\":\"fi\",\"potentialAction\":[{\"@type\":\"ReadAction\",\"target\":[\"https:\\\/\\\/thisismadeiraisland.com\\\/privacy-and-cookies\\\/\"]}]},{\"@type\":\"BreadcrumbList\",\"@id\":\"https:\\\/\\\/thisismadeiraisland.com\\\/privacy-and-cookies\\\/#breadcrumb\",\"itemListElement\":[{\"@type\":\"ListItem\",\"position\":1,\"name\":\"Home\",\"item\":\"https:\\\/\\\/thisismadeiraisland.com\\\/\"},{\"@type\":\"ListItem\",\"position\":2,\"name\":\"Privacy Policy &amp; Cookies\"}]},{\"@type\":\"WebSite\",\"@id\":\"https:\\\/\\\/thisismadeiraisland.com\\\/#website\",\"url\":\"https:\\\/\\\/thisismadeiraisland.com\\\/\",\"name\":\"Thisismadeiraisland\",\"description\":\"Thisismadeiraisland\",\"potentialAction\":[{\"@type\":\"SearchAction\",\"target\":{\"@type\":\"EntryPoint\",\"urlTemplate\":\"https:\\\/\\\/thisismadeiraisland.com\\\/?s={search_term_string}\"},\"query-input\":{\"@type\":\"PropertyValueSpecification\",\"valueRequired\":true,\"valueName\":\"search_term_string\"}}],\"inLanguage\":\"fi\"}]}<\/script>\n<!-- \/ Yoast SEO plugin. -->","yoast_head_json":{"title":"Tietosuojak\u00e4yt\u00e4nt\u00f6 ja ev\u00e4steet - Thisismadeiraisland","robots":{"index":"index","follow":"follow","max-snippet":"max-snippet:-1","max-image-preview":"max-image-preview:large","max-video-preview":"max-video-preview:-1"},"canonical":"https:\/\/thisismadeiraisland.com\/fi\/privacy-and-cookies\/","og_locale":"fi_FI","og_type":"article","og_title":"Privacy Policy &amp; Cookies - Thisismadeiraisland","og_url":"https:\/\/thisismadeiraisland.com\/fi\/privacy-and-cookies\/","og_site_name":"Thisismadeiraisland","article_modified_time":"2025-06-06T13:54:30+00:00","twitter_card":"summary_large_image","schema":{"@context":"https:\/\/schema.org","@graph":[{"@type":"WebPage","@id":"https:\/\/thisismadeiraisland.com\/privacy-and-cookies\/","url":"https:\/\/thisismadeiraisland.com\/privacy-and-cookies\/","name":"Tietosuojak\u00e4yt\u00e4nt\u00f6 ja ev\u00e4steet - Thisismadeiraisland","isPartOf":{"@id":"https:\/\/thisismadeiraisland.com\/#website"},"datePublished":"2025-03-20T11:26:11+00:00","dateModified":"2025-06-06T13:54:30+00:00","breadcrumb":{"@id":"https:\/\/thisismadeiraisland.com\/privacy-and-cookies\/#breadcrumb"},"inLanguage":"fi","potentialAction":[{"@type":"ReadAction","target":["https:\/\/thisismadeiraisland.com\/privacy-and-cookies\/"]}]},{"@type":"BreadcrumbList","@id":"https:\/\/thisismadeiraisland.com\/privacy-and-cookies\/#breadcrumb","itemListElement":[{"@type":"ListItem","position":1,"name":"Home","item":"https:\/\/thisismadeiraisland.com\/"},{"@type":"ListItem","position":2,"name":"Privacy Policy &amp; Cookies"}]},{"@type":"WebSite","@id":"https:\/\/thisismadeiraisland.com\/#website","url":"https:\/\/thisismadeiraisland.com\/","name":"Thisismadeiraisland","description":"Thisismadeiraisland","potentialAction":[{"@type":"SearchAction","target":{"@type":"EntryPoint","urlTemplate":"https:\/\/thisismadeiraisland.com\/?s={search_term_string}"},"query-input":{"@type":"PropertyValueSpecification","valueRequired":true,"valueName":"search_term_string"}}],"inLanguage":"fi"}]}},"_links":{"self":[{"href":"https:\/\/thisismadeiraisland.com\/fi\/wp-json\/wp\/v2\/pages\/241","targetHints":{"allow":["GET"]}}],"collection":[{"href":"https:\/\/thisismadeiraisland.com\/fi\/wp-json\/wp\/v2\/pages"}],"about":[{"href":"https:\/\/thisismadeiraisland.com\/fi\/wp-json\/wp\/v2\/types\/page"}],"author":[{"embeddable":true,"href":"https:\/\/thisismadeiraisland.com\/fi\/wp-json\/wp\/v2\/users\/1"}],"replies":[{"embeddable":true,"href":"https:\/\/thisismadeiraisland.com\/fi\/wp-json\/wp\/v2\/comments?post=241"}],"version-history":[{"count":0,"href":"https:\/\/thisismadeiraisland.com\/fi\/wp-json\/wp\/v2\/pages\/241\/revisions"}],"wp:attachment":[{"href":"https:\/\/thisismadeiraisland.com\/fi\/wp-json\/wp\/v2\/media?parent=241"}],"curies":[{"name":"wp","href":"https:\/\/api.w.org\/{rel}","templated":true}]}}