{"id":232,"date":"2025-03-19T07:34:17","date_gmt":"2025-03-19T07:34:17","guid":{"rendered":"https:\/\/thisismadeiraisland.com\/?page_id=232"},"modified":"2025-03-19T07:34:17","modified_gmt":"2025-03-19T07:34:17","slug":"vacation-rentals-single-draft","status":"publish","type":"page","link":"https:\/\/thisismadeiraisland.com\/hu\/vacation-rentals-single-draft\/","title":{"rendered":"Nyaral\u00f3b\u00e9rl\u00e9s egyszem\u00e9lyes"},"content":{"rendered":"","protected":false},"excerpt":{"rendered":"","protected":false},"author":1,"featured_media":0,"parent":0,"menu_order":0,"comment_status":"closed","ping_status":"closed","template":"","meta":{"_acf_changed":false,"footnotes":""},"class_list":["post-232","page","type-page","status-publish","hentry"],"acf":[],"_links":{"self":[{"href":"https:\/\/thisismadeiraisland.com\/hu\/wp-json\/wp\/v2\/pages\/232","targetHints":{"allow":["GET"]}}],"collection":[{"href":"https:\/\/thisismadeiraisland.com\/hu\/wp-json\/wp\/v2\/pages"}],"about":[{"href":"https:\/\/thisismadeiraisland.com\/hu\/wp-json\/wp\/v2\/types\/page"}],"author":[{"embeddable":true,"href":"https:\/\/thisismadeiraisland.com\/hu\/wp-json\/wp\/v2\/users\/1"}],"replies":[{"embeddable":true,"href":"https:\/\/thisismadeiraisland.com\/hu\/wp-json\/wp\/v2\/comments?post=232"}],"version-history":[{"count":0,"href":"https:\/\/thisismadeiraisland.com\/hu\/wp-json\/wp\/v2\/pages\/232\/revisions"}],"wp:attachment":[{"href":"https:\/\/thisismadeiraisland.com\/hu\/wp-json\/wp\/v2\/media?parent=232"}],"curies":[{"name":"wp","href":"https:\/\/api.w.org\/{rel}","templated":true}]}}