{"id":241,"date":"2025-03-20T11:26:11","date_gmt":"2025-03-20T11:26:11","guid":{"rendered":"https:\/\/thisismadeiraisland.com\/?page_id=241"},"modified":"2025-06-06T13:54:30","modified_gmt":"2025-06-06T13:54:30","slug":"privacy-and-cookies","status":"publish","type":"page","link":"https:\/\/thisismadeiraisland.com\/hu\/privacy-and-cookies\/","title":{"rendered":"Adatv\u00e9delmi szab\u00e1lyzat &amp; s\u00fctik"},"content":{"rendered":"<section class=\"page-banner\" id=\"page-banner\">\n    <div class=\"container\">\n                    <h1 class=\"page-banner__title\">Adatv\u00e9delmi ir\u00e1nyelvek<\/h1>\n            <\/div>\n<\/section>\n\n<style>\n    .page-banner {\n        background-image: url('\/wp-content\/uploads\/2025\/06\/balcoes-Madeira-Island-02.webp');\n    }\n\n    @media (min-width: 768px) {\n        .page-banner {\n            background-image: url('\/wp-content\/uploads\/2025\/06\/balcoes-Madeira-Island-02-1024x417.webp');\n        }\n    }\n<\/style>\n\n\n<p><\/p>\n\n\n<section class=\"text_content_area\">\n    <div class=\"container\">\n        <p><!-- wp:paragraph --><\/p>\n<p><strong>Az \u00d6n adatv\u00e9delme fontos sz\u00e1munkra. \u00c9rt\u00e9kelj\u00fck a bizalm\u00e1t, \u00e9s elk\u00f6telezettek vagyunk az \u00d6n \u00e1ltal megadott szem\u00e9lyes adatok v\u00e9delme \u00e9s meg\u0151rz\u00e9se mellett. Ez a dokumentum, amelyet id\u0151r\u0151l id\u0151re friss\u00edt\u00fcnk, le\u00edrja, hogyan haszn\u00e1ljuk \u00e9s dolgozzuk fel az \u00d6n szem\u00e9lyes adatait, \u00e9s hogyan haszn\u00e1ljuk a s\u00fctiket. Azt is elmondja, hogyan l\u00e9phet vel\u00fcnk kapcsolatba, ha k\u00e9rd\u00e9sei vannak a szem\u00e9lyes adataival kapcsolatban.<\/strong><\/p>\n<p><!-- \/wp:paragraph --> <!-- wp:paragraph --><\/p>\n<p><strong>Az This is Madeira Island online utaz\u00e1si szolg\u00e1ltat\u00e1sokat ny\u00fajt saj\u00e1t weboldalain \u00e9s mobilalkalmaz\u00e1sain, valamint m\u00e1s online platformokon, p\u00e9ld\u00e1ul partnerek weboldalain \u00e9s a k\u00f6z\u00f6ss\u00e9gi m\u00e9di\u00e1ban. Az al\u00e1bbi inform\u00e1ci\u00f3k mindezen platformokra vonatkoznak.<\/strong><\/p>\n<p><!-- \/wp:paragraph --> <!-- wp:paragraph --><\/p>\n<p>Az This is Madeira Island politik\u00e1ja, hogy tiszteletben tartsa az \u00d6n mag\u00e1n\u00e9let\u00e9t a weboldalunk \u00fczemeltet\u00e9se sor\u00e1n gy\u0171jt\u00f6tt inform\u00e1ci\u00f3kkal kapcsolatban. Ez az adatv\u00e9delmi szab\u00e1lyzat a www.thisismadeiraisland.com (a tov\u00e1bbiakban: \u201cmi\u201d, \u201cmi\u201d vagy \u201cwww.thisismadeiraisland.com\u201d) weboldalra vonatkozik. Tiszteletben tartjuk az \u00d6n mag\u00e1n\u00e9let\u00e9t, \u00e9s elk\u00f6telezettek vagyunk az \u00d6n \u00e1ltal a weboldalon kereszt\u00fcl megadott szem\u00e9lyes adatok v\u00e9delme ir\u00e1nt. Az\u00e9rt fogadtuk el ezt az adatv\u00e9delmi szab\u00e1lyzatot (\u201cAdatv\u00e9delmi szab\u00e1lyzat\u201d), hogy elmagyar\u00e1zzuk, milyen inform\u00e1ci\u00f3kat gy\u0171jthet\u00fcnk a Weboldalunkon, hogyan haszn\u00e1ljuk fel ezeket az inform\u00e1ci\u00f3kat, \u00e9s milyen k\u00f6r\u00fclm\u00e9nyek k\u00f6z\u00f6tt adhatjuk \u00e1t az inform\u00e1ci\u00f3kat harmadik feleknek. A jelen Adatv\u00e9delmi szab\u00e1lyzat kiz\u00e1r\u00f3lag a Weboldalon kereszt\u00fcl gy\u0171jt\u00f6tt inform\u00e1ci\u00f3kra vonatkozik, \u00e9s nem vonatkozik a m\u00e1s forr\u00e1sokb\u00f3l sz\u00e1rmaz\u00f3 inform\u00e1ci\u00f3gy\u0171jt\u00e9s\u00fcnkre.<br \/>\nEz az Adatv\u00e9delmi szab\u00e1lyzat, valamint a Weboldalunkon k\u00f6zz\u00e9tett \u00c1ltal\u00e1nos Szerz\u0151d\u00e9si Felt\u00e9telek \u00e9s Felt\u00e9telek hat\u00e1rozz\u00e1k meg a Weboldalunk \u00d6n \u00e1ltali haszn\u00e1lat\u00e1ra vonatkoz\u00f3 \u00e1ltal\u00e1nos szab\u00e1lyokat \u00e9s ir\u00e1nyelveket. Att\u00f3l f\u00fcgg\u0151en, hogy \u00d6n milyen tev\u00e9kenys\u00e9geket v\u00e9gez a Weboldalunk l\u00e1togat\u00e1sa sor\u00e1n, el\u0151fordulhat, hogy tov\u00e1bbi felt\u00e9telek elfogad\u00e1s\u00e1ra lesz sz\u00fcks\u00e9g.<\/p>\n<p><!-- \/wp:paragraph --> <!-- wp:paragraph --><\/p>\n<p><strong>- Weboldal l\u00e1togat\u00f3k<\/strong><br \/>\nA legt\u00f6bb weboldal \u00fczemeltet\u0151j\u00e9hez hasonl\u00f3an az This is Madeira Island is gy\u0171jt olyan, nem szem\u00e9lyazonos\u00edt\u00e1sra alkalmas inform\u00e1ci\u00f3kat, amelyeket a webb\u00f6ng\u00e9sz\u0151k \u00e9s szerverek \u00e1ltal\u00e1ban el\u00e9rhet\u0151v\u00e9 tesznek, mint p\u00e9ld\u00e1ul a b\u00f6ng\u00e9sz\u0151 t\u00edpusa, nyelvi preferencia, hivatkoz\u00f3 webhely, valamint az egyes l\u00e1togat\u00f3i k\u00e9r\u00e9sek d\u00e1tuma \u00e9s id\u0151pontja. Az This is Madeira Island c\u00e9lja a nem szem\u00e9lyes azonos\u00edt\u00f3 inform\u00e1ci\u00f3k gy\u0171jt\u00e9s\u00e9vel az, hogy jobban meg\u00e9rtse, hogyan haszn\u00e1lj\u00e1k az This is Madeira Island l\u00e1togat\u00f3i a weboldal\u00e1t. Az This is Madeira Island id\u0151r\u0151l id\u0151re \u00f6sszes\u00edtett, nem szem\u00e9lyazonos\u00edt\u00e1sra alkalmas inform\u00e1ci\u00f3kat adhat ki, p\u00e9ld\u00e1ul a weboldal haszn\u00e1lat\u00e1nak trendjeir\u0151l sz\u00f3l\u00f3 jelent\u00e9s k\u00f6zz\u00e9t\u00e9tel\u00e9vel.<br \/>\nAz This is Madeira Island potenci\u00e1lisan szem\u00e9lyazonos\u00edt\u00e1sra alkalmas inform\u00e1ci\u00f3kat is gy\u0171jt, mint p\u00e9ld\u00e1ul az Internet Protocol (IP) c\u00edmeket a bejelentkezett felhaszn\u00e1l\u00f3k \u00e9s a http:\/\/thisismadeiraisland.com blogbejegyz\u00e9sekhez megjegyz\u00e9seket f\u0171z\u0151 felhaszn\u00e1l\u00f3k eset\u00e9ben. Az This is Madeira Island csak a bejelentkezett felhaszn\u00e1l\u00f3k \u00e9s a kommentel\u0151k IP-c\u00edm\u00e9t hozza nyilv\u00e1noss\u00e1gra, ugyanolyan k\u00f6r\u00fclm\u00e9nyek k\u00f6z\u00f6tt, mint ahogyan az al\u00e1bbiakban le\u00edrtak szerint haszn\u00e1lja \u00e9s hozza nyilv\u00e1noss\u00e1gra a szem\u00e9lyazonos\u00edt\u00e1sra alkalmas inform\u00e1ci\u00f3kat.<\/p>\n<p><!-- \/wp:paragraph --> <!-- wp:paragraph --><\/p>\n<p><strong>- Szem\u00e9lyes adatok gy\u0171jt\u00e9se<\/strong><br \/>\nAz This is Madeira Island weboldalainak bizonyos l\u00e1togat\u00f3i olyan m\u00f3don l\u00e9pnek kapcsolatba az This is Madeira Island-vel, amely megk\u00f6veteli, hogy az This is Madeira Island szem\u00e9lyazonos\u00edt\u00f3 inform\u00e1ci\u00f3kat gy\u0171jts\u00f6n. Az This is Madeira Island \u00e1ltal gy\u0171jt\u00f6tt inform\u00e1ci\u00f3k mennyis\u00e9ge \u00e9s t\u00edpusa az interakci\u00f3 jelleg\u00e9t\u0151l f\u00fcgg. P\u00e9ld\u00e1ul megk\u00e9rj\u00fck a l\u00e1togat\u00f3kat, akik regisztr\u00e1lnak egy blogra a http:\/\/thisismadeiraisland.com oldalon, hogy adjanak meg egy felhaszn\u00e1l\u00f3nevet \u00e9s egy e-mail c\u00edmet.<\/p>\n<p><!-- \/wp:paragraph --> <!-- wp:paragraph --><\/p>\n<p><strong>- Biztons\u00e1g<\/strong><br \/>\nSzem\u00e9lyes adatainak biztons\u00e1ga fontos sz\u00e1munkra, de ne feledje, hogy az interneten kereszt\u00fcl t\u00f6rt\u00e9n\u0151 tov\u00e1bb\u00edt\u00e1s vagy az elektronikus t\u00e1rol\u00e1s semmilyen m\u00f3dszere nem 100% biztons\u00e1gos. B\u00e1r t\u00f6reksz\u00fcnk arra, hogy kereskedelmi szempontb\u00f3l elfogadhat\u00f3 eszk\u00f6z\u00f6ket alkalmazzunk az \u00d6n Szem\u00e9lyes adatainak v\u00e9delme \u00e9rdek\u00e9ben, nem tudjuk garant\u00e1lni azok abszol\u00fat biztons\u00e1g\u00e1t.<\/p>\n<p><!-- \/wp:paragraph --> <!-- wp:paragraph --><\/p>\n<p><strong>- Hirdet\u00e9sek<\/strong><br \/>\nA weboldalunkon megjelen\u0151 hirdet\u00e9seket hirdet\u00e9si partnerek juttathatj\u00e1k el a felhaszn\u00e1l\u00f3khoz, akik cookie-kat helyezhetnek el. Ezek a cookie-k lehet\u0151v\u00e9 teszik a hirdet\u00e9si szerver sz\u00e1m\u00e1ra, hogy minden egyes alkalommal felismerje az \u00d6n sz\u00e1m\u00edt\u00f3g\u00e9p\u00e9t, amikor online hirdet\u00e9st k\u00fcld \u00d6nnek, hogy inform\u00e1ci\u00f3kat gy\u0171jts\u00f6n \u00d6nr\u0151l vagy m\u00e1sokr\u00f3l, akik az \u00d6n sz\u00e1m\u00edt\u00f3g\u00e9p\u00e9t haszn\u00e1lj\u00e1k. Ezek az inform\u00e1ci\u00f3k lehet\u0151v\u00e9 teszik a hirdet\u00e9si h\u00e1l\u00f3zatok sz\u00e1m\u00e1ra, hogy t\u00f6bbek k\u00f6z\u00f6tt olyan c\u00e9lzott hirdet\u00e9seket k\u00fcldjenek, amelyekr\u0151l \u00fagy v\u00e9lik, hogy a leg\u00e9rdekesebbek az \u00d6n sz\u00e1m\u00e1ra. Ez az adatv\u00e9delmi ir\u00e1nyelv az This is Madeira Island \u00e1ltal haszn\u00e1lt s\u00fctikre vonatkozik, \u00e9s nem terjed ki a hirdet\u0151k \u00e1ltal haszn\u00e1lt s\u00fctikre.<\/p>\n<p><!-- \/wp:paragraph --> <!-- wp:paragraph --><\/p>\n<p><strong>- K\u00fcls\u0151 oldalakra mutat\u00f3 linkek<\/strong><br \/>\nSzolg\u00e1ltat\u00e1sunk tartalmazhat olyan k\u00fcls\u0151 oldalakra mutat\u00f3 linkeket, amelyeket nem mi \u00fczemeltet\u00fcnk. Ha egy harmadik f\u00e9l \u00e1ltal megadott linkre kattint, akkor az adott harmadik f\u00e9l oldal\u00e1ra ker\u00fcl \u00e1tir\u00e1ny\u00edt\u00e1sra. Nyomat\u00e9kosan javasoljuk, hogy olvassa el minden egyes megl\u00e1togatott webhely Adatv\u00e9delmi ir\u00e1nyelveit \u00e9s felt\u00e9teleit.<br \/>\nNem rendelkez\u00fcnk ellen\u0151rz\u00e9ssel, \u00e9s nem v\u00e1llalunk felel\u0151ss\u00e9get a harmadik f\u00e9l webhelyeinek, term\u00e9keinek vagy szolg\u00e1ltat\u00e1sainak tartalm\u00e1\u00e9rt, adatv\u00e9delmi politik\u00e1j\u00e1\u00e9rt vagy gyakorlat\u00e1\u00e9rt.<\/p>\n<p><!-- \/wp:paragraph --> <!-- wp:paragraph --><\/p>\n<p><strong>- Www.thisismadeiraisland.com haszn\u00e1lja a Google AdWords-ot remarketingre<\/strong><br \/>\nA Www.thisismadeiraisland.com remarketing szolg\u00e1ltat\u00e1sokat haszn\u00e1l, hogy harmadik felek weboldalain (bele\u00e9rtve a Google-t) rekl\u00e1mozza az oldalunk kor\u00e1bbi l\u00e1togat\u00f3it. Ez azt jelentheti, hogy olyan kor\u00e1bbi l\u00e1togat\u00f3knak hirdet\u00fcnk, akik nem v\u00e9geztek el egy feladatot az oldalunkon, p\u00e9ld\u00e1ul a kapcsolatfelv\u00e9teli \u0171rlap haszn\u00e1lat\u00e1val, hogy \u00e9rdekl\u0151djenek. Ez t\u00f6rt\u00e9nhet a Google keres\u00e9si tal\u00e1lati oldal\u00e1n vagy a Google Display h\u00e1l\u00f3zat\u00e1ban tal\u00e1lhat\u00f3 webhelyen t\u00f6rt\u00e9n\u0151 hirdet\u00e9s form\u00e1j\u00e1ban. Harmadik f\u00e9l szolg\u00e1ltat\u00f3k, k\u00f6zt\u00fck a Google is, s\u00fctiket haszn\u00e1lnak arra, hogy valakinek a kor\u00e1bbi l\u00e1togat\u00e1sai alapj\u00e1n hirdet\u00e9seket jelen\u00edtsenek meg. Term\u00e9szetesen minden begy\u0171jt\u00f6tt adatot a saj\u00e1t adatv\u00e9delmi szab\u00e1lyzatunkkal \u00e9s a Google adatv\u00e9delmi szab\u00e1lyzat\u00e1val \u00f6sszhangban haszn\u00e1lunk fel.<br \/>\nA Google hirdet\u00e9si be\u00e1ll\u00edt\u00e1sok oldalon be\u00e1ll\u00edthatja a Google hirdet\u00e9si be\u00e1ll\u00edt\u00e1sok oldal seg\u00edts\u00e9g\u00e9vel, hogy a Google hogyan hirdessen \u00d6nnek, \u00e9s ha szeretn\u00e9, akkor a cookie-be\u00e1ll\u00edt\u00e1sok seg\u00edts\u00e9g\u00e9vel vagy egy b\u00f6ng\u00e9sz\u0151b\u0151v\u00edtm\u00e9ny seg\u00edts\u00e9g\u00e9vel v\u00e9glegesen lemondhat az \u00e9rdekl\u0151d\u00e9salap\u00fa hirdet\u00e9sekr\u0151l.<\/p>\n<p><!-- \/wp:paragraph --> <!-- wp:paragraph --><\/p>\n<p><strong>- Bizonyos szem\u00e9lyazonos\u00edt\u00f3 adatok v\u00e9delme<\/strong><br \/>\nAz This is Madeira Island a potenci\u00e1lisan szem\u00e9lyazonos\u00edt\u00f3 \u00e9s szem\u00e9lyazonos\u00edt\u00e1sra alkalmas inform\u00e1ci\u00f3kat csak azon alkalmazottai, v\u00e1llalkoz\u00f3i \u00e9s kapcsolt szervezetei sz\u00e1m\u00e1ra teszi k\u00f6zz\u00e9, amelyeknek (i) ismerni\u00fck kell ezeket az inform\u00e1ci\u00f3kat ahhoz, hogy azokat az This is Madeira Island nev\u00e9ben feldolgozz\u00e1k vagy az This is Madeira Island weboldal\u00e1n el\u00e9rhet\u0151 szolg\u00e1ltat\u00e1sokat ny\u00fajts\u00e1k, \u00e9s (ii) amelyek beleegyeztek, hogy azokat nem teszik k\u00f6zz\u00e9 m\u00e1sok sz\u00e1m\u00e1ra. Ezen alkalmazottak, v\u00e1llalkoz\u00f3k \u00e9s kapcsolt szervezetek n\u00e9melyike az \u00d6n orsz\u00e1g\u00e1n k\u00edv\u00fcl tal\u00e1lhat\u00f3; az This is Madeira Island weboldal\u00e1nak haszn\u00e1lat\u00e1val \u00d6n hozz\u00e1j\u00e1rul az ilyen inform\u00e1ci\u00f3k \u00e1tad\u00e1s\u00e1hoz. Az This is Madeira Island nem adja ki \u00e9s nem adja el senkinek a potenci\u00e1lisan szem\u00e9lyazonos\u00edt\u00e1sra alkalmas \u00e9s szem\u00e9lyazonos\u00edt\u00e1sra alkalmas inform\u00e1ci\u00f3kat. Az This is Madeira Island a fentiekben le\u00edrtaknak megfelel\u0151en az alkalmazottai, v\u00e1llalkoz\u00f3i \u00e9s kapcsolt szervezetei kiv\u00e9tel\u00e9vel csak id\u00e9z\u00e9sre, b\u00edr\u00f3s\u00e1gi v\u00e9gz\u00e9sre vagy m\u00e1s korm\u00e1nyzati k\u00e9r\u00e9sre v\u00e1laszolva hozza nyilv\u00e1noss\u00e1gra a potenci\u00e1lisan szem\u00e9lyazonos\u00edt\u00f3 \u00e9s szem\u00e9lyazonos\u00edt\u00e1sra alkalmas inform\u00e1ci\u00f3kat, vagy ha az This is Madeira Island j\u00f3hiszem\u0171en \u00fagy v\u00e9li, hogy a k\u00f6zz\u00e9t\u00e9tel \u00e9sszer\u0171en sz\u00fcks\u00e9ges az This is Madeira Island, harmadik felek vagy a nyilv\u00e1noss\u00e1g tulajdon\u00e1nak vagy jogainak v\u00e9delme \u00e9rdek\u00e9ben.<br \/>\nHa \u00d6n regisztr\u00e1lt felhaszn\u00e1l\u00f3ja a http:\/\/thisismadeiraisland.com oldalnak, \u00e9s megadta az e-mail c\u00edm\u00e9t, az This is Madeira Island id\u0151nk\u00e9nt k\u00fcldhet \u00d6nnek e-mailt, hogy t\u00e1j\u00e9koztassa \u00d6nt az \u00faj funkci\u00f3kr\u00f3l, k\u00e9rje visszajelz\u00e9seit, vagy egyszer\u0171en csak t\u00e1j\u00e9koztassa \u00d6nt az This is Madeira Island \u00e9s term\u00e9keink aktu\u00e1lis fejlem\u00e9nyeir\u0151l. Els\u0151sorban a blogunkat haszn\u00e1ljuk az ilyen t\u00edpus\u00fa inform\u00e1ci\u00f3k k\u00f6zl\u00e9s\u00e9re, \u00edgy az ilyen t\u00edpus\u00fa e-maileket a lehet\u0151 legkevesebbre fogjuk korl\u00e1tozni. Ha k\u00e9r\u00e9st k\u00fcld nek\u00fcnk (p\u00e9ld\u00e1ul egy t\u00e1mogat\u00e1si e-mailben vagy a visszajelz\u00e9si mechanizmusaink egyik\u00e9n kereszt\u00fcl), fenntartjuk a jogot, hogy azt k\u00f6zz\u00e9tegy\u00fck annak \u00e9rdek\u00e9ben, hogy seg\u00edts\u00fcnk tiszt\u00e1zni vagy megv\u00e1laszolni a k\u00e9r\u00e9s\u00e9t, vagy hogy seg\u00edts\u00fcnk m\u00e1s felhaszn\u00e1l\u00f3k t\u00e1mogat\u00e1s\u00e1ban. Az This is Madeira Island minden \u00e9sszer\u0171 int\u00e9zked\u00e9st megtesz a potenci\u00e1lisan szem\u00e9lyazonos\u00edt\u00f3 \u00e9s szem\u00e9lyazonos\u00edt\u00e1sra alkalmas inform\u00e1ci\u00f3k jogosulatlan hozz\u00e1f\u00e9r\u00e9se, felhaszn\u00e1l\u00e1sa, megv\u00e1ltoztat\u00e1sa vagy megsemmis\u00edt\u00e9se elleni v\u00e9delem \u00e9rdek\u00e9ben.<\/p>\n<p><!-- \/wp:paragraph --> <!-- wp:paragraph --><\/p>\n<p><strong>- Affiliate k\u00f6zz\u00e9t\u00e9tele<\/strong><br \/>\nEz az oldal affiliate linkeket haszn\u00e1l, \u00e9s bizonyos linkekb\u0151l jutal\u00e9kot kap. Ez nem befoly\u00e1solja az \u00d6n v\u00e1s\u00e1rl\u00e1sait vagy az \u00d6n \u00e1ltal fizetett \u00e1rat.<\/p>\n<p><!-- \/wp:paragraph --> <!-- wp:paragraph --><\/p>\n<p><strong>- S\u00fctik<\/strong><br \/>\nAz \u00d6n online \u00e9lm\u00e9ny\u00e9nek gazdag\u00edt\u00e1sa \u00e9s t\u00f6k\u00e9letes\u00edt\u00e9se \u00e9rdek\u00e9ben az This is Madeira Island \u201cs\u00fctiket\u201d, hasonl\u00f3 technol\u00f3gi\u00e1kat \u00e9s m\u00e1sok \u00e1ltal ny\u00fajtott szolg\u00e1ltat\u00e1sokat haszn\u00e1l a szem\u00e9lyre szabott tartalom megjelen\u00edt\u00e9s\u00e9re, megfelel\u0151 rekl\u00e1mok megjelen\u00edt\u00e9s\u00e9re \u00e9s az \u00d6n preferenci\u00e1inak t\u00e1rol\u00e1s\u00e1ra az \u00d6n sz\u00e1m\u00edt\u00f3g\u00e9p\u00e9n.<br \/>\nA cookie egy olyan inform\u00e1ci\u00f3sorozat, amelyet egy weboldal t\u00e1rol a l\u00e1togat\u00f3 sz\u00e1m\u00edt\u00f3g\u00e9p\u00e9n, \u00e9s amelyet a l\u00e1togat\u00f3 b\u00f6ng\u00e9sz\u0151je minden egyes alkalommal, amikor a l\u00e1togat\u00f3 visszat\u00e9r, \u00e1tad a weboldalnak. Az This is Madeira Island cookie-kat haszn\u00e1l, hogy seg\u00edtsen az This is Madeira Island-nek azonos\u00edtani \u00e9s nyomon k\u00f6vetni a l\u00e1togat\u00f3kat, a http:\/\/thisismadeiraisland.com weboldal haszn\u00e1lat\u00e1t \u00e9s a weboldalhoz val\u00f3 hozz\u00e1f\u00e9r\u00e9si preferenci\u00e1kat. Azoknak az This is Madeira Island l\u00e1togat\u00f3knak, akik nem k\u00edv\u00e1nnak s\u00fctiket elhelyezni a sz\u00e1m\u00edt\u00f3g\u00e9p\u00fck\u00f6n, be kell \u00e1ll\u00edtaniuk a b\u00f6ng\u00e9sz\u0151j\u00fcket a s\u00fctik elutas\u00edt\u00e1s\u00e1ra, miel\u0151tt az This is Madeira Island weboldalait haszn\u00e1ln\u00e1k, azzal a h\u00e1tr\u00e1nnyal, hogy az This is Madeira Island weboldalainak bizonyos funkci\u00f3i nem m\u0171k\u00f6dhetnek megfelel\u0151en a s\u00fctik seg\u00edts\u00e9ge n\u00e9lk\u00fcl.<br \/>\nAzzal, hogy a cookie-be\u00e1ll\u00edt\u00e1sok m\u00f3dos\u00edt\u00e1sa n\u00e9lk\u00fcl folytatja a weboldalunkon val\u00f3 navig\u00e1l\u00e1st, \u00d6n tudom\u00e1sul veszi \u00e9s elfogadja, hogy az This is Madeira Island cookie-kat haszn\u00e1l.<\/p>\n<p><!-- \/wp:paragraph --> <!-- wp:paragraph --><\/p>\n<p><strong>- E-kereskedelem<\/strong><br \/>\nAzokat, akik tranzakci\u00f3kat bonyol\u00edtanak le az This is Madeira Island-vel - az This is Madeira Island szolg\u00e1ltat\u00e1sainak vagy term\u00e9keinek megv\u00e1s\u00e1rl\u00e1s\u00e1val -, arra k\u00e9rj\u00fck, hogy adjanak meg tov\u00e1bbi inform\u00e1ci\u00f3kat, bele\u00e9rtve sz\u00fcks\u00e9g eset\u00e9n az ezen tranzakci\u00f3k lebonyol\u00edt\u00e1s\u00e1hoz sz\u00fcks\u00e9ges szem\u00e9lyes \u00e9s p\u00e9nz\u00fcgyi adatokat. Az This is Madeira Island minden esetben csak annyiban gy\u0171jt ilyen inform\u00e1ci\u00f3kat, amennyiben az sz\u00fcks\u00e9ges vagy megfelel\u0151 a l\u00e1togat\u00f3 \u00e9s az This is Madeira Island k\u00f6z\u00f6tti interakci\u00f3 c\u00e9lj\u00e1nak teljes\u00edt\u00e9s\u00e9hez. Az This is Madeira Island az al\u00e1bbiakban le\u00edrtakon k\u00edv\u00fcl nem tesz k\u00f6zz\u00e9 szem\u00e9lyazonos\u00edt\u00e1sra alkalmas inform\u00e1ci\u00f3kat. A l\u00e1togat\u00f3k pedig b\u00e1rmikor megtagadhatj\u00e1k a szem\u00e9lyazonos\u00edt\u00e1sra alkalmas inform\u00e1ci\u00f3k megad\u00e1s\u00e1t, azzal a kik\u00f6t\u00e9ssel, hogy ez megakad\u00e1lyozhatja \u0151ket bizonyos, a weboldallal kapcsolatos tev\u00e9kenys\u00e9gekben val\u00f3 r\u00e9szv\u00e9telben.<\/p>\n<p><!-- \/wp:paragraph --> <!-- wp:paragraph --><\/p>\n<p><strong>Adatv\u00e9delmi ir\u00e1nyelvek v\u00e1ltoz\u00e1sai<\/strong><br \/>\nB\u00e1r a legt\u00f6bb v\u00e1ltoz\u00e1s val\u00f3sz\u00edn\u0171leg csek\u00e9ly m\u00e9rt\u00e9k\u0171, az This is Madeira Island id\u0151r\u0151l id\u0151re \u00e9s az This is Madeira Island saj\u00e1t bel\u00e1t\u00e1sa szerint megv\u00e1ltoztathatja az adatv\u00e9delmi szab\u00e1lyzat\u00e1t. Az This is Madeira Island arra \u00f6szt\u00f6nzi a l\u00e1togat\u00f3kat, hogy gyakran ellen\u0151rizz\u00e9k ezt az oldalt az Adatv\u00e9delmi szab\u00e1lyzat m\u00f3dos\u00edt\u00e1sai miatt. Az oldal tov\u00e1bbi haszn\u00e1lata az Adatv\u00e9delmi szab\u00e1lyzat b\u00e1rmely m\u00f3dos\u00edt\u00e1s\u00e1t k\u00f6vet\u0151en az ilyen m\u00f3dos\u00edt\u00e1sok elfogad\u00e1s\u00e1nak min\u0151s\u00fcl.<\/p>\n<p><!-- \/wp:paragraph --> <!-- wp:paragraph --><\/p>\n<p><em>Utols\u00f3 friss\u00edt\u00e9s, 2020 febru\u00e1r<\/em><\/p>\n<p><!-- \/wp:paragraph --><\/p>\n    <\/div><!-- end container -->\n<\/section><!-- end text_content_area -->","protected":false},"excerpt":{"rendered":"","protected":false},"author":1,"featured_media":0,"parent":0,"menu_order":0,"comment_status":"closed","ping_status":"closed","template":"","meta":{"_acf_changed":false,"footnotes":""},"class_list":["post-241","page","type-page","status-publish","hentry"],"acf":[],"yoast_head":"<!-- This site is optimized with the Yoast SEO plugin v27.3 - https:\/\/yoast.com\/product\/yoast-seo-wordpress\/ -->\n<title>Privacy Policy &amp; Cookies - Thisismadeiraisland<\/title>\n<meta name=\"robots\" content=\"index, follow, max-snippet:-1, max-image-preview:large, max-video-preview:-1\" \/>\n<link rel=\"canonical\" href=\"https:\/\/thisismadeiraisland.com\/hu\/privacy-and-cookies\/\" \/>\n<meta property=\"og:locale\" content=\"hu_HU\" \/>\n<meta property=\"og:type\" content=\"article\" \/>\n<meta property=\"og:title\" content=\"Privacy Policy &amp; Cookies - Thisismadeiraisland\" \/>\n<meta property=\"og:url\" content=\"https:\/\/thisismadeiraisland.com\/hu\/privacy-and-cookies\/\" \/>\n<meta property=\"og:site_name\" content=\"Thisismadeiraisland\" \/>\n<meta property=\"article:modified_time\" content=\"2025-06-06T13:54:30+00:00\" \/>\n<meta name=\"twitter:card\" content=\"summary_large_image\" \/>\n<script type=\"application\/ld+json\" class=\"yoast-schema-graph\">{\"@context\":\"https:\\\/\\\/schema.org\",\"@graph\":[{\"@type\":\"WebPage\",\"@id\":\"https:\\\/\\\/thisismadeiraisland.com\\\/privacy-and-cookies\\\/\",\"url\":\"https:\\\/\\\/thisismadeiraisland.com\\\/privacy-and-cookies\\\/\",\"name\":\"Privacy Policy &amp; Cookies - Thisismadeiraisland\",\"isPartOf\":{\"@id\":\"https:\\\/\\\/thisismadeiraisland.com\\\/#website\"},\"datePublished\":\"2025-03-20T11:26:11+00:00\",\"dateModified\":\"2025-06-06T13:54:30+00:00\",\"breadcrumb\":{\"@id\":\"https:\\\/\\\/thisismadeiraisland.com\\\/privacy-and-cookies\\\/#breadcrumb\"},\"inLanguage\":\"hu\",\"potentialAction\":[{\"@type\":\"ReadAction\",\"target\":[\"https:\\\/\\\/thisismadeiraisland.com\\\/privacy-and-cookies\\\/\"]}]},{\"@type\":\"BreadcrumbList\",\"@id\":\"https:\\\/\\\/thisismadeiraisland.com\\\/privacy-and-cookies\\\/#breadcrumb\",\"itemListElement\":[{\"@type\":\"ListItem\",\"position\":1,\"name\":\"Home\",\"item\":\"https:\\\/\\\/thisismadeiraisland.com\\\/\"},{\"@type\":\"ListItem\",\"position\":2,\"name\":\"Privacy Policy &amp; Cookies\"}]},{\"@type\":\"WebSite\",\"@id\":\"https:\\\/\\\/thisismadeiraisland.com\\\/#website\",\"url\":\"https:\\\/\\\/thisismadeiraisland.com\\\/\",\"name\":\"Thisismadeiraisland\",\"description\":\"Thisismadeiraisland\",\"potentialAction\":[{\"@type\":\"SearchAction\",\"target\":{\"@type\":\"EntryPoint\",\"urlTemplate\":\"https:\\\/\\\/thisismadeiraisland.com\\\/?s={search_term_string}\"},\"query-input\":{\"@type\":\"PropertyValueSpecification\",\"valueRequired\":true,\"valueName\":\"search_term_string\"}}],\"inLanguage\":\"hu\"}]}<\/script>\n<!-- \/ Yoast SEO plugin. -->","yoast_head_json":{"title":"Adatv\u00e9delmi szab\u00e1lyzat \u00e9s s\u00fctik - Thisismadeiraisland","robots":{"index":"index","follow":"follow","max-snippet":"max-snippet:-1","max-image-preview":"max-image-preview:large","max-video-preview":"max-video-preview:-1"},"canonical":"https:\/\/thisismadeiraisland.com\/hu\/privacy-and-cookies\/","og_locale":"hu_HU","og_type":"article","og_title":"Privacy Policy &amp; Cookies - Thisismadeiraisland","og_url":"https:\/\/thisismadeiraisland.com\/hu\/privacy-and-cookies\/","og_site_name":"Thisismadeiraisland","article_modified_time":"2025-06-06T13:54:30+00:00","twitter_card":"summary_large_image","schema":{"@context":"https:\/\/schema.org","@graph":[{"@type":"WebPage","@id":"https:\/\/thisismadeiraisland.com\/privacy-and-cookies\/","url":"https:\/\/thisismadeiraisland.com\/privacy-and-cookies\/","name":"Adatv\u00e9delmi szab\u00e1lyzat \u00e9s s\u00fctik - Thisismadeiraisland","isPartOf":{"@id":"https:\/\/thisismadeiraisland.com\/#website"},"datePublished":"2025-03-20T11:26:11+00:00","dateModified":"2025-06-06T13:54:30+00:00","breadcrumb":{"@id":"https:\/\/thisismadeiraisland.com\/privacy-and-cookies\/#breadcrumb"},"inLanguage":"hu","potentialAction":[{"@type":"ReadAction","target":["https:\/\/thisismadeiraisland.com\/privacy-and-cookies\/"]}]},{"@type":"BreadcrumbList","@id":"https:\/\/thisismadeiraisland.com\/privacy-and-cookies\/#breadcrumb","itemListElement":[{"@type":"ListItem","position":1,"name":"Home","item":"https:\/\/thisismadeiraisland.com\/"},{"@type":"ListItem","position":2,"name":"Privacy Policy &amp; Cookies"}]},{"@type":"WebSite","@id":"https:\/\/thisismadeiraisland.com\/#website","url":"https:\/\/thisismadeiraisland.com\/","name":"Thisismadeiraisland","description":"Thisismadeiraisland","potentialAction":[{"@type":"SearchAction","target":{"@type":"EntryPoint","urlTemplate":"https:\/\/thisismadeiraisland.com\/?s={search_term_string}"},"query-input":{"@type":"PropertyValueSpecification","valueRequired":true,"valueName":"search_term_string"}}],"inLanguage":"hu"}]}},"_links":{"self":[{"href":"https:\/\/thisismadeiraisland.com\/hu\/wp-json\/wp\/v2\/pages\/241","targetHints":{"allow":["GET"]}}],"collection":[{"href":"https:\/\/thisismadeiraisland.com\/hu\/wp-json\/wp\/v2\/pages"}],"about":[{"href":"https:\/\/thisismadeiraisland.com\/hu\/wp-json\/wp\/v2\/types\/page"}],"author":[{"embeddable":true,"href":"https:\/\/thisismadeiraisland.com\/hu\/wp-json\/wp\/v2\/users\/1"}],"replies":[{"embeddable":true,"href":"https:\/\/thisismadeiraisland.com\/hu\/wp-json\/wp\/v2\/comments?post=241"}],"version-history":[{"count":0,"href":"https:\/\/thisismadeiraisland.com\/hu\/wp-json\/wp\/v2\/pages\/241\/revisions"}],"wp:attachment":[{"href":"https:\/\/thisismadeiraisland.com\/hu\/wp-json\/wp\/v2\/media?parent=241"}],"curies":[{"name":"wp","href":"https:\/\/api.w.org\/{rel}","templated":true}]}}