{"id":239,"date":"2025-03-20T11:26:01","date_gmt":"2025-03-20T11:26:01","guid":{"rendered":"https:\/\/thisismadeiraisland.com\/?page_id=239"},"modified":"2025-06-17T14:19:10","modified_gmt":"2025-06-17T14:19:10","slug":"faqs","status":"publish","type":"page","link":"https:\/\/thisismadeiraisland.com\/lt\/faqs\/","title":{"rendered":"DUK"},"content":{"rendered":"<section class=\"page-banner\" id=\"page-banner\">\n    <div class=\"container\">\n                    <h1 class=\"page-banner__title\">Da\u017eniausiai u\u017eduodami klausimai apie kelion\u0119 \u012f Madeir\u0105<\/h1>\n            <\/div>\n<\/section>\n\n<style>\n    .page-banner {\n        background-image: url('\/wp-content\/uploads\/2025\/05\/porto-moniz.jpg');\n    }\n\n    @media (min-width: 768px) {\n        .page-banner {\n            background-image: url('\/wp-content\/uploads\/2025\/05\/porto-moniz-1024x371.jpg');\n        }\n    }\n<\/style>\n\n\n<section class=\"faqs\">\n    <div class=\"faqs_bg\">\n        <img decoding=\"async\" src=\"\" alt=\"\" aria-hidden=\"true\">\n    <\/div>\n    <div class=\"container\">\n\n        <h2 class=\"title\">DUK<\/h2>\n\n                    <div class=\"faqs_list\">\n\n                                    <div class=\"faq_item\">\n                        <div class=\"question\">\n                            <h3>Kuriuo metu geriausia lankytis Madeiroje?<\/h3>\n                            <span class=\"faq_icon\">\n\n                                <svg class=\"faq_icon_minus\" width=\"11\" height=\"1\" viewbox=\"0 0 11 1\" fill=\"none\" xmlns=\"http:\/\/www.w3.org\/2000\/svg\">\n                                    <rect x=\"11\" width=\"1\" height=\"11\" rx=\"0.5\" transform=\"rotate(90 11 0)\" fill=\"#F73939\"><\/rect>\n                                <\/svg>\n\n                                <svg class=\"faq_icon_plus\" width=\"11\" height=\"11\" viewbox=\"0 0 11 11\" fill=\"none\" xmlns=\"http:\/\/www.w3.org\/2000\/svg\">\n                                    <rect x=\"5\" width=\"1\" height=\"11\" rx=\"0.5\" fill=\"#F73939\"><\/rect>\n                                    <rect x=\"11\" y=\"5\" width=\"1\" height=\"11\" rx=\"0.5\" transform=\"rotate(90 11 5)\" fill=\"#F73939\"><\/rect>\n                                <\/svg>\n                            <\/span>\n                        <\/div>\n                        <div class=\"answer\" aria-expanded=\"false\"><p>D\u0117l \u0161velnaus subtropinio klimato Madeiroje galima lankytis i\u0161tisus metus. Ta\u010diau pavasaris ir vasaros prad\u017eia (kovo-bir\u017eelio m\u0117n.) idealiai tinka m\u0117gautis \u017eydin\u010diomis g\u0117l\u0117mis ir aktyvia veikla lauke.<\/p>\n<\/div>\n                    <\/div>\n                                    <div class=\"faq_item\">\n                        <div class=\"question\">\n                            <h3>Ar reikia vizos keliaujant \u012f Madeir\u0105?<\/h3>\n                            <span class=\"faq_icon\">\n\n                                <svg class=\"faq_icon_minus\" width=\"11\" height=\"1\" viewbox=\"0 0 11 1\" fill=\"none\" xmlns=\"http:\/\/www.w3.org\/2000\/svg\">\n                                    <rect x=\"11\" width=\"1\" height=\"11\" rx=\"0.5\" transform=\"rotate(90 11 0)\" fill=\"#F73939\"><\/rect>\n                                <\/svg>\n\n                                <svg class=\"faq_icon_plus\" width=\"11\" height=\"11\" viewbox=\"0 0 11 11\" fill=\"none\" xmlns=\"http:\/\/www.w3.org\/2000\/svg\">\n                                    <rect x=\"5\" width=\"1\" height=\"11\" rx=\"0.5\" fill=\"#F73939\"><\/rect>\n                                    <rect x=\"11\" y=\"5\" width=\"1\" height=\"11\" rx=\"0.5\" transform=\"rotate(90 11 5)\" fill=\"#F73939\"><\/rect>\n                                <\/svg>\n                            <\/span>\n                        <\/div>\n                        <div class=\"answer\" aria-expanded=\"false\"><p>Madeira yra Portugalijos, \u0160engeno erdv\u0117s nar\u0117s, dalis. Lankytojai i\u0161 daugelio \u0161ali\u0173 \u010dia gali b\u016bti be viz\u0173 iki 90 dien\u0173. Prie\u0161 keliaudami pasitikslinkite savo \u0161alies reikalavimus.<\/p>\n<\/div>\n                    <\/div>\n                                    <div class=\"faq_item\">\n                        <div class=\"question\">\n                            <h3>K\u0105 galima veikti Madeiroje?<\/h3>\n                            <span class=\"faq_icon\">\n\n                                <svg class=\"faq_icon_minus\" width=\"11\" height=\"1\" viewbox=\"0 0 11 1\" fill=\"none\" xmlns=\"http:\/\/www.w3.org\/2000\/svg\">\n                                    <rect x=\"11\" width=\"1\" height=\"11\" rx=\"0.5\" transform=\"rotate(90 11 0)\" fill=\"#F73939\"><\/rect>\n                                <\/svg>\n\n                                <svg class=\"faq_icon_plus\" width=\"11\" height=\"11\" viewbox=\"0 0 11 11\" fill=\"none\" xmlns=\"http:\/\/www.w3.org\/2000\/svg\">\n                                    <rect x=\"5\" width=\"1\" height=\"11\" rx=\"0.5\" fill=\"#F73939\"><\/rect>\n                                    <rect x=\"11\" y=\"5\" width=\"1\" height=\"11\" rx=\"0.5\" transform=\"rotate(90 11 5)\" fill=\"#F73939\"><\/rect>\n                                <\/svg>\n                            <\/span>\n                        <\/div>\n                        <div class=\"answer\" aria-expanded=\"false\"><p>Madeiroje galima leistis \u012f p\u0117s\u010di\u0173j\u0173 \u017eygius, steb\u0117ti banginius, skraidyti parasparniais, plaukioti kanjonu ir tyrin\u0117ti \u012f UNESCO s\u0105ra\u0161\u0105 \u012ftraukt\u0105 Laurisilvos mi\u0161k\u0105. Nepraleiskite Fun\u0161alyje esan\u010di\u0173 levados tak\u0173 ir kult\u016brini\u0173 patir\u010di\u0173.<\/p>\n<\/div>\n                    <\/div>\n                                    <div class=\"faq_item\">\n                        <div class=\"question\">\n                            <h3>Ar Madeira tinka \u0161eimoms?<\/h3>\n                            <span class=\"faq_icon\">\n\n                                <svg class=\"faq_icon_minus\" width=\"11\" height=\"1\" viewbox=\"0 0 11 1\" fill=\"none\" xmlns=\"http:\/\/www.w3.org\/2000\/svg\">\n                                    <rect x=\"11\" width=\"1\" height=\"11\" rx=\"0.5\" transform=\"rotate(90 11 0)\" fill=\"#F73939\"><\/rect>\n                                <\/svg>\n\n                                <svg class=\"faq_icon_plus\" width=\"11\" height=\"11\" viewbox=\"0 0 11 11\" fill=\"none\" xmlns=\"http:\/\/www.w3.org\/2000\/svg\">\n                                    <rect x=\"5\" width=\"1\" height=\"11\" rx=\"0.5\" fill=\"#F73939\"><\/rect>\n                                    <rect x=\"11\" y=\"5\" width=\"1\" height=\"11\" rx=\"0.5\" transform=\"rotate(90 11 5)\" fill=\"#F73939\"><\/rect>\n                                <\/svg>\n                            <\/span>\n                        <\/div>\n                        <div class=\"answer\" aria-expanded=\"false\"><p>Absoliu\u010diai! Madeiroje yra veiklos \u012fvairaus am\u017eiaus \u017emon\u0117ms, \u012fskaitant lengvus \u017eygius, delfin\u0173 steb\u0117jimo ekskursijas, botanikos sodus ir sm\u0117lio papl\u016bdimius, pavyzd\u017eiui, Porto Santo.<\/p>\n<\/div>\n                    <\/div>\n                                    <div class=\"faq_item\">\n                        <div class=\"question\">\n                            <h3>Kuo gars\u0117ja Madeira?<\/h3>\n                            <span class=\"faq_icon\">\n\n                                <svg class=\"faq_icon_minus\" width=\"11\" height=\"1\" viewbox=\"0 0 11 1\" fill=\"none\" xmlns=\"http:\/\/www.w3.org\/2000\/svg\">\n                                    <rect x=\"11\" width=\"1\" height=\"11\" rx=\"0.5\" transform=\"rotate(90 11 0)\" fill=\"#F73939\"><\/rect>\n                                <\/svg>\n\n                                <svg class=\"faq_icon_plus\" width=\"11\" height=\"11\" viewbox=\"0 0 11 11\" fill=\"none\" xmlns=\"http:\/\/www.w3.org\/2000\/svg\">\n                                    <rect x=\"5\" width=\"1\" height=\"11\" rx=\"0.5\" fill=\"#F73939\"><\/rect>\n                                    <rect x=\"11\" y=\"5\" width=\"1\" height=\"11\" rx=\"0.5\" transform=\"rotate(90 11 5)\" fill=\"#F73939\"><\/rect>\n                                <\/svg>\n                            <\/span>\n                        <\/div>\n                        <div class=\"answer\" aria-expanded=\"false\"><p>Madeira gars\u0117ja savo gamtos gro\u017eiu, Madeiros vynu, pasivaik\u0161\u010diojimais levada ir \u0161vent\u0117mis, tokiomis kaip G\u0117li\u0173 festivalis ir Nauj\u0173j\u0173 met\u0173 fejerverkai. Ji taip pat vadinama \u201cAm\u017einojo pavasario sala\u201d.\u201d<\/p>\n<\/div>\n                    <\/div>\n                \n            <\/div>\n        \n    <\/div>\n\n    <script>\n        document.querySelectorAll('.question').forEach(function(button) {\n            button.addEventListener('click', function() {\n                const faqItem = button.closest('.faq_item');\n                const content = faqItem.querySelector('.answer');\n                const isExpanded = button.getAttribute('aria-expanded') === 'true';\n\n                button.setAttribute('aria-expanded', !isExpanded);\n                content.setAttribute('aria-hidden', isExpanded);\n\n                faqItem.classList.toggle('active');\n            });\n        });\n    <\/script>\n<\/section>","protected":false},"excerpt":{"rendered":"","protected":false},"author":1,"featured_media":0,"parent":0,"menu_order":0,"comment_status":"closed","ping_status":"closed","template":"","meta":{"_acf_changed":false,"footnotes":""},"class_list":["post-239","page","type-page","status-publish","hentry"],"acf":[],"yoast_head":"<!-- This site is optimized with the Yoast SEO plugin v27.3 - https:\/\/yoast.com\/product\/yoast-seo-wordpress\/ -->\n<title>FAQ\u2019s - Thisismadeiraisland<\/title>\n<meta name=\"robots\" content=\"index, follow, max-snippet:-1, max-image-preview:large, max-video-preview:-1\" \/>\n<link rel=\"canonical\" href=\"https:\/\/thisismadeiraisland.com\/lt\/faqs\/\" \/>\n<meta property=\"og:locale\" content=\"lt_LT\" \/>\n<meta property=\"og:type\" content=\"article\" \/>\n<meta property=\"og:title\" content=\"FAQ\u2019s - Thisismadeiraisland\" \/>\n<meta property=\"og:url\" content=\"https:\/\/thisismadeiraisland.com\/lt\/faqs\/\" \/>\n<meta property=\"og:site_name\" content=\"Thisismadeiraisland\" \/>\n<meta property=\"article:modified_time\" content=\"2025-06-17T14:19:10+00:00\" \/>\n<meta name=\"twitter:card\" content=\"summary_large_image\" \/>\n<script type=\"application\/ld+json\" class=\"yoast-schema-graph\">{\"@context\":\"https:\\\/\\\/schema.org\",\"@graph\":[{\"@type\":\"WebPage\",\"@id\":\"https:\\\/\\\/thisismadeiraisland.com\\\/faqs\\\/\",\"url\":\"https:\\\/\\\/thisismadeiraisland.com\\\/faqs\\\/\",\"name\":\"FAQ\u2019s - Thisismadeiraisland\",\"isPartOf\":{\"@id\":\"https:\\\/\\\/thisismadeiraisland.com\\\/#website\"},\"datePublished\":\"2025-03-20T11:26:01+00:00\",\"dateModified\":\"2025-06-17T14:19:10+00:00\",\"breadcrumb\":{\"@id\":\"https:\\\/\\\/thisismadeiraisland.com\\\/faqs\\\/#breadcrumb\"},\"inLanguage\":\"lt-LT\",\"potentialAction\":[{\"@type\":\"ReadAction\",\"target\":[\"https:\\\/\\\/thisismadeiraisland.com\\\/faqs\\\/\"]}]},{\"@type\":\"BreadcrumbList\",\"@id\":\"https:\\\/\\\/thisismadeiraisland.com\\\/faqs\\\/#breadcrumb\",\"itemListElement\":[{\"@type\":\"ListItem\",\"position\":1,\"name\":\"Home\",\"item\":\"https:\\\/\\\/thisismadeiraisland.com\\\/\"},{\"@type\":\"ListItem\",\"position\":2,\"name\":\"FAQ\u2019s\"}]},{\"@type\":\"WebSite\",\"@id\":\"https:\\\/\\\/thisismadeiraisland.com\\\/#website\",\"url\":\"https:\\\/\\\/thisismadeiraisland.com\\\/\",\"name\":\"Thisismadeiraisland\",\"description\":\"Thisismadeiraisland\",\"potentialAction\":[{\"@type\":\"SearchAction\",\"target\":{\"@type\":\"EntryPoint\",\"urlTemplate\":\"https:\\\/\\\/thisismadeiraisland.com\\\/?s={search_term_string}\"},\"query-input\":{\"@type\":\"PropertyValueSpecification\",\"valueRequired\":true,\"valueName\":\"search_term_string\"}}],\"inLanguage\":\"lt-LT\"}]}<\/script>\n<!-- \/ Yoast SEO plugin. -->","yoast_head_json":{"title":"DUK - Thisismadeiraisland","robots":{"index":"index","follow":"follow","max-snippet":"max-snippet:-1","max-image-preview":"max-image-preview:large","max-video-preview":"max-video-preview:-1"},"canonical":"https:\/\/thisismadeiraisland.com\/lt\/faqs\/","og_locale":"lt_LT","og_type":"article","og_title":"FAQ\u2019s - Thisismadeiraisland","og_url":"https:\/\/thisismadeiraisland.com\/lt\/faqs\/","og_site_name":"Thisismadeiraisland","article_modified_time":"2025-06-17T14:19:10+00:00","twitter_card":"summary_large_image","schema":{"@context":"https:\/\/schema.org","@graph":[{"@type":"WebPage","@id":"https:\/\/thisismadeiraisland.com\/faqs\/","url":"https:\/\/thisismadeiraisland.com\/faqs\/","name":"DUK - Thisismadeiraisland","isPartOf":{"@id":"https:\/\/thisismadeiraisland.com\/#website"},"datePublished":"2025-03-20T11:26:01+00:00","dateModified":"2025-06-17T14:19:10+00:00","breadcrumb":{"@id":"https:\/\/thisismadeiraisland.com\/faqs\/#breadcrumb"},"inLanguage":"lt-LT","potentialAction":[{"@type":"ReadAction","target":["https:\/\/thisismadeiraisland.com\/faqs\/"]}]},{"@type":"BreadcrumbList","@id":"https:\/\/thisismadeiraisland.com\/faqs\/#breadcrumb","itemListElement":[{"@type":"ListItem","position":1,"name":"Home","item":"https:\/\/thisismadeiraisland.com\/"},{"@type":"ListItem","position":2,"name":"FAQ\u2019s"}]},{"@type":"WebSite","@id":"https:\/\/thisismadeiraisland.com\/#website","url":"https:\/\/thisismadeiraisland.com\/","name":"\u0160isismadeiraisland","description":"\u0160isismadeiraisland","potentialAction":[{"@type":"SearchAction","target":{"@type":"EntryPoint","urlTemplate":"https:\/\/thisismadeiraisland.com\/?s={search_term_string}"},"query-input":{"@type":"PropertyValueSpecification","valueRequired":true,"valueName":"search_term_string"}}],"inLanguage":"lt-LT"}]}},"_links":{"self":[{"href":"https:\/\/thisismadeiraisland.com\/lt\/wp-json\/wp\/v2\/pages\/239","targetHints":{"allow":["GET"]}}],"collection":[{"href":"https:\/\/thisismadeiraisland.com\/lt\/wp-json\/wp\/v2\/pages"}],"about":[{"href":"https:\/\/thisismadeiraisland.com\/lt\/wp-json\/wp\/v2\/types\/page"}],"author":[{"embeddable":true,"href":"https:\/\/thisismadeiraisland.com\/lt\/wp-json\/wp\/v2\/users\/1"}],"replies":[{"embeddable":true,"href":"https:\/\/thisismadeiraisland.com\/lt\/wp-json\/wp\/v2\/comments?post=239"}],"version-history":[{"count":0,"href":"https:\/\/thisismadeiraisland.com\/lt\/wp-json\/wp\/v2\/pages\/239\/revisions"}],"wp:attachment":[{"href":"https:\/\/thisismadeiraisland.com\/lt\/wp-json\/wp\/v2\/media?parent=239"}],"curies":[{"name":"wp","href":"https:\/\/api.w.org\/{rel}","templated":true}]}}