{"id":241,"date":"2025-03-20T11:26:11","date_gmt":"2025-03-20T11:26:11","guid":{"rendered":"https:\/\/thisismadeiraisland.com\/?page_id=241"},"modified":"2025-06-06T13:54:30","modified_gmt":"2025-06-06T13:54:30","slug":"privatumas-ir-slapukai","status":"publish","type":"page","link":"https:\/\/thisismadeiraisland.com\/lt\/privacy-and-cookies\/","title":{"rendered":"Privatumo politika ir slapukai"},"content":{"rendered":"<section class=\"page-banner\" id=\"page-banner\">\n    <div class=\"container\">\n                    <h1 class=\"page-banner__title\">Privatumo politika<\/h1>\n            <\/div>\n<\/section>\n\n<style>\n    .page-banner {\n        background-image: url('\/wp-content\/uploads\/2025\/06\/balcoes-Madeira-Island-02.webp');\n    }\n\n    @media (min-width: 768px) {\n        .page-banner {\n            background-image: url('\/wp-content\/uploads\/2025\/06\/balcoes-Madeira-Island-02-1024x417.webp');\n        }\n    }\n<\/style>\n\n\n<p><\/p>\n\n\n<section class=\"text_content_area\">\n    <div class=\"container\">\n        <p><!-- wp:paragraph --><\/p>\n<p><strong>Mums svarbus j\u016bs\u0173 privatumas. Vertiname j\u016bs\u0173 pasitik\u0117jim\u0105 ir esame \u012fsipareigoj\u0119 saugoti ir apsaugoti bet koki\u0105 j\u016bs\u0173 pateikt\u0105 asmenin\u0119 informacij\u0105. \u0160iame dokumente, kur\u012f laikas nuo laiko atnaujiname, apra\u0161oma, kaip naudojame ir tvarkome j\u016bs\u0173 asmens duomenis ir kaip naudojame slapukus. Jame taip pat nurodoma, kaip galite su mumis susisiekti, jei turite klausim\u0173 d\u0117l savo asmenin\u0117s informacijos.<\/strong><\/p>\n<p><!-- \/wp:paragraph --> <!-- wp:paragraph --><\/p>\n<p><strong>Tai yra Madeiros sala teikia internetines kelioni\u0173 paslaugas savo interneto svetain\u0117se ir mobiliosiose program\u0117l\u0117se bei kitose interneto platformose, pavyzd\u017eiui, partneri\u0173 interneto svetain\u0117se ir socialiniuose tinkluose. Toliau pateikta informacija taikoma visoms \u0161ioms platformoms.<\/strong><\/p>\n<p><!-- \/wp:paragraph --> <!-- wp:paragraph --><\/p>\n<p>Tai yra Madeiros salos politika Tai yra Madeiros salos politika gerbti j\u016bs\u0173 privatum\u0105, susijus\u012f su bet kokia informacija, kuri\u0105 galime surinkti naudodamiesi m\u016bs\u0173 svetaine. \u0160i privatumo politika taikoma www.thisismadeiraisland.com (toliau - mes, \u201cmes\u201d arba \u201cwww.thisismadeiraisland.com\u201d). Gerbiame j\u016bs\u0173 privatum\u0105 ir esame \u012fsipareigoj\u0119 saugoti asmenin\u0119 informacij\u0105, kuri\u0105 galite mums pateikti naudodamiesi interneto svetaine. \u0160i\u0105 privatumo politik\u0105 (toliau - Privatumo politika) patvirtinome nor\u0117dami paai\u0161kinti, kokia informacija gali b\u016bti renkama m\u016bs\u0173 Svetain\u0117je, kaip mes naudojame \u0161i\u0105 informacij\u0105 ir kokiomis aplinkyb\u0117mis galime atskleisti informacij\u0105 tre\u010diosioms \u0161alims. \u0160i privatumo politika taikoma tik informacijai, kuri\u0105 renkame Svetain\u0117je, ir netaikoma informacijai, kuri\u0105 renkame i\u0161 kit\u0173 \u0161altini\u0173.<br \/>\n\u0160ioje privatumo politikoje kartu su m\u016bs\u0173 Svetain\u0117je paskelbtomis Taisykl\u0117mis ir s\u0105lygomis pateikiamos bendrosios taisykl\u0117s ir politika, reglamentuojan\u010dios j\u016bs\u0173 naudojim\u0105si m\u016bs\u0173 Svetaine. Priklausomai nuo j\u016bs\u0173 veiklos lankantis m\u016bs\u0173 Svetain\u0117je, gali b\u016bti reikalaujama, kad sutiktum\u0117te su papildomomis nuostatomis ir s\u0105lygomis.<\/p>\n<p><!-- \/wp:paragraph --> <!-- wp:paragraph --><\/p>\n<p><strong>- Svetain\u0117s lankytojai<\/strong><br \/>\nKaip ir dauguma svetaini\u0173 operatori\u0173, \"This is Madeira Island\" renka neasmeni\u0161kai identifikuojan\u010di\u0105 informacij\u0105, kuri\u0105 paprastai pateikia interneto nar\u0161ykl\u0117s ir serveriai, pavyzd\u017eiui, nar\u0161ykl\u0117s tip\u0105, kalbos pasirinkim\u0105, nukreipian\u010di\u0105j\u0105 svetain\u0119, kiekvieno lankytojo u\u017eklausos dat\u0105 ir laik\u0105. Rinkdama neasmeni\u0161kai identifikuojan\u010di\u0105 informacij\u0105 This is Madeira Island siekia geriau suprasti, kaip This is Madeira Island lankytojai naudojasi jos svetaine. Kartkart\u0117mis This is Madeira Island gali paskelbti ne asmen\u012f identifikuojan\u010di\u0105 informacij\u0105, pavyzd\u017eiui, paskelbdama ataskait\u0105 apie savo svetain\u0117s naudojimo tendencijas.<br \/>\nThis is Madeira Island taip pat renka potencialiai asmen\u012f identifikuojan\u010di\u0105 informacij\u0105, pavyzd\u017eiui, interneto protokolo (IP) adresus prisijungusiems naudotojams ir naudotojams, paliekantiems komentarus http:\/\/thisismadeiraisland.com tinklara\u0161tyje. This is Madeira Island atskleid\u017eia tik prisijungusi\u0173 naudotoj\u0173 ir komentatori\u0173 IP adresus tomis pa\u010diomis aplinkyb\u0117mis, kuriomis naudoja ir atskleid\u017eia toliau apra\u0161yt\u0105 asmen\u012f identifikuojan\u010di\u0105 informacij\u0105.<\/p>\n<p><!-- \/wp:paragraph --> <!-- wp:paragraph --><\/p>\n<p><strong>- Asmen\u012f identifikuojan\u010dios informacijos rinkimas<\/strong><br \/>\nKai kurie \"This is Madeira Island\" svetaini\u0173 lankytojai nusprend\u017eia bendrauti su \"This is Madeira Island\" tokiais b\u016bdais, kad \"This is Madeira Island\" turi rinkti asmen\u012f identifikuojan\u010di\u0105 informacij\u0105. Informacijos, kuri\u0105 This is Madeira Island renka, kiekis ir tipas priklauso nuo s\u0105veikos pob\u016bd\u017eio. Pavyzd\u017eiui, pra\u0161ome lankytoj\u0173, kurie u\u017esiregistruoja tinklara\u0161tyje http:\/\/thisismadeiraisland.com, nurodyti vartotojo vard\u0105 ir el. pa\u0161to adres\u0105.<\/p>\n<p><!-- \/wp:paragraph --> <!-- wp:paragraph --><\/p>\n<p><strong>- Saugumas<\/strong><br \/>\nMums svarbus j\u016bs\u0173 asmenin\u0117s informacijos saugumas, ta\u010diau nepamir\u0161kite, kad joks perdavimo internetu ar elektroninio saugojimo b\u016bdas n\u0117ra saugus. Nors stengiam\u0117s naudoti komerci\u0161kai priimtinas priemones, kad apsaugotume j\u016bs\u0173 Asmenin\u0119 informacij\u0105, negalime garantuoti visi\u0161ko jos saugumo.<\/p>\n<p><!-- \/wp:paragraph --> <!-- wp:paragraph --><\/p>\n<p><strong>- Skelbimai<\/strong><br \/>\nM\u016bs\u0173 svetain\u0117je rodomus skelbimus naudotojams gali pateikti reklamos partneriai, kurie gali nustatyti slapukus. \u0160ie slapukai leid\u017eia reklamos serveriui atpa\u017einti j\u016bs\u0173 kompiuter\u012f kiekvien\u0105 kart\u0105, kai siun\u010dia jums internetin\u0119 reklam\u0105, kad gal\u0117t\u0173 kaupti informacij\u0105 apie jus arba kitus asmenis, kurie naudojasi j\u016bs\u0173 kompiuteriu. \u0160i informacija leid\u017eia skelbim\u0173 tinklams, be kita ko, teikti tikslin\u0119 reklam\u0105, kuri, j\u0173 nuomone, jus labiausiai domina. \u0160i privatumo politika taikoma This is Madeira Island slapuk\u0173 naudojimui ir neapima joki\u0173 reklamuotoj\u0173 slapuk\u0173 naudojimo.<\/p>\n<p><!-- \/wp:paragraph --> <!-- wp:paragraph --><\/p>\n<p><strong>- Nuorodos \u012f i\u0161orines svetaines<\/strong><br \/>\nM\u016bs\u0173 Paslaugoje gali b\u016bti nuorod\u0173 \u012f i\u0161orines svetaines, kuri\u0173 mes nevaldome. Jei spustel\u0117site tre\u010diosios \u0161alies nuorod\u0105, b\u016bsite nukreipti \u012f tos tre\u010diosios \u0161alies svetain\u0119. Primygtinai rekomenduojame susipa\u017einti su kiekvienos svetain\u0117s, kurioje lankot\u0117s, privatumo politika ir s\u0105lygomis.<br \/>\nMes nekontroliuojame ir neprisiimame jokios atsakomyb\u0117s u\u017e tre\u010di\u0173j\u0173 \u0161ali\u0173 svetaini\u0173, produkt\u0173 ar paslaug\u0173 turin\u012f, privatumo politik\u0105 ar praktik\u0105.<\/p>\n<p><!-- \/wp:paragraph --> <!-- wp:paragraph --><\/p>\n<p><strong>- Www.thisismadeiraisland.com naudoja \"Google AdWords\" pakartotinei rinkodarai<\/strong><br \/>\nWww.thisismadeiraisland.com naudoja pakartotin\u0117s rinkodaros paslaugas, kad tre\u010di\u0173j\u0173 \u0161ali\u0173 svetain\u0117se (\u012fskaitant \"Google\") reklamuot\u0173 ankstesnius m\u016bs\u0173 svetain\u0117s lankytojus. Tai gali reik\u0161ti, kad reklamuojame ankstesnius lankytojus, kurie neatliko u\u017eduoties m\u016bs\u0173 svetain\u0117je, pavyzd\u017eiui, pasinaudoj\u0119 kontakt\u0173 forma pateik\u0117 u\u017eklaus\u0105. Tai gali b\u016bti reklama \"Google\" paie\u0161kos rezultat\u0173 puslapyje arba \"Google\" rodymo tinkle esan\u010dioje svetain\u0117je. Tre\u010di\u0173j\u0173 \u0161ali\u0173 pardav\u0117jai, \u012fskaitant \"Google\", naudoja slapukus, kad rodyt\u0173 skelbimus pagal ankstesnius apsilankymus. \u017dinoma, visi surinkti duomenys bus naudojami laikantis m\u016bs\u0173 privatumo politikos ir \"Google\" privatumo politikos.<br \/>\nNaudodamiesi \"Google\" reklamos nuostat\u0173 puslapiu galite nustatyti, kaip \"Google\" jums skelbia reklam\u0105, o jei norite, galite visi\u0161kai atsisakyti interesais pagr\u012fstos reklamos naudodami slapuk\u0173 nustatymus arba visam laikui naudodami nar\u0161ykl\u0117s \u012fskiep\u012f.<\/p>\n<p><!-- \/wp:paragraph --> <!-- wp:paragraph --><\/p>\n<p><strong>- Tam tikros asmen\u012f identifikuojan\u010dios informacijos apsauga<\/strong><br \/>\n\"This is Madeira Island\" atskleid\u017eia potencialiai asmen\u012f identifikuojan\u010di\u0105 ir asmen\u012f identifikuojan\u010di\u0105 informacij\u0105 tik tiems savo darbuotojams, rangovams ir susijusioms organizacijoms, kurie (i) turi \u017einoti \u0161i\u0105 informacij\u0105, kad gal\u0117t\u0173 j\u0105 apdoroti \"This is Madeira Island\" vardu arba teikti \"This is Madeira Island\" svetain\u0117je teikiamas paslaugas, ir (ii) kurie sutiko jos neatskleisti kitiems. Kai kurie i\u0161 \u0161i\u0173 darbuotoj\u0173, rangov\u0173 ir susijusi\u0173 organizacij\u0173 gali b\u016bti \u012fsik\u016br\u0119 u\u017e j\u016bs\u0173 \u0161alies rib\u0173; naudodamiesi This is Madeira Island svetaine, j\u016bs sutinkate, kad tokia informacija jiems b\u016bt\u0173 perduodama. This is Madeira Island niekam nei\u0161nuomos ir neparduos potencialiai asmen\u012f identifikuojan\u010dios ir asmen\u012f identifikuojan\u010dios informacijos. I\u0161skyrus savo darbuotojams, rangovams ir susijusioms organizacijoms, kaip apra\u0161yta pirmiau, This is Madeira Island atskleid\u017eia galimai asmen\u012f identifikuojan\u010di\u0105 ir asmen\u012f identifikuojan\u010di\u0105 informacij\u0105 tik reaguodama \u012f teismo \u0161aukim\u0105, teismo \u012fsakym\u0105 ar kit\u0105 vyriausyb\u0117s pra\u0161ym\u0105 arba kai This is Madeira Island s\u0105\u017einingai mano, kad atskleisti informacij\u0105 yra pagr\u012fstai b\u016btina siekiant apsaugoti This is Madeira Island, tre\u010di\u0173j\u0173 \u0161ali\u0173 ar visos visuomen\u0117s nuosavyb\u0119 ar teises.<br \/>\nJei esate registruotas http:\/\/thisismadeiraisland.com naudotojas ir pateik\u0117te savo el. pa\u0161to adres\u0105, \"This is Madeira Island\" gali retkar\u010diais si\u0173sti jums el. lai\u0161k\u0105, kad prane\u0161t\u0173 apie naujas funkcijas, papra\u0161yt\u0173 j\u016bs\u0173 atsiliepim\u0173 arba tiesiog informuot\u0173 apie tai, kas vyksta su \"This is Madeira Island\" ir m\u016bs\u0173 produktais. Tokio pob\u016bd\u017eio informacijai perduoti pirmiausia naudojame savo tinklara\u0161t\u012f, tod\u0117l tikim\u0117s, kad tokio pob\u016bd\u017eio el. lai\u0161k\u0173 bus siun\u010diama kuo ma\u017eiau. Jei siun\u010diate mums u\u017eklaus\u0105 (pavyzd\u017eiui, pagalbos el. pa\u0161tu arba naudodamiesi vienu i\u0161 m\u016bs\u0173 atsiliepim\u0173 mechanizm\u0173), pasiliekame teis\u0119 j\u0105 paskelbti, kad gal\u0117tume i\u0161ai\u0161kinti j\u016bs\u0173 u\u017eklaus\u0105, \u012f j\u0105 atsakyti arba pad\u0117ti mums pad\u0117ti kitiems naudotojams. This is Madeira Island imasi vis\u0173 pagr\u012fstai b\u016btin\u0173 priemoni\u0173, kad apsaugot\u0173 nuo neteis\u0117tos prieigos prie galimai asmen\u012f identifikuojan\u010dios ir asmen\u012f identifikuojan\u010dios informacijos, jos naudojimo, keitimo ar naikinimo.<\/p>\n<p><!-- \/wp:paragraph --> <!-- wp:paragraph --><\/p>\n<p><strong>- Partneri\u0173 atskleidimas<\/strong><br \/>\n\u0160i svetain\u0117 naudoja partneri\u0173 nuorodas ir u\u017e tam tikras nuorodas gauna komisinius. Tai neturi \u012ftakos j\u016bs\u0173 pirkimams ar kainai, kuri\u0105 galite sumok\u0117ti.<\/p>\n<p><!-- \/wp:paragraph --> <!-- wp:paragraph --><\/p>\n<p><strong>- Slapukai<\/strong><br \/>\nSiekdama praturtinti ir patobulinti j\u016bs\u0173 patirt\u012f internete, \u201cThis is Madeira Island\u201d naudoja \"slapukus\", pana\u0161ias technologijas ir kit\u0173 teikiamas paslaugas, kad rodyt\u0173 suasmenint\u0105 turin\u012f, atitinkam\u0105 reklam\u0105 ir i\u0161saugot\u0173 j\u016bs\u0173 nuostatas j\u016bs\u0173 kompiuteryje.<br \/>\nSlapukas - tai informacijos eilut\u0117, kuri\u0105 svetain\u0117 saugo lankytojo kompiuteryje ir kuri\u0105 lankytojo nar\u0161ykl\u0117 pateikia svetainei kiekvien\u0105 kart\u0105, kai lankytojas sugr\u012f\u017eta. This is Madeira Island\" naudoja slapukus, kad pad\u0117t\u0173 \"This is Madeira Island\" atpa\u017einti ir sekti lankytojus, j\u0173 naudojim\u0105si http:\/\/thisismadeiraisland.com ir prieigos prie svetain\u0117s nuostatas. This is Madeira Island lankytojai, kurie nenori, kad j\u0173 kompiuteriuose b\u016bt\u0173 \u012fra\u0161yti slapukai, prie\u0161 naudodamiesi This is Madeira Island interneto svetain\u0117mis tur\u0117t\u0173 nustatyti savo nar\u0161ykl\u0119 taip, kad ji atsisakyt\u0173 slapuk\u0173, ta\u010diau tam tikros This is Madeira Island interneto svetaini\u0173 funkcijos gali tinkamai neveikti be slapuk\u0173 pagalbos.<br \/>\nT\u0119sdami nar\u0161ym\u0105 m\u016bs\u0173 svetain\u0117je ir nekeisdami slapuk\u0173 nustatym\u0173, patvirtinate ir sutinkate, kad This is Madeira Island naudoja slapukus.<\/p>\n<p><!-- \/wp:paragraph --> <!-- wp:paragraph --><\/p>\n<p><strong>- Elektronin\u0117 prekyba<\/strong><br \/>\nT\u0173, kurie sudaro sandorius su \"This is Madeira Island\", t. y. perka \"This is Madeira Island\" paslaugas ar produktus, pra\u0161oma pateikti papildomos informacijos, \u012fskaitant, jei reikia, asmenin\u0119 ir finansin\u0119 informacij\u0105, reikaling\u0105 \u0161iems sandoriams atlikti. Kiekvienu atveju This is Madeira Island renka toki\u0105 informacij\u0105 tik tiek, kiek ji yra b\u016btina arba tinkama lankytojo s\u0105veikos su This is Madeira Island tikslui \u012fvykdyti. This is Madeira Island neatskleid\u017eia asmen\u012f identifikuojan\u010dios informacijos, i\u0161skyrus toliau apra\u0161ytus atvejus. O lankytojai visada gali atsisakyti pateikti asmen\u012f identifikuojan\u010di\u0105 informacij\u0105, su i\u0161lyga, kad tai gali sutrukdyti jiems dalyvauti tam tikroje su svetaine susijusioje veikloje.<\/p>\n<p><!-- \/wp:paragraph --> <!-- wp:paragraph --><\/p>\n<p><strong>Privatumo politikos pakeitimai<\/strong><br \/>\nNors dauguma pakeitim\u0173 grei\u010diausiai bus nedideli, \"This is Madeira Island\" savo privatumo politik\u0105 gali keisti savo nuo\u017ei\u016bra. This is Madeira Island ragina lankytojus da\u017enai tikrinti \u0161\u012f puslap\u012f, ar jame n\u0117ra privatumo politikos pakeitim\u0173. Toliau naudodamiesi \u0161ia svetaine po bet kokio Privatumo politikos pakeitimo, su tokiu pakeitimu sutinkate.<\/p>\n<p><!-- \/wp:paragraph --> <!-- wp:paragraph --><\/p>\n<p><em>Paskutin\u012f kart\u0105 atnaujinta 2020 m. vasario m\u0117n.<\/em><\/p>\n<p><!-- \/wp:paragraph --><\/p>\n    <\/div><!-- end container -->\n<\/section><!-- end text_content_area -->","protected":false},"excerpt":{"rendered":"","protected":false},"author":1,"featured_media":0,"parent":0,"menu_order":0,"comment_status":"closed","ping_status":"closed","template":"","meta":{"_acf_changed":false,"footnotes":""},"class_list":["post-241","page","type-page","status-publish","hentry"],"acf":[],"yoast_head":"<!-- This site is optimized with the Yoast SEO plugin v27.3 - https:\/\/yoast.com\/product\/yoast-seo-wordpress\/ -->\n<title>Privacy Policy &amp; Cookies - Thisismadeiraisland<\/title>\n<meta name=\"robots\" content=\"index, follow, max-snippet:-1, max-image-preview:large, max-video-preview:-1\" \/>\n<link rel=\"canonical\" href=\"https:\/\/thisismadeiraisland.com\/lt\/privatumas-ir-slapukai\/\" \/>\n<meta property=\"og:locale\" content=\"lt_LT\" \/>\n<meta property=\"og:type\" content=\"article\" \/>\n<meta property=\"og:title\" content=\"Privacy Policy &amp; Cookies - Thisismadeiraisland\" \/>\n<meta property=\"og:url\" content=\"https:\/\/thisismadeiraisland.com\/lt\/privatumas-ir-slapukai\/\" \/>\n<meta property=\"og:site_name\" content=\"Thisismadeiraisland\" \/>\n<meta property=\"article:modified_time\" content=\"2025-06-06T13:54:30+00:00\" \/>\n<meta name=\"twitter:card\" content=\"summary_large_image\" \/>\n<script type=\"application\/ld+json\" class=\"yoast-schema-graph\">{\"@context\":\"https:\\\/\\\/schema.org\",\"@graph\":[{\"@type\":\"WebPage\",\"@id\":\"https:\\\/\\\/thisismadeiraisland.com\\\/privacy-and-cookies\\\/\",\"url\":\"https:\\\/\\\/thisismadeiraisland.com\\\/privacy-and-cookies\\\/\",\"name\":\"Privacy Policy &amp; Cookies - Thisismadeiraisland\",\"isPartOf\":{\"@id\":\"https:\\\/\\\/thisismadeiraisland.com\\\/#website\"},\"datePublished\":\"2025-03-20T11:26:11+00:00\",\"dateModified\":\"2025-06-06T13:54:30+00:00\",\"breadcrumb\":{\"@id\":\"https:\\\/\\\/thisismadeiraisland.com\\\/privacy-and-cookies\\\/#breadcrumb\"},\"inLanguage\":\"lt-LT\",\"potentialAction\":[{\"@type\":\"ReadAction\",\"target\":[\"https:\\\/\\\/thisismadeiraisland.com\\\/privacy-and-cookies\\\/\"]}]},{\"@type\":\"BreadcrumbList\",\"@id\":\"https:\\\/\\\/thisismadeiraisland.com\\\/privacy-and-cookies\\\/#breadcrumb\",\"itemListElement\":[{\"@type\":\"ListItem\",\"position\":1,\"name\":\"Home\",\"item\":\"https:\\\/\\\/thisismadeiraisland.com\\\/\"},{\"@type\":\"ListItem\",\"position\":2,\"name\":\"Privacy Policy &amp; Cookies\"}]},{\"@type\":\"WebSite\",\"@id\":\"https:\\\/\\\/thisismadeiraisland.com\\\/#website\",\"url\":\"https:\\\/\\\/thisismadeiraisland.com\\\/\",\"name\":\"Thisismadeiraisland\",\"description\":\"Thisismadeiraisland\",\"potentialAction\":[{\"@type\":\"SearchAction\",\"target\":{\"@type\":\"EntryPoint\",\"urlTemplate\":\"https:\\\/\\\/thisismadeiraisland.com\\\/?s={search_term_string}\"},\"query-input\":{\"@type\":\"PropertyValueSpecification\",\"valueRequired\":true,\"valueName\":\"search_term_string\"}}],\"inLanguage\":\"lt-LT\"}]}<\/script>\n<!-- \/ Yoast SEO plugin. -->","yoast_head_json":{"title":"Privatumo politika ir slapukai - Thisismadeiraisland","robots":{"index":"index","follow":"follow","max-snippet":"max-snippet:-1","max-image-preview":"max-image-preview:large","max-video-preview":"max-video-preview:-1"},"canonical":"https:\/\/thisismadeiraisland.com\/lt\/privatumas-ir-slapukai\/","og_locale":"lt_LT","og_type":"article","og_title":"Privacy Policy &amp; Cookies - Thisismadeiraisland","og_url":"https:\/\/thisismadeiraisland.com\/lt\/privatumas-ir-slapukai\/","og_site_name":"Thisismadeiraisland","article_modified_time":"2025-06-06T13:54:30+00:00","twitter_card":"summary_large_image","schema":{"@context":"https:\/\/schema.org","@graph":[{"@type":"WebPage","@id":"https:\/\/thisismadeiraisland.com\/privacy-and-cookies\/","url":"https:\/\/thisismadeiraisland.com\/privacy-and-cookies\/","name":"Privatumo politika ir slapukai - Thisismadeiraisland","isPartOf":{"@id":"https:\/\/thisismadeiraisland.com\/#website"},"datePublished":"2025-03-20T11:26:11+00:00","dateModified":"2025-06-06T13:54:30+00:00","breadcrumb":{"@id":"https:\/\/thisismadeiraisland.com\/privacy-and-cookies\/#breadcrumb"},"inLanguage":"lt-LT","potentialAction":[{"@type":"ReadAction","target":["https:\/\/thisismadeiraisland.com\/privacy-and-cookies\/"]}]},{"@type":"BreadcrumbList","@id":"https:\/\/thisismadeiraisland.com\/privacy-and-cookies\/#breadcrumb","itemListElement":[{"@type":"ListItem","position":1,"name":"Home","item":"https:\/\/thisismadeiraisland.com\/"},{"@type":"ListItem","position":2,"name":"Privacy Policy &amp; Cookies"}]},{"@type":"WebSite","@id":"https:\/\/thisismadeiraisland.com\/#website","url":"https:\/\/thisismadeiraisland.com\/","name":"\u0160isismadeiraisland","description":"\u0160isismadeiraisland","potentialAction":[{"@type":"SearchAction","target":{"@type":"EntryPoint","urlTemplate":"https:\/\/thisismadeiraisland.com\/?s={search_term_string}"},"query-input":{"@type":"PropertyValueSpecification","valueRequired":true,"valueName":"search_term_string"}}],"inLanguage":"lt-LT"}]}},"_links":{"self":[{"href":"https:\/\/thisismadeiraisland.com\/lt\/wp-json\/wp\/v2\/pages\/241","targetHints":{"allow":["GET"]}}],"collection":[{"href":"https:\/\/thisismadeiraisland.com\/lt\/wp-json\/wp\/v2\/pages"}],"about":[{"href":"https:\/\/thisismadeiraisland.com\/lt\/wp-json\/wp\/v2\/types\/page"}],"author":[{"embeddable":true,"href":"https:\/\/thisismadeiraisland.com\/lt\/wp-json\/wp\/v2\/users\/1"}],"replies":[{"embeddable":true,"href":"https:\/\/thisismadeiraisland.com\/lt\/wp-json\/wp\/v2\/comments?post=241"}],"version-history":[{"count":0,"href":"https:\/\/thisismadeiraisland.com\/lt\/wp-json\/wp\/v2\/pages\/241\/revisions"}],"wp:attachment":[{"href":"https:\/\/thisismadeiraisland.com\/lt\/wp-json\/wp\/v2\/media?parent=241"}],"curies":[{"name":"wp","href":"https:\/\/api.w.org\/{rel}","templated":true}]}}