{"id":241,"date":"2025-03-20T11:26:11","date_gmt":"2025-03-20T11:26:11","guid":{"rendered":"https:\/\/thisismadeiraisland.com\/?page_id=241"},"modified":"2025-06-06T13:54:30","modified_gmt":"2025-06-06T13:54:30","slug":"prywatnosc-i-pliki-cookie","status":"publish","type":"page","link":"https:\/\/thisismadeiraisland.com\/pl\/privacy-and-cookies\/","title":{"rendered":"Polityka prywatno\u015bci i pliki cookie"},"content":{"rendered":"<section class=\"page-banner\" id=\"page-banner\">\n    <div class=\"container\">\n                    <h1 class=\"page-banner__title\">Polityka prywatno\u015bci<\/h1>\n            <\/div>\n<\/section>\n\n<style>\n    .page-banner {\n        background-image: url('\/wp-content\/uploads\/2025\/06\/balcoes-Madeira-Island-02.webp');\n    }\n\n    @media (min-width: 768px) {\n        .page-banner {\n            background-image: url('\/wp-content\/uploads\/2025\/06\/balcoes-Madeira-Island-02-1024x417.webp');\n        }\n    }\n<\/style>\n\n\n<p><\/p>\n\n\n<section class=\"text_content_area\">\n    <div class=\"container\">\n        <p><!-- wp:paragraph --><\/p>\n<p><strong>Prywatno\u015b\u0107 u\u017cytkownik\u00f3w jest dla nas wa\u017cna. Cenimy Twoje zaufanie i jeste\u015bmy zobowi\u0105zani do ochrony i zabezpieczenia wszelkich danych osobowych, kt\u00f3re nam przekazujesz. Niniejszy dokument, kt\u00f3ry od czasu do czasu aktualizujemy, opisuje, w jaki spos\u00f3b wykorzystujemy i przetwarzamy dane osobowe u\u017cytkownik\u00f3w oraz w jaki spos\u00f3b korzystamy z plik\u00f3w cookie. Informuje on r\u00f3wnie\u017c, w jaki spos\u00f3b mo\u017cna si\u0119 z nami skontaktowa\u0107 w przypadku pyta\u0144 dotycz\u0105cych danych osobowych.<\/strong><\/p>\n<p><!-- \/wp:paragraph --> <!-- wp:paragraph --><\/p>\n<p><strong>This is Madeira Island \u015bwiadczy us\u0142ugi turystyczne online za po\u015brednictwem w\u0142asnych stron internetowych i aplikacji mobilnych oraz za po\u015brednictwem innych platform internetowych, takich jak strony internetowe partner\u00f3w i media spo\u0142eczno\u015bciowe. Poni\u017csze informacje dotycz\u0105 wszystkich tych platform.<\/strong><\/p>\n<p><!-- \/wp:paragraph --> <!-- wp:paragraph --><\/p>\n<p>Polityk\u0105 This is Madeira Island jest poszanowanie Twojej prywatno\u015bci w odniesieniu do wszelkich informacji, kt\u00f3re mo\u017cemy gromadzi\u0107 podczas prowadzenia naszej strony internetowej. Niniejsza Polityka prywatno\u015bci dotyczy witryny www.thisismadeiraisland.com (zwanej dalej \u201cnami\u201d, \u201cmy\u201d lub \u201cwww.thisismadeiraisland.com\u201d). Szanujemy prywatno\u015b\u0107 u\u017cytkownik\u00f3w i zobowi\u0105zujemy si\u0119 do ochrony informacji umo\u017cliwiaj\u0105cych identyfikacj\u0119 os\u00f3b, kt\u00f3re u\u017cytkownicy mog\u0105 nam przekazywa\u0107 za po\u015brednictwem Witryny. Przyj\u0119li\u015bmy niniejsz\u0105 polityk\u0119 prywatno\u015bci (\u201cPolityka prywatno\u015bci\u201d), aby wyja\u015bni\u0107, jakie informacje mog\u0105 by\u0107 gromadzone na naszej stronie internetowej, w jaki spos\u00f3b wykorzystujemy te informacje i w jakich okoliczno\u015bciach mo\u017cemy ujawnia\u0107 informacje stronom trzecim. Niniejsza Polityka prywatno\u015bci ma zastosowanie wy\u0142\u0105cznie do informacji gromadzonych przez nas za po\u015brednictwem Witryny i nie ma zastosowania do gromadzenia przez nas informacji z innych \u017ar\u00f3de\u0142.<br \/>\nNiniejsza Polityka Prywatno\u015bci, wraz z Regulaminem zamieszczonym na naszej Stronie Internetowej, okre\u015bla og\u00f3lne zasady i regu\u0142y reguluj\u0105ce korzystanie z naszej Strony Internetowej. W zale\u017cno\u015bci od dzia\u0142a\u0144 podejmowanych przez u\u017cytkownika podczas odwiedzania naszej Witryny, u\u017cytkownik mo\u017ce zosta\u0107 poproszony o wyra\u017cenie zgody na dodatkowe warunki.<\/p>\n<p><!-- \/wp:paragraph --> <!-- wp:paragraph --><\/p>\n<p><strong>- Odwiedzaj\u0105cy witryn\u0119<\/strong><br \/>\nPodobnie jak wi\u0119kszo\u015b\u0107 operator\u00f3w stron internetowych, This is Madeira Island gromadzi informacje nieosobowe, takie jak zwykle udost\u0119pniane przez przegl\u0105darki internetowe i serwery, takie jak typ przegl\u0105darki, preferencje j\u0119zykowe, witryna odsy\u0142aj\u0105ca oraz data i godzina ka\u017cdego \u017c\u0105dania odwiedzaj\u0105cego. Celem zbierania informacji nieb\u0119d\u0105cych danymi osobowymi jest lepsze zrozumienie, w jaki spos\u00f3b odwiedzaj\u0105cy This is Madeira Island korzystaj\u0105 z jej strony internetowej. Od czasu do czasu This is Madeira Island mo\u017ce publikowa\u0107 informacje nieidentyfikuj\u0105ce osoby w spos\u00f3b zbiorczy, np. publikuj\u0105c raport na temat trend\u00f3w w korzystaniu z jej strony internetowej.<br \/>\nThis is Madeira Island gromadzi r\u00f3wnie\u017c potencjalnie identyfikuj\u0105ce dane osobowe, takie jak adresy protoko\u0142u internetowego (IP) dla zalogowanych u\u017cytkownik\u00f3w i u\u017cytkownik\u00f3w pozostawiaj\u0105cych komentarze do post\u00f3w na blogu http:\/\/thisismadeiraisland.com. This is Madeira Island ujawnia adresy IP zalogowanych u\u017cytkownik\u00f3w i komentuj\u0105cych wy\u0142\u0105cznie w takich samych okoliczno\u015bciach, w jakich wykorzystuje i ujawnia dane osobowe, jak opisano poni\u017cej.<\/p>\n<p><!-- \/wp:paragraph --> <!-- wp:paragraph --><\/p>\n<p><strong>- Gromadzenie informacji umo\u017cliwiaj\u0105cych identyfikacj\u0119 os\u00f3b<\/strong><br \/>\nNiekt\u00f3re osoby odwiedzaj\u0105ce strony internetowe This is Madeira Island decyduj\u0105 si\u0119 na interakcj\u0119 z This is Madeira Island w spos\u00f3b, kt\u00f3ry wymaga od This is Madeira Island gromadzenia danych osobowych. Ilo\u015b\u0107 i rodzaj informacji gromadzonych przez This is Madeira Island zale\u017cy od charakteru interakcji. Na przyk\u0142ad prosimy odwiedzaj\u0105cych, kt\u00f3rzy rejestruj\u0105 si\u0119 na blogu pod adresem http:\/\/thisismadeiraisland.com, o podanie nazwy u\u017cytkownika i adresu e-mail.<\/p>\n<p><!-- \/wp:paragraph --> <!-- wp:paragraph --><\/p>\n<p><strong>- Bezpiecze\u0144stwo<\/strong><br \/>\nBezpiecze\u0144stwo danych osobowych u\u017cytkownika jest dla nas wa\u017cne, ale nale\u017cy pami\u0119ta\u0107, \u017ce \u017cadna metoda transmisji przez Internet ani metoda elektronicznego przechowywania danych nie jest bezpieczna. Chocia\u017c staramy si\u0119 wykorzystywa\u0107 komercyjnie akceptowalne \u015brodki w celu ochrony danych osobowych u\u017cytkownika, nie mo\u017cemy zagwarantowa\u0107 ich ca\u0142kowitego bezpiecze\u0144stwa.<\/p>\n<p><!-- \/wp:paragraph --> <!-- wp:paragraph --><\/p>\n<p><strong>- Reklamy<\/strong><br \/>\nReklamy pojawiaj\u0105ce si\u0119 na naszej stronie internetowej mog\u0105 by\u0107 dostarczane u\u017cytkownikom przez partner\u00f3w reklamowych, kt\u00f3rzy mog\u0105 ustawia\u0107 pliki cookie. Te pliki cookie pozwalaj\u0105 serwerowi reklamowemu rozpozna\u0107 komputer u\u017cytkownika za ka\u017cdym razem, gdy wysy\u0142aj\u0105 mu reklam\u0119 online w celu zebrania informacji o u\u017cytkowniku lub innych osobach korzystaj\u0105cych z jego komputera. Informacje te umo\u017cliwiaj\u0105 sieciom reklamowym mi\u0119dzy innymi dostarczanie ukierunkowanych reklam, kt\u00f3re ich zdaniem b\u0119d\u0105 najbardziej interesuj\u0105ce dla u\u017cytkownika. Niniejsza Polityka prywatno\u015bci obejmuje korzystanie z plik\u00f3w cookie przez This is Madeira Island i nie obejmuje korzystania z plik\u00f3w cookie przez reklamodawc\u00f3w.<\/p>\n<p><!-- \/wp:paragraph --> <!-- wp:paragraph --><\/p>\n<p><strong>- Linki do stron zewn\u0119trznych<\/strong><br \/>\nNasza Us\u0142uga mo\u017ce zawiera\u0107 \u0142\u0105cza do zewn\u0119trznych witryn, kt\u00f3re nie s\u0105 przez nas obs\u0142ugiwane. Klikni\u0119cie \u0142\u0105cza strony trzeciej spowoduje przekierowanie do witryny tej strony trzeciej. Zdecydowanie zalecamy zapoznanie si\u0119 z Polityk\u0105 prywatno\u015bci i warunkami ka\u017cdej odwiedzanej witryny.<br \/>\nNie mamy \u017cadnej kontroli i nie ponosimy \u017cadnej odpowiedzialno\u015bci za tre\u015bci, polityk\u0119 prywatno\u015bci lub praktyki stron, produkt\u00f3w lub us\u0142ug os\u00f3b trzecich.<\/p>\n<p><!-- \/wp:paragraph --> <!-- wp:paragraph --><\/p>\n<p><strong>- Www.thisismadeiraisland.com u\u017cywa Google AdWords do remarketingu<\/strong><br \/>\nWww.thisismadeiraisland.com korzysta z us\u0142ug remarketingowych, aby reklamowa\u0107 si\u0119 na stronach internetowych os\u00f3b trzecich (w tym Google) poprzednim odwiedzaj\u0105cym nasz\u0105 witryn\u0119. Mo\u017ce to oznacza\u0107, \u017ce reklamujemy si\u0119 poprzednim odwiedzaj\u0105cym, kt\u00f3rzy nie wykonali zadania na naszej stronie, na przyk\u0142ad korzystaj\u0105c z formularza kontaktowego w celu z\u0142o\u017cenia zapytania. Mo\u017ce to mie\u0107 form\u0119 reklamy na stronie wynik\u00f3w wyszukiwania Google lub na stronie w sieci reklamowej Google. Dostawcy zewn\u0119trzni, w tym Google, u\u017cywaj\u0105 plik\u00f3w cookie do wy\u015bwietlania reklam na podstawie wcze\u015bniejszych wizyt u\u017cytkownika. Oczywi\u015bcie wszelkie zebrane dane b\u0119d\u0105 wykorzystywane zgodnie z nasz\u0105 polityk\u0105 prywatno\u015bci i polityk\u0105 prywatno\u015bci Google.<br \/>\nU\u017cytkownik mo\u017ce ustawi\u0107 preferencje dotycz\u0105ce sposobu, w jaki Google reklamuje si\u0119 u\u017cytkownikowi, korzystaj\u0105c ze strony Preferencje reklam Google, a je\u015bli chce, mo\u017ce ca\u0142kowicie zrezygnowa\u0107 z reklam opartych na zainteresowaniach za pomoc\u0105 ustawie\u0144 plik\u00f3w cookie lub na sta\u0142e za pomoc\u0105 wtyczki do przegl\u0105darki.<\/p>\n<p><!-- \/wp:paragraph --> <!-- wp:paragraph --><\/p>\n<p><strong>- Ochrona niekt\u00f3rych danych osobowych<\/strong><br \/>\nThis is Madeira Island ujawnia potencjalnie identyfikuj\u0105ce i identyfikuj\u0105ce dane osobowe informacje tylko tym swoim pracownikom, kontrahentom i organizacjom stowarzyszonym, kt\u00f3re (i) musz\u0105 zna\u0107 te informacje, aby przetwarza\u0107 je w imieniu This is Madeira Island lub \u015bwiadczy\u0107 us\u0142ugi dost\u0119pne na stronie internetowej This is Madeira Island, oraz (ii) kt\u00f3re zgodzi\u0142y si\u0119 nie ujawnia\u0107 ich innym. Niekt\u00f3rzy z tych pracownik\u00f3w, wykonawc\u00f3w i organizacji stowarzyszonych mog\u0105 znajdowa\u0107 si\u0119 poza Twoim krajem; korzystaj\u0105c ze strony internetowej This is Madeira Island, wyra\u017casz zgod\u0119 na przekazywanie im takich informacji. This is Madeira Island nie b\u0119dzie nikomu wypo\u017cycza\u0107 ani sprzedawa\u0107 potencjalnie identyfikuj\u0105cych i identyfikuj\u0105cych dane osobowe informacji. Poza swoimi pracownikami, wykonawcami i organizacjami stowarzyszonymi, jak opisano powy\u017cej, This is Madeira Island ujawnia potencjalnie dane osobowe i dane osobowe tylko w odpowiedzi na wezwanie do s\u0105du, nakaz s\u0105dowy lub inne \u017c\u0105danie rz\u0105dowe, lub gdy This is Madeira Island wierzy w dobrej wierze, \u017ce ujawnienie jest uzasadnione w celu ochrony w\u0142asno\u015bci lub praw This is Madeira Island, stron trzecich lub og\u00f3\u0142u spo\u0142ecze\u0144stwa.<br \/>\nJe\u015bli jeste\u015b zarejestrowanym u\u017cytkownikiem http:\/\/thisismadeiraisland.com i poda\u0142e\u015b sw\u00f3j adres e-mail, This is Madeira Island mo\u017ce od czasu do czasu wysy\u0142a\u0107 Ci wiadomo\u015b\u0107 e-mail, aby poinformowa\u0107 Ci\u0119 o nowych funkcjach, poprosi\u0107 o Twoj\u0105 opini\u0119 lub po prostu informowa\u0107 Ci\u0119 na bie\u017c\u0105co o tym, co dzieje si\u0119 z This is Madeira Island i naszymi produktami. Do przekazywania tego typu informacji u\u017cywamy przede wszystkim naszego bloga, wi\u0119c spodziewamy si\u0119 ograniczy\u0107 tego typu wiadomo\u015bci e-mail do minimum. Je\u015bli wy\u015blesz nam pro\u015bb\u0119 (na przyk\u0142ad za po\u015brednictwem wiadomo\u015bci e-mail z pomoc\u0105 techniczn\u0105 lub za po\u015brednictwem jednego z naszych mechanizm\u00f3w opinii), zastrzegamy sobie prawo do jej opublikowania, aby pom\u00f3c nam wyja\u015bni\u0107 lub odpowiedzie\u0107 na Twoj\u0105 pro\u015bb\u0119 lub pom\u00f3c nam wspiera\u0107 innych u\u017cytkownik\u00f3w. This is Madeira Island podejmuje wszelkie niezb\u0119dne \u015brodki w celu ochrony przed nieuprawnionym dost\u0119pem, wykorzystaniem, zmian\u0105 lub zniszczeniem potencjalnie identyfikuj\u0105cych i identyfikuj\u0105cych dane osobowe informacji.<\/p>\n<p><!-- \/wp:paragraph --> <!-- wp:paragraph --><\/p>\n<p><strong>- Ujawnienie informacji o partnerach<\/strong><br \/>\nTa strona korzysta z link\u00f3w partnerskich i zarabia prowizj\u0119 z niekt\u00f3rych link\u00f3w. Nie ma to wp\u0142ywu na zakupy ani na cen\u0119, kt\u00f3r\u0105 mo\u017cesz zap\u0142aci\u0107.<\/p>\n<p><!-- \/wp:paragraph --> <!-- wp:paragraph --><\/p>\n<p><strong>- Pliki cookie<\/strong><br \/>\nAby wzbogaci\u0107 i udoskonali\u0107 Twoje do\u015bwiadczenia online, This is Madeira Island wykorzystuje pliki \u201ccookie\u201d, podobne technologie i us\u0142ugi \u015bwiadczone przez inne podmioty w celu wy\u015bwietlania spersonalizowanych tre\u015bci, odpowiednich reklam i przechowywania Twoich preferencji na Twoim komputerze.<br \/>\nPlik cookie to ci\u0105g informacji, kt\u00f3re strona internetowa przechowuje na komputerze odwiedzaj\u0105cego i kt\u00f3re przegl\u0105darka odwiedzaj\u0105cego dostarcza stronie internetowej za ka\u017cdym razem, gdy odwiedzaj\u0105cy powraca. This is Madeira Island wykorzystuje pliki cookie, aby pom\u00f3c This is Madeira Island identyfikowa\u0107 i \u015bledzi\u0107 odwiedzaj\u0105cych, ich korzystanie z http:\/\/thisismadeiraisland.com oraz ich preferencje dost\u0119pu do strony internetowej. Odwiedzaj\u0105cy This is Madeira Island, kt\u00f3rzy nie chc\u0105, aby pliki cookie by\u0142y umieszczane na ich komputerach, powinni ustawi\u0107 swoje przegl\u0105darki tak, aby odrzuca\u0142y pliki cookie przed korzystaniem ze stron internetowych This is Madeira Island, z t\u0105 wad\u0105, \u017ce niekt\u00f3re funkcje stron internetowych This is Madeira Island mog\u0105 nie dzia\u0142a\u0107 poprawnie bez pomocy plik\u00f3w cookie.<br \/>\nKontynuuj\u0105c poruszanie si\u0119 po naszej witrynie bez zmiany ustawie\u0144 plik\u00f3w cookie, u\u017cytkownik niniejszym przyjmuje do wiadomo\u015bci i wyra\u017ca zgod\u0119 na korzystanie z plik\u00f3w cookie przez This is Madeira Island.<\/p>\n<p><!-- \/wp:paragraph --> <!-- wp:paragraph --><\/p>\n<p><strong>- Handel elektroniczny<\/strong><br \/>\nCi, kt\u00f3rzy anga\u017cuj\u0105 si\u0119 w transakcje z This is Madeira Island - kupuj\u0105c us\u0142ugi lub produkty This is Madeira Island, proszeni s\u0105 o podanie dodatkowych informacji, w tym w razie potrzeby danych osobowych i finansowych wymaganych do przetworzenia tych transakcji. W ka\u017cdym przypadku This is Madeira Island zbiera takie informacje tylko w takim zakresie, w jakim jest to konieczne lub w\u0142a\u015bciwe do realizacji celu interakcji odwiedzaj\u0105cego z This is Madeira Island. This is Madeira Island nie ujawnia danych osobowych w spos\u00f3b inny ni\u017c opisany poni\u017cej. Odwiedzaj\u0105cy mog\u0105 zawsze odm\u00f3wi\u0107 podania danych osobowych, z zastrze\u017ceniem, \u017ce mo\u017ce to uniemo\u017cliwi\u0107 im anga\u017cowanie si\u0119 w pewne dzia\u0142ania zwi\u0105zane z witryn\u0105.<\/p>\n<p><!-- \/wp:paragraph --> <!-- wp:paragraph --><\/p>\n<p><strong>Zmiany w polityce prywatno\u015bci<\/strong><br \/>\nChocia\u017c wi\u0119kszo\u015b\u0107 zmian mo\u017ce by\u0107 niewielka, This is Madeira Island mo\u017ce od czasu do czasu zmienia\u0107 swoj\u0105 Polityk\u0119 prywatno\u015bci i wed\u0142ug w\u0142asnego uznania This is Madeira Island. This is Madeira Island zach\u0119ca odwiedzaj\u0105cych do cz\u0119stego sprawdzania tej strony pod k\u0105tem wszelkich zmian w Polityce prywatno\u015bci. Dalsze korzystanie z tej witryny po wprowadzeniu jakichkolwiek zmian w niniejszej Polityce prywatno\u015bci b\u0119dzie oznacza\u0107 akceptacj\u0119 takich zmian.<\/p>\n<p><!-- \/wp:paragraph --> <!-- wp:paragraph --><\/p>\n<p><em>Ostatnia aktualizacja, luty 2020 r.<\/em><\/p>\n<p><!-- \/wp:paragraph --><\/p>\n    <\/div><!-- end container -->\n<\/section><!-- end text_content_area -->","protected":false},"excerpt":{"rendered":"","protected":false},"author":1,"featured_media":0,"parent":0,"menu_order":0,"comment_status":"closed","ping_status":"closed","template":"","meta":{"_acf_changed":false,"footnotes":""},"class_list":["post-241","page","type-page","status-publish","hentry"],"acf":[],"_links":{"self":[{"href":"https:\/\/thisismadeiraisland.com\/pl\/wp-json\/wp\/v2\/pages\/241","targetHints":{"allow":["GET"]}}],"collection":[{"href":"https:\/\/thisismadeiraisland.com\/pl\/wp-json\/wp\/v2\/pages"}],"about":[{"href":"https:\/\/thisismadeiraisland.com\/pl\/wp-json\/wp\/v2\/types\/page"}],"author":[{"embeddable":true,"href":"https:\/\/thisismadeiraisland.com\/pl\/wp-json\/wp\/v2\/users\/1"}],"replies":[{"embeddable":true,"href":"https:\/\/thisismadeiraisland.com\/pl\/wp-json\/wp\/v2\/comments?post=241"}],"version-history":[{"count":0,"href":"https:\/\/thisismadeiraisland.com\/pl\/wp-json\/wp\/v2\/pages\/241\/revisions"}],"wp:attachment":[{"href":"https:\/\/thisismadeiraisland.com\/pl\/wp-json\/wp\/v2\/media?parent=241"}],"curies":[{"name":"wp","href":"https:\/\/api.w.org\/{rel}","templated":true}]}}