{"id":239,"date":"2025-03-20T11:26:01","date_gmt":"2025-03-20T11:26:01","guid":{"rendered":"https:\/\/thisismadeiraisland.com\/?page_id=239"},"modified":"2025-06-17T14:19:10","modified_gmt":"2025-06-17T14:19:10","slug":"perguntas-frequentes","status":"publish","type":"page","link":"https:\/\/thisismadeiraisland.com\/pt\/faqs\/","title":{"rendered":"Perguntas frequentes"},"content":{"rendered":"<section class=\"page-banner\" id=\"page-banner\">\n    <div class=\"container\">\n                    <h1 class=\"page-banner__title\">Perguntas frequentes sobre a viagem \u00e0 Madeira<\/h1>\n            <\/div>\n<\/section>\n\n<style>\n    .page-banner {\n        background-image: url('\/wp-content\/uploads\/2025\/05\/porto-moniz.jpg');\n    }\n\n    @media (min-width: 768px) {\n        .page-banner {\n            background-image: url('\/wp-content\/uploads\/2025\/05\/porto-moniz-1024x371.jpg');\n        }\n    }\n<\/style>\n\n\n<section class=\"faqs\">\n    <div class=\"faqs_bg\">\n        <img decoding=\"async\" src=\"\" alt=\"\" aria-hidden=\"true\">\n    <\/div>\n    <div class=\"container\">\n\n        <h2 class=\"title\">FAQs<\/h2>\n\n                    <div class=\"faqs_list\">\n\n                                    <div class=\"faq_item\">\n                        <div class=\"question\">\n                            <h3>Qual \u00e9 a melhor altura para visitar a Madeira?<\/h3>\n                            <span class=\"faq_icon\">\n\n                                <svg class=\"faq_icon_minus\" width=\"11\" height=\"1\" viewbox=\"0 0 11 1\" fill=\"none\" xmlns=\"http:\/\/www.w3.org\/2000\/svg\">\n                                    <rect x=\"11\" width=\"1\" height=\"11\" rx=\"0.5\" transform=\"rotate(90 11 0)\" fill=\"#F73939\"><\/rect>\n                                <\/svg>\n\n                                <svg class=\"faq_icon_plus\" width=\"11\" height=\"11\" viewbox=\"0 0 11 11\" fill=\"none\" xmlns=\"http:\/\/www.w3.org\/2000\/svg\">\n                                    <rect x=\"5\" width=\"1\" height=\"11\" rx=\"0.5\" fill=\"#F73939\"><\/rect>\n                                    <rect x=\"11\" y=\"5\" width=\"1\" height=\"11\" rx=\"0.5\" transform=\"rotate(90 11 5)\" fill=\"#F73939\"><\/rect>\n                                <\/svg>\n                            <\/span>\n                        <\/div>\n                        <div class=\"answer\" aria-expanded=\"false\"><p>A Madeira \u00e9 um destino para todo o ano devido ao seu clima subtropical ameno. No entanto, a primavera e o in\u00edcio do ver\u00e3o (mar\u00e7o a junho) s\u00e3o ideais para apreciar as flores em flor e as actividades ao ar livre.<\/p>\n<\/div>\n                    <\/div>\n                                    <div class=\"faq_item\">\n                        <div class=\"question\">\n                            <h3>Preciso de um visto para viajar para a Madeira?<\/h3>\n                            <span class=\"faq_icon\">\n\n                                <svg class=\"faq_icon_minus\" width=\"11\" height=\"1\" viewbox=\"0 0 11 1\" fill=\"none\" xmlns=\"http:\/\/www.w3.org\/2000\/svg\">\n                                    <rect x=\"11\" width=\"1\" height=\"11\" rx=\"0.5\" transform=\"rotate(90 11 0)\" fill=\"#F73939\"><\/rect>\n                                <\/svg>\n\n                                <svg class=\"faq_icon_plus\" width=\"11\" height=\"11\" viewbox=\"0 0 11 11\" fill=\"none\" xmlns=\"http:\/\/www.w3.org\/2000\/svg\">\n                                    <rect x=\"5\" width=\"1\" height=\"11\" rx=\"0.5\" fill=\"#F73939\"><\/rect>\n                                    <rect x=\"11\" y=\"5\" width=\"1\" height=\"11\" rx=\"0.5\" transform=\"rotate(90 11 5)\" fill=\"#F73939\"><\/rect>\n                                <\/svg>\n                            <\/span>\n                        <\/div>\n                        <div class=\"answer\" aria-expanded=\"false\"><p>A Madeira faz parte de Portugal, um membro do Espa\u00e7o Schengen. Os visitantes de muitos pa\u00edses podem permanecer sem visto at\u00e9 90 dias. Verifique os requisitos do seu pa\u00eds antes de viajar.<\/p>\n<\/div>\n                    <\/div>\n                                    <div class=\"faq_item\">\n                        <div class=\"question\">\n                            <h3>Que actividades posso fazer na Madeira?<\/h3>\n                            <span class=\"faq_icon\">\n\n                                <svg class=\"faq_icon_minus\" width=\"11\" height=\"1\" viewbox=\"0 0 11 1\" fill=\"none\" xmlns=\"http:\/\/www.w3.org\/2000\/svg\">\n                                    <rect x=\"11\" width=\"1\" height=\"11\" rx=\"0.5\" transform=\"rotate(90 11 0)\" fill=\"#F73939\"><\/rect>\n                                <\/svg>\n\n                                <svg class=\"faq_icon_plus\" width=\"11\" height=\"11\" viewbox=\"0 0 11 11\" fill=\"none\" xmlns=\"http:\/\/www.w3.org\/2000\/svg\">\n                                    <rect x=\"5\" width=\"1\" height=\"11\" rx=\"0.5\" fill=\"#F73939\"><\/rect>\n                                    <rect x=\"11\" y=\"5\" width=\"1\" height=\"11\" rx=\"0.5\" transform=\"rotate(90 11 5)\" fill=\"#F73939\"><\/rect>\n                                <\/svg>\n                            <\/span>\n                        <\/div>\n                        <div class=\"answer\" aria-expanded=\"false\"><p>A Madeira oferece caminhadas, observa\u00e7\u00e3o de baleias, parapente, canyoning e explora\u00e7\u00e3o da Floresta Laurissilva, classificada pela UNESCO. N\u00e3o perca os trilhos das levadas e as experi\u00eancias culturais no Funchal.<\/p>\n<\/div>\n                    <\/div>\n                                    <div class=\"faq_item\">\n                        <div class=\"question\">\n                            <h3>A Madeira \u00e9 adequada para fam\u00edlias?<\/h3>\n                            <span class=\"faq_icon\">\n\n                                <svg class=\"faq_icon_minus\" width=\"11\" height=\"1\" viewbox=\"0 0 11 1\" fill=\"none\" xmlns=\"http:\/\/www.w3.org\/2000\/svg\">\n                                    <rect x=\"11\" width=\"1\" height=\"11\" rx=\"0.5\" transform=\"rotate(90 11 0)\" fill=\"#F73939\"><\/rect>\n                                <\/svg>\n\n                                <svg class=\"faq_icon_plus\" width=\"11\" height=\"11\" viewbox=\"0 0 11 11\" fill=\"none\" xmlns=\"http:\/\/www.w3.org\/2000\/svg\">\n                                    <rect x=\"5\" width=\"1\" height=\"11\" rx=\"0.5\" fill=\"#F73939\"><\/rect>\n                                    <rect x=\"11\" y=\"5\" width=\"1\" height=\"11\" rx=\"0.5\" transform=\"rotate(90 11 5)\" fill=\"#F73939\"><\/rect>\n                                <\/svg>\n                            <\/span>\n                        <\/div>\n                        <div class=\"answer\" aria-expanded=\"false\"><p>Sem d\u00favida! A Madeira tem actividades para todas as idades, incluindo caminhadas f\u00e1ceis, passeios para observa\u00e7\u00e3o de golfinhos, jardins bot\u00e2nicos e praias de areia como o Porto Santo.<\/p>\n<\/div>\n                    <\/div>\n                                    <div class=\"faq_item\">\n                        <div class=\"question\">\n                            <h3>Por que \u00e9 que a Madeira \u00e9 famosa?<\/h3>\n                            <span class=\"faq_icon\">\n\n                                <svg class=\"faq_icon_minus\" width=\"11\" height=\"1\" viewbox=\"0 0 11 1\" fill=\"none\" xmlns=\"http:\/\/www.w3.org\/2000\/svg\">\n                                    <rect x=\"11\" width=\"1\" height=\"11\" rx=\"0.5\" transform=\"rotate(90 11 0)\" fill=\"#F73939\"><\/rect>\n                                <\/svg>\n\n                                <svg class=\"faq_icon_plus\" width=\"11\" height=\"11\" viewbox=\"0 0 11 11\" fill=\"none\" xmlns=\"http:\/\/www.w3.org\/2000\/svg\">\n                                    <rect x=\"5\" width=\"1\" height=\"11\" rx=\"0.5\" fill=\"#F73939\"><\/rect>\n                                    <rect x=\"11\" y=\"5\" width=\"1\" height=\"11\" rx=\"0.5\" transform=\"rotate(90 11 5)\" fill=\"#F73939\"><\/rect>\n                                <\/svg>\n                            <\/span>\n                        <\/div>\n                        <div class=\"answer\" aria-expanded=\"false\"><p>A Madeira \u00e9 conhecida pela sua beleza natural, pelo vinho da Madeira, pelos passeios nas levadas e por festivais como a Festa da Flor e o fogo de artif\u00edcio do Ano Novo. \u00c9 tamb\u00e9m conhecida como a \u201cIlha da Eterna primavera\u201d.\u201d<\/p>\n<\/div>\n                    <\/div>\n                \n            <\/div>\n        \n    <\/div>\n\n    <script>\n        document.querySelectorAll('.question').forEach(function(button) {\n            button.addEventListener('click', function() {\n                const faqItem = button.closest('.faq_item');\n                const content = faqItem.querySelector('.answer');\n                const isExpanded = button.getAttribute('aria-expanded') === 'true';\n\n                button.setAttribute('aria-expanded', !isExpanded);\n                content.setAttribute('aria-hidden', isExpanded);\n\n                faqItem.classList.toggle('active');\n            });\n        });\n    <\/script>\n<\/section>","protected":false},"excerpt":{"rendered":"","protected":false},"author":1,"featured_media":0,"parent":0,"menu_order":0,"comment_status":"closed","ping_status":"closed","template":"","meta":{"_acf_changed":false,"footnotes":""},"class_list":["post-239","page","type-page","status-publish","hentry"],"acf":[],"yoast_head":"<!-- This site is optimized with the Yoast SEO plugin v27.3 - https:\/\/yoast.com\/product\/yoast-seo-wordpress\/ -->\n<title>FAQ\u2019s - Thisismadeiraisland<\/title>\n<meta name=\"robots\" content=\"index, follow, max-snippet:-1, max-image-preview:large, max-video-preview:-1\" \/>\n<link rel=\"canonical\" href=\"https:\/\/thisismadeiraisland.com\/pt\/perguntas-frequentes\/\" \/>\n<meta property=\"og:locale\" content=\"pt_PT\" \/>\n<meta property=\"og:type\" content=\"article\" \/>\n<meta property=\"og:title\" content=\"FAQ\u2019s - Thisismadeiraisland\" \/>\n<meta property=\"og:url\" content=\"https:\/\/thisismadeiraisland.com\/pt\/perguntas-frequentes\/\" \/>\n<meta property=\"og:site_name\" content=\"Thisismadeiraisland\" \/>\n<meta property=\"article:modified_time\" content=\"2025-06-17T14:19:10+00:00\" \/>\n<meta name=\"twitter:card\" content=\"summary_large_image\" \/>\n<script type=\"application\/ld+json\" class=\"yoast-schema-graph\">{\"@context\":\"https:\\\/\\\/schema.org\",\"@graph\":[{\"@type\":\"WebPage\",\"@id\":\"https:\\\/\\\/thisismadeiraisland.com\\\/faqs\\\/\",\"url\":\"https:\\\/\\\/thisismadeiraisland.com\\\/faqs\\\/\",\"name\":\"FAQ\u2019s - Thisismadeiraisland\",\"isPartOf\":{\"@id\":\"https:\\\/\\\/thisismadeiraisland.com\\\/#website\"},\"datePublished\":\"2025-03-20T11:26:01+00:00\",\"dateModified\":\"2025-06-17T14:19:10+00:00\",\"breadcrumb\":{\"@id\":\"https:\\\/\\\/thisismadeiraisland.com\\\/faqs\\\/#breadcrumb\"},\"inLanguage\":\"pt-PT\",\"potentialAction\":[{\"@type\":\"ReadAction\",\"target\":[\"https:\\\/\\\/thisismadeiraisland.com\\\/faqs\\\/\"]}]},{\"@type\":\"BreadcrumbList\",\"@id\":\"https:\\\/\\\/thisismadeiraisland.com\\\/faqs\\\/#breadcrumb\",\"itemListElement\":[{\"@type\":\"ListItem\",\"position\":1,\"name\":\"Home\",\"item\":\"https:\\\/\\\/thisismadeiraisland.com\\\/\"},{\"@type\":\"ListItem\",\"position\":2,\"name\":\"FAQ\u2019s\"}]},{\"@type\":\"WebSite\",\"@id\":\"https:\\\/\\\/thisismadeiraisland.com\\\/#website\",\"url\":\"https:\\\/\\\/thisismadeiraisland.com\\\/\",\"name\":\"Thisismadeiraisland\",\"description\":\"Thisismadeiraisland\",\"potentialAction\":[{\"@type\":\"SearchAction\",\"target\":{\"@type\":\"EntryPoint\",\"urlTemplate\":\"https:\\\/\\\/thisismadeiraisland.com\\\/?s={search_term_string}\"},\"query-input\":{\"@type\":\"PropertyValueSpecification\",\"valueRequired\":true,\"valueName\":\"search_term_string\"}}],\"inLanguage\":\"pt-PT\"}]}<\/script>\n<!-- \/ Yoast SEO plugin. -->","yoast_head_json":{"title":"FAQ's - Thisismadeiraisland","robots":{"index":"index","follow":"follow","max-snippet":"max-snippet:-1","max-image-preview":"max-image-preview:large","max-video-preview":"max-video-preview:-1"},"canonical":"https:\/\/thisismadeiraisland.com\/pt\/perguntas-frequentes\/","og_locale":"pt_PT","og_type":"article","og_title":"FAQ\u2019s - Thisismadeiraisland","og_url":"https:\/\/thisismadeiraisland.com\/pt\/perguntas-frequentes\/","og_site_name":"Thisismadeiraisland","article_modified_time":"2025-06-17T14:19:10+00:00","twitter_card":"summary_large_image","schema":{"@context":"https:\/\/schema.org","@graph":[{"@type":"WebPage","@id":"https:\/\/thisismadeiraisland.com\/faqs\/","url":"https:\/\/thisismadeiraisland.com\/faqs\/","name":"FAQ's - Thisismadeiraisland","isPartOf":{"@id":"https:\/\/thisismadeiraisland.com\/#website"},"datePublished":"2025-03-20T11:26:01+00:00","dateModified":"2025-06-17T14:19:10+00:00","breadcrumb":{"@id":"https:\/\/thisismadeiraisland.com\/faqs\/#breadcrumb"},"inLanguage":"pt-PT","potentialAction":[{"@type":"ReadAction","target":["https:\/\/thisismadeiraisland.com\/faqs\/"]}]},{"@type":"BreadcrumbList","@id":"https:\/\/thisismadeiraisland.com\/faqs\/#breadcrumb","itemListElement":[{"@type":"ListItem","position":1,"name":"Home","item":"https:\/\/thisismadeiraisland.com\/"},{"@type":"ListItem","position":2,"name":"FAQ\u2019s"}]},{"@type":"WebSite","@id":"https:\/\/thisismadeiraisland.com\/#website","url":"https:\/\/thisismadeiraisland.com\/","name":"Thisismadeiraisland","description":"Thisismadeiraisland","potentialAction":[{"@type":"SearchAction","target":{"@type":"EntryPoint","urlTemplate":"https:\/\/thisismadeiraisland.com\/?s={search_term_string}"},"query-input":{"@type":"PropertyValueSpecification","valueRequired":true,"valueName":"search_term_string"}}],"inLanguage":"pt-PT"}]}},"_links":{"self":[{"href":"https:\/\/thisismadeiraisland.com\/pt\/wp-json\/wp\/v2\/pages\/239","targetHints":{"allow":["GET"]}}],"collection":[{"href":"https:\/\/thisismadeiraisland.com\/pt\/wp-json\/wp\/v2\/pages"}],"about":[{"href":"https:\/\/thisismadeiraisland.com\/pt\/wp-json\/wp\/v2\/types\/page"}],"author":[{"embeddable":true,"href":"https:\/\/thisismadeiraisland.com\/pt\/wp-json\/wp\/v2\/users\/1"}],"replies":[{"embeddable":true,"href":"https:\/\/thisismadeiraisland.com\/pt\/wp-json\/wp\/v2\/comments?post=239"}],"version-history":[{"count":0,"href":"https:\/\/thisismadeiraisland.com\/pt\/wp-json\/wp\/v2\/pages\/239\/revisions"}],"wp:attachment":[{"href":"https:\/\/thisismadeiraisland.com\/pt\/wp-json\/wp\/v2\/media?parent=239"}],"curies":[{"name":"wp","href":"https:\/\/api.w.org\/{rel}","templated":true}]}}