{"id":241,"date":"2025-03-20T11:26:11","date_gmt":"2025-03-20T11:26:11","guid":{"rendered":"https:\/\/thisismadeiraisland.com\/?page_id=241"},"modified":"2025-06-06T13:54:30","modified_gmt":"2025-06-06T13:54:30","slug":"privacidade-e-cookies","status":"publish","type":"page","link":"https:\/\/thisismadeiraisland.com\/pt\/privacy-and-cookies\/","title":{"rendered":"Pol\u00edtica de privacidade e cookies"},"content":{"rendered":"<section class=\"page-banner\" id=\"page-banner\">\n    <div class=\"container\">\n                    <h1 class=\"page-banner__title\">Pol\u00edtica de privacidade<\/h1>\n            <\/div>\n<\/section>\n\n<style>\n    .page-banner {\n        background-image: url('\/wp-content\/uploads\/2025\/06\/balcoes-Madeira-Island-02.webp');\n    }\n\n    @media (min-width: 768px) {\n        .page-banner {\n            background-image: url('\/wp-content\/uploads\/2025\/06\/balcoes-Madeira-Island-02-1024x417.webp');\n        }\n    }\n<\/style>\n\n\n<p><\/p>\n\n\n<section class=\"text_content_area\">\n    <div class=\"container\">\n        <p><!-- wp:paragraph --><\/p>\n<p><strong>A sua privacidade \u00e9 importante para n\u00f3s. Valorizamos a sua confian\u00e7a e estamos empenhados em proteger e salvaguardar todas as informa\u00e7\u00f5es pessoais que nos fornece. Este documento, que actualizamos periodicamente, descreve a forma como utilizamos e processamos os seus dados pessoais e como utilizamos cookies. Tamb\u00e9m indica como nos pode contactar se tiver d\u00favidas sobre os seus dados pessoais.<\/strong><\/p>\n<p><!-- \/wp:paragraph --> <!-- wp:paragraph --><\/p>\n<p><strong>This is Madeira Island fornece servi\u00e7os de viagens online atrav\u00e9s dos seus pr\u00f3prios s\u00edtios Web e aplica\u00e7\u00f5es m\u00f3veis e atrav\u00e9s de outras plataformas online, tais como s\u00edtios Web de parceiros e redes sociais. A informa\u00e7\u00e3o que se segue aplica-se a todas estas plataformas.<\/strong><\/p>\n<p><!-- \/wp:paragraph --> <!-- wp:paragraph --><\/p>\n<p>\u00c9 pol\u00edtica do This is Madeira Island respeitar a sua privacidade em rela\u00e7\u00e3o a qualquer informa\u00e7\u00e3o que possamos recolher durante a opera\u00e7\u00e3o do nosso website. Esta Pol\u00edtica de Privacidade aplica-se a www.thisismadeiraisland.com (doravante, \u201cn\u00f3s\u201d, \u201cnos\u201d, ou \u201cwww.thisismadeiraisland.com\u201d). Respeitamos a sua privacidade e estamos empenhados em proteger as informa\u00e7\u00f5es pessoais identific\u00e1veis que nos possa fornecer atrav\u00e9s do s\u00edtio Web. Adopt\u00e1mos esta pol\u00edtica de privacidade (\u201cPol\u00edtica de privacidade\u201d) para explicar que informa\u00e7\u00f5es podem ser recolhidas no nosso Web site, como utilizamos essas informa\u00e7\u00f5es e em que circunst\u00e2ncias podemos divulgar as informa\u00e7\u00f5es a terceiros. Esta Pol\u00edtica de Privacidade aplica-se apenas \u00e0s informa\u00e7\u00f5es que recolhemos atrav\u00e9s do S\u00edtio Web e n\u00e3o se aplica \u00e0 nossa recolha de informa\u00e7\u00f5es de outras fontes.<br \/>\nA presente Pol\u00edtica de Privacidade, juntamente com os Termos e condi\u00e7\u00f5es publicados no nosso s\u00edtio Web, estabelecem as regras e pol\u00edticas gerais que regem a utiliza\u00e7\u00e3o do nosso s\u00edtio Web. Dependendo das suas actividades ao visitar o nosso Website, poder\u00e1 ser-lhe pedido que aceite termos e condi\u00e7\u00f5es adicionais.<\/p>\n<p><!-- \/wp:paragraph --> <!-- wp:paragraph --><\/p>\n<p><strong>- Visitantes do s\u00edtio Web<\/strong><br \/>\nComo a maioria dos operadores de sites, This is Madeira Island recolhe informa\u00e7\u00f5es de identifica\u00e7\u00e3o n\u00e3o-pessoal do tipo que os navegadores e servidores normalmente disponibilizam, tais como o tipo de navegador, prefer\u00eancia de idioma, site de refer\u00eancia, e a data e hora de cada pedido de visitante. O objetivo do This is Madeira Island ao recolher informa\u00e7\u00e3o de identifica\u00e7\u00e3o n\u00e3o pessoal \u00e9 compreender melhor como os visitantes do This is Madeira Island utilizam o seu website. De tempos a tempos, This is Madeira Island pode divulgar informa\u00e7\u00f5es de identifica\u00e7\u00e3o n\u00e3o-pessoal no agregado, por exemplo, publicando um relat\u00f3rio sobre as tend\u00eancias na utiliza\u00e7\u00e3o do seu s\u00edtio web.<br \/>\nThis is Madeira Island tamb\u00e9m recolhe informa\u00e7\u00e3o potencialmente identificadora de pessoal, como endere\u00e7os de Protocolo de Internet (IP) para utilizadores registados e para utilizadores que deixam coment\u00e1rios nos posts do blog http:\/\/thisismadeiraisland.com. Isto \u00e9 a Ilha da Madeira apenas divulga os endere\u00e7os de IP dos utilizadores registados e dos comentadores nas mesmas circunst\u00e2ncias em que usa e divulga a informa\u00e7\u00e3o de identifica\u00e7\u00e3o pessoal como descrito abaixo.<\/p>\n<p><!-- \/wp:paragraph --> <!-- wp:paragraph --><\/p>\n<p><strong>- Recolha de informa\u00e7\u00f5es de identifica\u00e7\u00e3o pessoal<\/strong><br \/>\nCertos visitantes dos sites do This is Madeira Island escolhem interagir com o This is Madeira Island de formas que requerem que o This is Madeira Island recolha informa\u00e7\u00e3o de identifica\u00e7\u00e3o pessoal. A quantidade e o tipo de informa\u00e7\u00e3o que o This is Madeira Island recolhe depende da natureza da intera\u00e7\u00e3o. Por exemplo, pedimos aos visitantes que se inscrevem num blogue em http:\/\/thisismadeiraisland.com que forne\u00e7am um nome de utilizador e um endere\u00e7o de e-mail.<\/p>\n<p><!-- \/wp:paragraph --> <!-- wp:paragraph --><\/p>\n<p><strong>- Seguran\u00e7a<\/strong><br \/>\nA seguran\u00e7a das suas Informa\u00e7\u00f5es Pessoais \u00e9 importante para n\u00f3s, mas lembre-se que nenhum m\u00e9todo de transmiss\u00e3o atrav\u00e9s da Internet ou m\u00e9todo de armazenamento eletr\u00f3nico \u00e9 100% seguro. Embora nos esforcemos por utilizar meios comercialmente aceit\u00e1veis para proteger as suas Informa\u00e7\u00f5es Pessoais, n\u00e3o podemos garantir a sua seguran\u00e7a absoluta.<\/p>\n<p><!-- \/wp:paragraph --> <!-- wp:paragraph --><\/p>\n<p><strong>- An\u00fancios<\/strong><br \/>\nOs an\u00fancios que aparecem no nosso s\u00edtio Web podem ser apresentados aos utilizadores por parceiros publicit\u00e1rios, que podem definir cookies. Estes cookies permitem que o servidor de an\u00fancios reconhe\u00e7a o seu computador sempre que lhe enviam um an\u00fancio online para compilar informa\u00e7\u00f5es sobre si ou sobre outras pessoas que utilizam o seu computador. Estas informa\u00e7\u00f5es permitem \u00e0s redes de publicidade, entre outras coisas, apresentar an\u00fancios direcionados que acreditam ser do maior interesse para o utilizador. Esta Pol\u00edtica de Privacidade cobre a utiliza\u00e7\u00e3o de cookies pelo This is Madeira Island e n\u00e3o cobre a utiliza\u00e7\u00e3o de cookies por quaisquer anunciantes.<\/p>\n<p><!-- \/wp:paragraph --> <!-- wp:paragraph --><\/p>\n<p><strong>- Liga\u00e7\u00f5es para s\u00edtios externos<\/strong><br \/>\nO nosso Servi\u00e7o pode conter liga\u00e7\u00f5es para s\u00edtios externos que n\u00e3o s\u00e3o operados por n\u00f3s. Se clicar numa liga\u00e7\u00e3o de terceiros, ser\u00e1 direcionado para o s\u00edtio desses terceiros. Aconselhamos vivamente o utilizador a rever a Pol\u00edtica de Privacidade e os termos e condi\u00e7\u00f5es de todos os s\u00edtios que visitar.<br \/>\nN\u00e3o temos qualquer controlo e n\u00e3o assumimos qualquer responsabilidade pelo conte\u00fado, pol\u00edticas de privacidade ou pr\u00e1ticas de quaisquer sites, produtos ou servi\u00e7os de terceiros.<\/p>\n<p><!-- \/wp:paragraph --> <!-- wp:paragraph --><\/p>\n<p><strong>- Www.thisismadeiraisland.com utiliza o Google AdWords para remarketing<\/strong><br \/>\nWww.thisismadeiraisland.com utiliza os servi\u00e7os de remarketing para anunciar em s\u00edtios Web de terceiros (incluindo o Google) a visitantes anteriores do nosso s\u00edtio. Isto pode significar que anunciamos a visitantes anteriores que n\u00e3o completaram uma tarefa no nosso site, por exemplo, utilizando o formul\u00e1rio de contacto para fazer um pedido de informa\u00e7\u00e3o. Isto pode ser feito sob a forma de um an\u00fancio na p\u00e1gina de resultados de pesquisa do Google ou num s\u00edtio da Rede de Display do Google. Os fornecedores terceiros, incluindo a Google, utilizam cookies para apresentar an\u00fancios com base nas visitas anteriores de algu\u00e9m. Naturalmente, todos os dados recolhidos ser\u00e3o utilizados de acordo com a nossa pol\u00edtica de privacidade e com a pol\u00edtica de privacidade da Google.<br \/>\nO utilizador pode definir prefer\u00eancias quanto \u00e0 forma como o Google lhe faz publicidade atrav\u00e9s da p\u00e1gina Prefer\u00eancias de an\u00fancios do Google e, se o desejar, pode optar por recusar totalmente a publicidade baseada em interesses atrav\u00e9s das defini\u00e7\u00f5es de cookies ou permanentemente atrav\u00e9s de um plug-in do navegador.<\/p>\n<p><!-- \/wp:paragraph --> <!-- wp:paragraph --><\/p>\n<p><strong>- Prote\u00e7\u00e3o de determinadas informa\u00e7\u00f5es de identifica\u00e7\u00e3o pessoal<\/strong><br \/>\nThis is Madeira Island divulga informa\u00e7\u00e3o potencialmente pessoal e de identifica\u00e7\u00e3o pessoal apenas aos seus empregados, contratantes e organiza\u00e7\u00f5es afiliadas que (i) precisam de saber essa informa\u00e7\u00e3o para a processar em nome de This is Madeira Island ou para fornecer servi\u00e7os dispon\u00edveis no website de This is Madeira Island, e (ii) que concordaram em n\u00e3o a divulgar a outros. Alguns desses empregados, contratantes e organiza\u00e7\u00f5es afiliadas podem estar localizados fora do seu pa\u00eds de origem; ao usar o website desta Ilha da Madeira, est\u00e1 a consentir a transfer\u00eancia dessa informa\u00e7\u00e3o para eles. This is Madeira Island n\u00e3o alugar\u00e1 ou vender\u00e1 informa\u00e7\u00e3o potencialmente pessoal e de identifica\u00e7\u00e3o pessoal a ningu\u00e9m. Para al\u00e9m dos seus empregados, contratantes e organiza\u00e7\u00f5es afiliadas, como descrito acima, This is Madeira Island divulga informa\u00e7\u00e3o potencialmente identificadora e de identifica\u00e7\u00e3o pessoal apenas em resposta a uma intima\u00e7\u00e3o, ordem judicial ou outro pedido governamental, ou quando This is Madeira Island acredita de boa f\u00e9 que a divulga\u00e7\u00e3o \u00e9 razoavelmente necess\u00e1ria para proteger a propriedade ou os direitos de This is Madeira Island, terceiros ou o p\u00fablico em geral.<br \/>\nSe \u00e9 um utilizador registado de http:\/\/thisismadeiraisland.com e forneceu o seu endere\u00e7o de e-mail, This is Madeira Island pode ocasionalmente enviar-lhe um e-mail para o informar sobre novas funcionalidades, solicitar o seu feedback, ou apenas mant\u00ea-lo atualizado sobre o que se passa com This is Madeira Island e os nossos produtos. Usamos principalmente o nosso blogue para comunicar este tipo de informa\u00e7\u00e3o, por isso esperamos manter este tipo de e-mail no m\u00ednimo. Se nos enviar um pedido (por exemplo, atrav\u00e9s de um e-mail de apoio ou atrav\u00e9s de um dos nossos mecanismos de feedback), reservamo-nos o direito de o publicar para nos ajudar a esclarecer ou responder ao seu pedido ou para nos ajudar a apoiar outros utilizadores. This is Madeira Island toma todas as medidas razoavelmente necess\u00e1rias para proteger contra o acesso n\u00e3o autorizado, uso, altera\u00e7\u00e3o ou destrui\u00e7\u00e3o de informa\u00e7\u00e3o potencialmente identificadora e de identifica\u00e7\u00e3o pessoal.<\/p>\n<p><!-- \/wp:paragraph --> <!-- wp:paragraph --><\/p>\n<p><strong>- Divulga\u00e7\u00e3o de afiliados<\/strong><br \/>\nEste s\u00edtio utiliza liga\u00e7\u00f5es de afiliados e ganha uma comiss\u00e3o a partir de determinadas liga\u00e7\u00f5es. Isto n\u00e3o afecta as suas compras ou o pre\u00e7o que poder\u00e1 pagar.<\/p>\n<p><!-- \/wp:paragraph --> <!-- wp:paragraph --><\/p>\n<p><strong>- Biscoitos<\/strong><br \/>\nPara enriquecer e aperfei\u00e7oar a sua experi\u00eancia online, This is Madeira Island utiliza \u201cCookies\u201d, tecnologias semelhantes e servi\u00e7os fornecidos por terceiros para apresentar conte\u00fado personalizado, publicidade adequada e armazenar as suas prefer\u00eancias no seu computador.<br \/>\nUm cookie \u00e9 uma sequ\u00eancia de informa\u00e7\u00e3o que um website armazena no computador de um visitante e que o browser do visitante fornece ao website sempre que este regressa. A Ilha da Madeira utiliza cookies para ajudar a Ilha da Madeira a identificar e seguir os visitantes, a sua utiliza\u00e7\u00e3o de http:\/\/thisismadeiraisland.com, e as suas prefer\u00eancias de acesso ao website. Os visitantes do This is Madeira Island que n\u00e3o desejem que os cookies sejam colocados nos seus computadores devem configurar os seus browsers para recusar cookies antes de usar os websites do This is Madeira Island, com a desvantagem de que certas carater\u00edsticas dos websites do This is Madeira Island podem n\u00e3o funcionar corretamente sem a ajuda dos cookies.<br \/>\nAo continuar a navegar no nosso s\u00edtio Web sem alterar as suas defini\u00e7\u00f5es de cookies, o utilizador reconhece e concorda com a utiliza\u00e7\u00e3o de cookies por parte do This is Madeira Island.<\/p>\n<p><!-- \/wp:paragraph --> <!-- wp:paragraph --><\/p>\n<p><strong>- Com\u00e9rcio eletr\u00f3nico<\/strong><br \/>\nAqueles que se envolvem em transac\u00e7\u00f5es com This is Madeira Island - atrav\u00e9s da compra de servi\u00e7os ou produtos This is Madeira Island, s\u00e3o solicitados a fornecer informa\u00e7\u00f5es adicionais, incluindo, conforme necess\u00e1rio, as informa\u00e7\u00f5es pessoais e financeiras necess\u00e1rias para processar essas transac\u00e7\u00f5es. Em cada caso, This is Madeira Island recolhe essa informa\u00e7\u00e3o apenas na medida em que \u00e9 necess\u00e1ria ou apropriada para cumprir o objetivo da intera\u00e7\u00e3o do visitante com This is Madeira Island. This is Madeira Island n\u00e3o divulga informa\u00e7\u00e3o de identifica\u00e7\u00e3o pessoal para al\u00e9m do descrito abaixo. E os visitantes podem sempre recusar-se a fornecer informa\u00e7\u00f5es de identifica\u00e7\u00e3o pessoal, com a ressalva de que isso pode impedi-los de se envolverem em certas actividades relacionadas com o site.<\/p>\n<p><!-- \/wp:paragraph --> <!-- wp:paragraph --><\/p>\n<p><strong>Altera\u00e7\u00f5es \u00e0 pol\u00edtica de privacidade<\/strong><br \/>\nEmbora a maioria das altera\u00e7\u00f5es sejam provavelmente menores, This is Madeira Island pode alterar a sua Pol\u00edtica de Privacidade de tempos a tempos, e a crit\u00e9rio exclusivo de This is Madeira Island. This is Madeira Island incentiva os visitantes a verificar frequentemente esta p\u00e1gina para quaisquer altera\u00e7\u00f5es \u00e0 sua Pol\u00edtica de Privacidade. O uso continuado deste site ap\u00f3s qualquer altera\u00e7\u00e3o nesta Pol\u00edtica de Privacidade constituir\u00e1 a sua aceita\u00e7\u00e3o de tal altera\u00e7\u00e3o.<\/p>\n<p><!-- \/wp:paragraph --> <!-- wp:paragraph --><\/p>\n<p><em>\u00daltima atualiza\u00e7\u00e3o, fevereiro de 2020<\/em><\/p>\n<p><!-- \/wp:paragraph --><\/p>\n    <\/div><!-- end container -->\n<\/section><!-- end text_content_area -->","protected":false},"excerpt":{"rendered":"","protected":false},"author":1,"featured_media":0,"parent":0,"menu_order":0,"comment_status":"closed","ping_status":"closed","template":"","meta":{"_acf_changed":false,"footnotes":""},"class_list":["post-241","page","type-page","status-publish","hentry"],"acf":[],"yoast_head":"<!-- This site is optimized with the Yoast SEO plugin v27.3 - https:\/\/yoast.com\/product\/yoast-seo-wordpress\/ -->\n<title>Privacy Policy &amp; Cookies - Thisismadeiraisland<\/title>\n<meta name=\"robots\" content=\"index, follow, max-snippet:-1, max-image-preview:large, max-video-preview:-1\" \/>\n<link rel=\"canonical\" href=\"https:\/\/thisismadeiraisland.com\/pt\/privacidade-e-cookies\/\" \/>\n<meta property=\"og:locale\" content=\"pt_PT\" \/>\n<meta property=\"og:type\" content=\"article\" \/>\n<meta property=\"og:title\" content=\"Privacy Policy &amp; Cookies - Thisismadeiraisland\" \/>\n<meta property=\"og:url\" content=\"https:\/\/thisismadeiraisland.com\/pt\/privacidade-e-cookies\/\" \/>\n<meta property=\"og:site_name\" content=\"Thisismadeiraisland\" \/>\n<meta property=\"article:modified_time\" content=\"2025-06-06T13:54:30+00:00\" \/>\n<meta name=\"twitter:card\" content=\"summary_large_image\" \/>\n<script type=\"application\/ld+json\" class=\"yoast-schema-graph\">{\"@context\":\"https:\\\/\\\/schema.org\",\"@graph\":[{\"@type\":\"WebPage\",\"@id\":\"https:\\\/\\\/thisismadeiraisland.com\\\/privacy-and-cookies\\\/\",\"url\":\"https:\\\/\\\/thisismadeiraisland.com\\\/privacy-and-cookies\\\/\",\"name\":\"Privacy Policy &amp; Cookies - Thisismadeiraisland\",\"isPartOf\":{\"@id\":\"https:\\\/\\\/thisismadeiraisland.com\\\/#website\"},\"datePublished\":\"2025-03-20T11:26:11+00:00\",\"dateModified\":\"2025-06-06T13:54:30+00:00\",\"breadcrumb\":{\"@id\":\"https:\\\/\\\/thisismadeiraisland.com\\\/privacy-and-cookies\\\/#breadcrumb\"},\"inLanguage\":\"pt-PT\",\"potentialAction\":[{\"@type\":\"ReadAction\",\"target\":[\"https:\\\/\\\/thisismadeiraisland.com\\\/privacy-and-cookies\\\/\"]}]},{\"@type\":\"BreadcrumbList\",\"@id\":\"https:\\\/\\\/thisismadeiraisland.com\\\/privacy-and-cookies\\\/#breadcrumb\",\"itemListElement\":[{\"@type\":\"ListItem\",\"position\":1,\"name\":\"Home\",\"item\":\"https:\\\/\\\/thisismadeiraisland.com\\\/\"},{\"@type\":\"ListItem\",\"position\":2,\"name\":\"Privacy Policy &amp; Cookies\"}]},{\"@type\":\"WebSite\",\"@id\":\"https:\\\/\\\/thisismadeiraisland.com\\\/#website\",\"url\":\"https:\\\/\\\/thisismadeiraisland.com\\\/\",\"name\":\"Thisismadeiraisland\",\"description\":\"Thisismadeiraisland\",\"potentialAction\":[{\"@type\":\"SearchAction\",\"target\":{\"@type\":\"EntryPoint\",\"urlTemplate\":\"https:\\\/\\\/thisismadeiraisland.com\\\/?s={search_term_string}\"},\"query-input\":{\"@type\":\"PropertyValueSpecification\",\"valueRequired\":true,\"valueName\":\"search_term_string\"}}],\"inLanguage\":\"pt-PT\"}]}<\/script>\n<!-- \/ Yoast SEO plugin. -->","yoast_head_json":{"title":"Pol\u00edtica de Privacidade &amp; Cookies - Thisismadeiraisland","robots":{"index":"index","follow":"follow","max-snippet":"max-snippet:-1","max-image-preview":"max-image-preview:large","max-video-preview":"max-video-preview:-1"},"canonical":"https:\/\/thisismadeiraisland.com\/pt\/privacidade-e-cookies\/","og_locale":"pt_PT","og_type":"article","og_title":"Privacy Policy &amp; Cookies - Thisismadeiraisland","og_url":"https:\/\/thisismadeiraisland.com\/pt\/privacidade-e-cookies\/","og_site_name":"Thisismadeiraisland","article_modified_time":"2025-06-06T13:54:30+00:00","twitter_card":"summary_large_image","schema":{"@context":"https:\/\/schema.org","@graph":[{"@type":"WebPage","@id":"https:\/\/thisismadeiraisland.com\/privacy-and-cookies\/","url":"https:\/\/thisismadeiraisland.com\/privacy-and-cookies\/","name":"Pol\u00edtica de Privacidade &amp; Cookies - Thisismadeiraisland","isPartOf":{"@id":"https:\/\/thisismadeiraisland.com\/#website"},"datePublished":"2025-03-20T11:26:11+00:00","dateModified":"2025-06-06T13:54:30+00:00","breadcrumb":{"@id":"https:\/\/thisismadeiraisland.com\/privacy-and-cookies\/#breadcrumb"},"inLanguage":"pt-PT","potentialAction":[{"@type":"ReadAction","target":["https:\/\/thisismadeiraisland.com\/privacy-and-cookies\/"]}]},{"@type":"BreadcrumbList","@id":"https:\/\/thisismadeiraisland.com\/privacy-and-cookies\/#breadcrumb","itemListElement":[{"@type":"ListItem","position":1,"name":"Home","item":"https:\/\/thisismadeiraisland.com\/"},{"@type":"ListItem","position":2,"name":"Privacy Policy &amp; Cookies"}]},{"@type":"WebSite","@id":"https:\/\/thisismadeiraisland.com\/#website","url":"https:\/\/thisismadeiraisland.com\/","name":"Thisismadeiraisland","description":"Thisismadeiraisland","potentialAction":[{"@type":"SearchAction","target":{"@type":"EntryPoint","urlTemplate":"https:\/\/thisismadeiraisland.com\/?s={search_term_string}"},"query-input":{"@type":"PropertyValueSpecification","valueRequired":true,"valueName":"search_term_string"}}],"inLanguage":"pt-PT"}]}},"_links":{"self":[{"href":"https:\/\/thisismadeiraisland.com\/pt\/wp-json\/wp\/v2\/pages\/241","targetHints":{"allow":["GET"]}}],"collection":[{"href":"https:\/\/thisismadeiraisland.com\/pt\/wp-json\/wp\/v2\/pages"}],"about":[{"href":"https:\/\/thisismadeiraisland.com\/pt\/wp-json\/wp\/v2\/types\/page"}],"author":[{"embeddable":true,"href":"https:\/\/thisismadeiraisland.com\/pt\/wp-json\/wp\/v2\/users\/1"}],"replies":[{"embeddable":true,"href":"https:\/\/thisismadeiraisland.com\/pt\/wp-json\/wp\/v2\/comments?post=241"}],"version-history":[{"count":0,"href":"https:\/\/thisismadeiraisland.com\/pt\/wp-json\/wp\/v2\/pages\/241\/revisions"}],"wp:attachment":[{"href":"https:\/\/thisismadeiraisland.com\/pt\/wp-json\/wp\/v2\/media?parent=241"}],"curies":[{"name":"wp","href":"https:\/\/api.w.org\/{rel}","templated":true}]}}