{"id":241,"date":"2025-03-20T11:26:11","date_gmt":"2025-03-20T11:26:11","guid":{"rendered":"https:\/\/thisismadeiraisland.com\/?page_id=241"},"modified":"2025-06-06T13:54:30","modified_gmt":"2025-06-06T13:54:30","slug":"privacy-and-cookies","status":"publish","type":"page","link":"https:\/\/thisismadeiraisland.com\/sv\/privacy-and-cookies\/","title":{"rendered":"Integritetspolicy &amp; Cookies"},"content":{"rendered":"<section class=\"page-banner\" id=\"page-banner\">\n    <div class=\"container\">\n                    <h1 class=\"page-banner__title\">Integritetspolicy<\/h1>\n            <\/div>\n<\/section>\n\n<style>\n    .page-banner {\n        background-image: url('\/wp-content\/uploads\/2025\/06\/balcoes-Madeira-Island-02.webp');\n    }\n\n    @media (min-width: 768px) {\n        .page-banner {\n            background-image: url('\/wp-content\/uploads\/2025\/06\/balcoes-Madeira-Island-02-1024x417.webp');\n        }\n    }\n<\/style>\n\n\n<p><\/p>\n\n\n<section class=\"text_content_area\">\n    <div class=\"container\">\n        <p><!-- wp:paragraph --><\/p>\n<p><strong>Din integritet \u00e4r viktig f\u00f6r oss. Vi v\u00e4rdes\u00e4tter ditt f\u00f6rtroende och \u00e4r fast beslutna att skydda och bevara all personlig information som du ger oss. I detta dokument, som vi uppdaterar fr\u00e5n tid till annan, beskrivs hur vi anv\u00e4nder och behandlar dina personuppgifter och hur vi anv\u00e4nder cookies. Det ber\u00e4ttar ocks\u00e5 hur du kan kontakta oss om du har fr\u00e5gor om dina personuppgifter.<\/strong><\/p>\n<p><!-- \/wp:paragraph --> <!-- wp:paragraph --><\/p>\n<p><strong>This is Madeira Island tillhandah\u00e5ller resetj\u00e4nster online via sina egna webbplatser och mobilappar och via andra onlineplattformar s\u00e5som partners webbplatser och sociala medier. Informationen som f\u00f6ljer g\u00e4ller f\u00f6r alla dessa plattformar.<\/strong><\/p>\n<p><!-- \/wp:paragraph --> <!-- wp:paragraph --><\/p>\n<p>Det \u00e4r This is Madeira Island: s policy att respektera din integritet n\u00e4r det g\u00e4ller all information som vi kan samla in n\u00e4r vi driver v\u00e5r webbplats. Denna sekretesspolicy g\u00e4ller f\u00f6r www.thisismadeiraisland.com (nedan kallad \u201coss\u201d, \u201cvi\u201d eller \u201cwww.thisismadeiraisland.com\u201d). Vi respekterar din integritet och \u00e4r fast beslutna att skydda personligt identifierbar information som du kan ge oss via webbplatsen. Vi har antagit denna sekretesspolicy (\u201cSekretesspolicy\u201d) f\u00f6r att f\u00f6rklara vilken information som kan samlas in p\u00e5 v\u00e5r webbplats, hur vi anv\u00e4nder denna information och under vilka omst\u00e4ndigheter vi kan avsl\u00f6ja informationen till tredje part. Denna integritetspolicy g\u00e4ller endast f\u00f6r information som vi samlar in via webbplatsen och g\u00e4ller inte f\u00f6r v\u00e5r insamling av information fr\u00e5n andra k\u00e4llor.<br \/>\nDenna integritetspolicy, tillsammans med de villkor som publiceras p\u00e5 v\u00e5r webbplats, anger de allm\u00e4nna regler och policyer som styr din anv\u00e4ndning av v\u00e5r webbplats. Beroende p\u00e5 vad du g\u00f6r n\u00e4r du bes\u00f6ker v\u00e5r webbplats kan du beh\u00f6va samtycka till ytterligare villkor.<\/p>\n<p><!-- \/wp:paragraph --> <!-- wp:paragraph --><\/p>\n<p><strong>- Bes\u00f6kare p\u00e5 webbplatsen<\/strong><br \/>\nSom de flesta webbplatsoperat\u00f6rer samlar This is Madeira Island in icke-personligt identifierande information av den typ som webbl\u00e4sare och servrar vanligtvis g\u00f6r tillg\u00e4nglig, till exempel webbl\u00e4sartyp, spr\u00e5kpreferens, referenswebbplats och datum och tid f\u00f6r varje bes\u00f6kares beg\u00e4ran. This is Madeira Island:s syfte med att samla in icke-personligt identifierande information \u00e4r att b\u00e4ttre f\u00f6rst\u00e5 hur This is Madeira Island:s bes\u00f6kare anv\u00e4nder webbplatsen. Fr\u00e5n tid till annan, This is Madeira Island kan sl\u00e4ppa icke-personligt identifierande information i aggregatet, t.ex. genom att publicera en rapport om trender i anv\u00e4ndningen av sin webbplats.<br \/>\nThis is Madeira Island samlar ocks\u00e5 in potentiellt personligt identifierande information som Internet Protocol (IP) adresser f\u00f6r inloggade anv\u00e4ndare och f\u00f6r anv\u00e4ndare som l\u00e4mnar kommentarer p\u00e5 http:\/\/thisismadeiraisland.com blogginl\u00e4gg. This is Madeira Island avsl\u00f6jar endast inloggade anv\u00e4ndare och kommentator IP-adresser under samma omst\u00e4ndigheter som den anv\u00e4nder och avsl\u00f6jar personligt identifierande information enligt beskrivningen nedan.<\/p>\n<p><!-- \/wp:paragraph --> <!-- wp:paragraph --><\/p>\n<p><strong>- Insamling av personidentifierande information<\/strong><br \/>\nVissa bes\u00f6kare p\u00e5 This is Madeira Island:s webbplatser v\u00e4ljer att interagera med This is Madeira Island p\u00e5 ett s\u00e4tt som kr\u00e4ver att This is Madeira Island samlar in personligt identifierande information. M\u00e4ngden och typen av information som This is Madeira Island samlar in beror p\u00e5 arten av interaktionen. Till exempel ber vi bes\u00f6kare som registrerar sig f\u00f6r en blogg p\u00e5 http:\/\/thisismadeiraisland.com att ange ett anv\u00e4ndarnamn och en e-postadress.<\/p>\n<p><!-- \/wp:paragraph --> <!-- wp:paragraph --><\/p>\n<p><strong>- S\u00e4kerhet<\/strong><br \/>\nS\u00e4kerheten f\u00f6r din personliga information \u00e4r viktig f\u00f6r oss, men kom ih\u00e5g att ingen metod f\u00f6r \u00f6verf\u00f6ring via Internet eller metod f\u00f6r elektronisk lagring \u00e4r 100% s\u00e4ker. \u00c4ven om vi str\u00e4var efter att anv\u00e4nda kommersiellt acceptabla medel f\u00f6r att skydda dina personuppgifter kan vi inte garantera dess absoluta s\u00e4kerhet.<\/p>\n<p><!-- \/wp:paragraph --> <!-- wp:paragraph --><\/p>\n<p><strong>- Annonser<\/strong><br \/>\nAnnonser som visas p\u00e5 v\u00e5r webbplats kan levereras till anv\u00e4ndare av reklampartners, som kan st\u00e4lla in cookies. Dessa cookies g\u00f6r det m\u00f6jligt f\u00f6r annonsservern att k\u00e4nna igen din dator varje g\u00e5ng de skickar dig en onlineannons f\u00f6r att sammanst\u00e4lla information om dig eller andra som anv\u00e4nder din dator. Denna information g\u00f6r det m\u00f6jligt f\u00f6r annonsn\u00e4tverk att bland annat leverera riktade annonser som de tror kommer att vara av st\u00f6rst intresse f\u00f6r dig. Denna sekretesspolicy t\u00e4cker anv\u00e4ndningen av cookies av This is Madeira Island och t\u00e4cker inte anv\u00e4ndningen av cookies av n\u00e5gra annons\u00f6rer.<\/p>\n<p><!-- \/wp:paragraph --> <!-- wp:paragraph --><\/p>\n<p><strong>- L\u00e4nkar till externa webbplatser<\/strong><br \/>\nV\u00e5r tj\u00e4nst kan inneh\u00e5lla l\u00e4nkar till externa webbplatser som inte drivs av oss. Om du klickar p\u00e5 en l\u00e4nk till en tredje part kommer du att skickas till den tredje partens webbplats. Vi rekommenderar starkt att du granskar sekretesspolicyn och villkoren f\u00f6r varje webbplats du bes\u00f6ker.<br \/>\nVi har ingen kontroll \u00f6ver och tar inget ansvar f\u00f6r inneh\u00e5ll, integritetspolicy eller praxis p\u00e5 tredje parts webbplatser, produkter eller tj\u00e4nster.<\/p>\n<p><!-- \/wp:paragraph --> <!-- wp:paragraph --><\/p>\n<p><strong>- Www.thisismadeiraisland.com anv\u00e4nder Google AdWords f\u00f6r remarketing<\/strong><br \/>\nWww.thisismadeiraisland.com anv\u00e4nder remarketingtj\u00e4nster f\u00f6r att annonsera p\u00e5 tredje parts webbplatser (inklusive Google) till tidigare bes\u00f6kare p\u00e5 v\u00e5r webbplats. Det kan inneb\u00e4ra att vi annonserar till tidigare bes\u00f6kare som inte har slutf\u00f6rt en uppgift p\u00e5 v\u00e5r webbplats, till exempel genom att anv\u00e4nda kontaktformul\u00e4ret f\u00f6r att g\u00f6ra en f\u00f6rfr\u00e5gan. Detta kan vara i form av en annons p\u00e5 Googles s\u00f6kresultatsida eller en webbplats i Googles Display-n\u00e4tverk. Tredjepartsleverant\u00f6rer, inklusive Google, anv\u00e4nder cookies f\u00f6r att visa annonser baserat p\u00e5 n\u00e5gons tidigare bes\u00f6k. Naturligtvis kommer alla uppgifter som samlas in att anv\u00e4ndas i enlighet med v\u00e5r egen och Googles integritetspolicy.<br \/>\nDu kan ange preferenser f\u00f6r hur Google annonserar till dig p\u00e5 sidan Google Ad Preferences, och om du vill kan du v\u00e4lja bort intressebaserad annonsering helt och h\u00e5llet genom cookie-inst\u00e4llningar eller permanent med hj\u00e4lp av ett webbl\u00e4sarplugin.<\/p>\n<p><!-- \/wp:paragraph --> <!-- wp:paragraph --><\/p>\n<p><strong>- Skydd av viss personidentifierande information<\/strong><br \/>\nThis is Madeira Island l\u00e4mnar ut potentiellt personligt identifierande och personligt identifierande information endast till sina anst\u00e4llda, entrepren\u00f6rer och n\u00e4rst\u00e5ende organisationer som (i) beh\u00f6ver k\u00e4nna till den informationen f\u00f6r att behandla den f\u00f6r This is Madeira Island:s r\u00e4kning eller f\u00f6r att tillhandah\u00e5lla tj\u00e4nster som \u00e4r tillg\u00e4ngliga p\u00e5 This is Madeira Island:s webbplats, och (ii) som har samtyckt till att inte l\u00e4mna ut den till andra. Vissa av dessa anst\u00e4llda, entrepren\u00f6rer och n\u00e4rst\u00e5ende organisationer kan vara bel\u00e4gna utanf\u00f6r ditt hemland; genom att anv\u00e4nda This is Madeira Island: s webbplats samtycker du till \u00f6verf\u00f6ringen av s\u00e5dan information till dem. This is Madeira Island kommer inte att hyra eller s\u00e4lja potentiellt personligt identifierande och personligt identifierande information till n\u00e5gon. Annat \u00e4n till sina anst\u00e4llda, entrepren\u00f6rer och n\u00e4rst\u00e5ende organisationer, enligt beskrivningen ovan, This is Madeira Island avsl\u00f6jar potentiellt personligt identifierande och personligt identifierande information endast som svar p\u00e5 en st\u00e4mning, domstolsbeslut eller annan statlig beg\u00e4ran, eller n\u00e4r This is Madeira Island anser i god tro att utl\u00e4mnande \u00e4r rimligt n\u00f6dv\u00e4ndigt f\u00f6r att skydda egendom eller r\u00e4ttigheter f\u00f6r This is Madeira Island, tredje part eller allm\u00e4nheten i stort.<br \/>\nOm du \u00e4r en registrerad anv\u00e4ndare av http:\/\/thisismadeiraisland.com och har angett din e-postadress kan This is Madeira Island ibland skicka ett e-postmeddelande till dig f\u00f6r att ber\u00e4tta om nya funktioner, be om din feedback eller bara h\u00e5lla dig uppdaterad om vad som h\u00e4nder med This is Madeira Island och v\u00e5ra produkter. Vi anv\u00e4nder fr\u00e4mst v\u00e5r blogg f\u00f6r att kommunicera denna typ av information, s\u00e5 vi f\u00f6rv\u00e4ntar oss att h\u00e5lla denna typ av e-post till ett minimum. Om du skickar en f\u00f6rfr\u00e5gan till oss (till exempel via ett supportmejl eller via n\u00e5gon av v\u00e5ra feedbackmekanismer) f\u00f6rbeh\u00e5ller vi oss r\u00e4tten att publicera den f\u00f6r att hj\u00e4lpa oss att klarg\u00f6ra eller svara p\u00e5 din f\u00f6rfr\u00e5gan eller f\u00f6r att hj\u00e4lpa oss att st\u00f6dja andra anv\u00e4ndare. This is Madeira Island vidtar alla \u00e5tg\u00e4rder som rimligen \u00e4r n\u00f6dv\u00e4ndiga f\u00f6r att skydda mot obeh\u00f6rig \u00e5tkomst, anv\u00e4ndning, \u00e4ndring eller f\u00f6rst\u00f6relse av potentiellt personligt identifierande och personligt identifierande information.<\/p>\n<p><!-- \/wp:paragraph --> <!-- wp:paragraph --><\/p>\n<p><strong>- Information om dotterbolag<\/strong><br \/>\nDenna webbplats anv\u00e4nder affiliatel\u00e4nkar och tj\u00e4nar en provision fr\u00e5n vissa l\u00e4nkar. Detta p\u00e5verkar inte dina ink\u00f6p eller det pris du kan betala.<\/p>\n<p><!-- \/wp:paragraph --> <!-- wp:paragraph --><\/p>\n<p><strong>- Kakor<\/strong><br \/>\nF\u00f6r att berika och f\u00f6rb\u00e4ttra din onlineupplevelse anv\u00e4nder This is Madeira Island \u201ccookies\u201d, liknande tekniker och tj\u00e4nster som tillhandah\u00e5lls av andra f\u00f6r att visa personligt inneh\u00e5ll, l\u00e4mplig reklam och lagra dina preferenser p\u00e5 din dator.<br \/>\nEn cookie \u00e4r en str\u00e4ng med information som en webbplats lagrar p\u00e5 en bes\u00f6kares dator och som bes\u00f6karens webbl\u00e4sare tillhandah\u00e5ller webbplatsen varje g\u00e5ng bes\u00f6karen \u00e5terv\u00e4nder. This is Madeira Island anv\u00e4nder cookies f\u00f6r att hj\u00e4lpa This is Madeira Island att identifiera och sp\u00e5ra bes\u00f6kare, deras anv\u00e4ndning av http:\/\/thisismadeiraisland.com och deras preferenser f\u00f6r \u00e5tkomst till webbplatsen. This is Madeira Island bes\u00f6kare som inte vill ha cookies placeras p\u00e5 sina datorer b\u00f6r st\u00e4lla in sin webbl\u00e4sare f\u00f6r att v\u00e4gra cookies innan du anv\u00e4nder This is Madeira Island webbplatser, med nackdelen att vissa funktioner i This is Madeira Island webbplatser kanske inte fungerar korrekt utan hj\u00e4lp av cookies.<br \/>\nGenom att forts\u00e4tta navigera p\u00e5 v\u00e5r webbplats utan att \u00e4ndra dina cookieinst\u00e4llningar bekr\u00e4ftar och godk\u00e4nner du h\u00e4rmed This is Madeira Island:s anv\u00e4ndning av cookies.<\/p>\n<p><!-- \/wp:paragraph --> <!-- wp:paragraph --><\/p>\n<p><strong>- E-handel<\/strong><br \/>\nDe som deltar i transaktioner med This is Madeira Island - genom att k\u00f6pa This is Madeira Island:s tj\u00e4nster eller produkter, uppmanas att tillhandah\u00e5lla ytterligare information, inklusive vid behov den personliga och finansiella information som kr\u00e4vs f\u00f6r att behandla dessa transaktioner. I varje fall, This is Madeira Island samlar in s\u00e5dan information endast i den m\u00e5n det \u00e4r n\u00f6dv\u00e4ndigt eller l\u00e4mpligt f\u00f6r att uppfylla syftet med bes\u00f6karens interaktion med This is Madeira Island. This is Madeira Island avsl\u00f6jar inte personligt identifierande information annat \u00e4n vad som beskrivs nedan. Och bes\u00f6kare kan alltid v\u00e4gra att tillhandah\u00e5lla personligt identifierande information, med f\u00f6rbeh\u00e5llet att det kan hindra dem fr\u00e5n att engagera sig i vissa webbplatsrelaterade aktiviteter.<\/p>\n<p><!-- \/wp:paragraph --> <!-- wp:paragraph --><\/p>\n<p><strong>\u00c4ndringar i integritetspolicyn<\/strong><br \/>\n\u00c4ven om de flesta f\u00f6r\u00e4ndringar sannolikt kommer att vara mindre, kan This is Madeira Island \u00e4ndra sin integritetspolicy fr\u00e5n tid till annan och efter This is Madeira Island:s eget gottfinnande. This is Madeira Island uppmuntrar bes\u00f6kare att ofta kontrollera denna sida f\u00f6r eventuella \u00e4ndringar i sin sekretesspolicy. Din fortsatta anv\u00e4ndning av denna webbplats efter n\u00e5gon f\u00f6r\u00e4ndring i denna sekretesspolicy kommer att utg\u00f6ra ditt godk\u00e4nnande av s\u00e5dan f\u00f6r\u00e4ndring.<\/p>\n<p><!-- \/wp:paragraph --> <!-- wp:paragraph --><\/p>\n<p><em>Senast uppdaterad, februari 2020<\/em><\/p>\n<p><!-- \/wp:paragraph --><\/p>\n    <\/div><!-- end container -->\n<\/section><!-- end text_content_area -->","protected":false},"excerpt":{"rendered":"","protected":false},"author":1,"featured_media":0,"parent":0,"menu_order":0,"comment_status":"closed","ping_status":"closed","template":"","meta":{"_acf_changed":false,"footnotes":""},"class_list":["post-241","page","type-page","status-publish","hentry"],"acf":[],"yoast_head":"<!-- This site is optimized with the Yoast SEO plugin v27.3 - https:\/\/yoast.com\/product\/yoast-seo-wordpress\/ -->\n<title>Privacy Policy &amp; Cookies - Thisismadeiraisland<\/title>\n<meta name=\"robots\" content=\"index, follow, max-snippet:-1, max-image-preview:large, max-video-preview:-1\" \/>\n<link rel=\"canonical\" href=\"https:\/\/thisismadeiraisland.com\/sv\/privacy-and-cookies\/\" \/>\n<meta property=\"og:locale\" content=\"sv_SE\" \/>\n<meta property=\"og:type\" content=\"article\" \/>\n<meta property=\"og:title\" content=\"Privacy Policy &amp; Cookies - Thisismadeiraisland\" \/>\n<meta property=\"og:url\" content=\"https:\/\/thisismadeiraisland.com\/sv\/privacy-and-cookies\/\" \/>\n<meta property=\"og:site_name\" content=\"Thisismadeiraisland\" \/>\n<meta property=\"article:modified_time\" content=\"2025-06-06T13:54:30+00:00\" \/>\n<meta name=\"twitter:card\" content=\"summary_large_image\" \/>\n<script type=\"application\/ld+json\" class=\"yoast-schema-graph\">{\"@context\":\"https:\\\/\\\/schema.org\",\"@graph\":[{\"@type\":\"WebPage\",\"@id\":\"https:\\\/\\\/thisismadeiraisland.com\\\/privacy-and-cookies\\\/\",\"url\":\"https:\\\/\\\/thisismadeiraisland.com\\\/privacy-and-cookies\\\/\",\"name\":\"Privacy Policy &amp; Cookies - Thisismadeiraisland\",\"isPartOf\":{\"@id\":\"https:\\\/\\\/thisismadeiraisland.com\\\/#website\"},\"datePublished\":\"2025-03-20T11:26:11+00:00\",\"dateModified\":\"2025-06-06T13:54:30+00:00\",\"breadcrumb\":{\"@id\":\"https:\\\/\\\/thisismadeiraisland.com\\\/privacy-and-cookies\\\/#breadcrumb\"},\"inLanguage\":\"sv-SE\",\"potentialAction\":[{\"@type\":\"ReadAction\",\"target\":[\"https:\\\/\\\/thisismadeiraisland.com\\\/privacy-and-cookies\\\/\"]}]},{\"@type\":\"BreadcrumbList\",\"@id\":\"https:\\\/\\\/thisismadeiraisland.com\\\/privacy-and-cookies\\\/#breadcrumb\",\"itemListElement\":[{\"@type\":\"ListItem\",\"position\":1,\"name\":\"Home\",\"item\":\"https:\\\/\\\/thisismadeiraisland.com\\\/\"},{\"@type\":\"ListItem\",\"position\":2,\"name\":\"Privacy Policy &amp; Cookies\"}]},{\"@type\":\"WebSite\",\"@id\":\"https:\\\/\\\/thisismadeiraisland.com\\\/#website\",\"url\":\"https:\\\/\\\/thisismadeiraisland.com\\\/\",\"name\":\"Thisismadeiraisland\",\"description\":\"Thisismadeiraisland\",\"potentialAction\":[{\"@type\":\"SearchAction\",\"target\":{\"@type\":\"EntryPoint\",\"urlTemplate\":\"https:\\\/\\\/thisismadeiraisland.com\\\/?s={search_term_string}\"},\"query-input\":{\"@type\":\"PropertyValueSpecification\",\"valueRequired\":true,\"valueName\":\"search_term_string\"}}],\"inLanguage\":\"sv-SE\"}]}<\/script>\n<!-- \/ Yoast SEO plugin. -->","yoast_head_json":{"title":"Integritetspolicy &amp; Cookies - Thisismadeiraisland","robots":{"index":"index","follow":"follow","max-snippet":"max-snippet:-1","max-image-preview":"max-image-preview:large","max-video-preview":"max-video-preview:-1"},"canonical":"https:\/\/thisismadeiraisland.com\/sv\/privacy-and-cookies\/","og_locale":"sv_SE","og_type":"article","og_title":"Privacy Policy &amp; Cookies - Thisismadeiraisland","og_url":"https:\/\/thisismadeiraisland.com\/sv\/privacy-and-cookies\/","og_site_name":"Thisismadeiraisland","article_modified_time":"2025-06-06T13:54:30+00:00","twitter_card":"summary_large_image","schema":{"@context":"https:\/\/schema.org","@graph":[{"@type":"WebPage","@id":"https:\/\/thisismadeiraisland.com\/privacy-and-cookies\/","url":"https:\/\/thisismadeiraisland.com\/privacy-and-cookies\/","name":"Integritetspolicy &amp; Cookies - Thisismadeiraisland","isPartOf":{"@id":"https:\/\/thisismadeiraisland.com\/#website"},"datePublished":"2025-03-20T11:26:11+00:00","dateModified":"2025-06-06T13:54:30+00:00","breadcrumb":{"@id":"https:\/\/thisismadeiraisland.com\/privacy-and-cookies\/#breadcrumb"},"inLanguage":"sv-SE","potentialAction":[{"@type":"ReadAction","target":["https:\/\/thisismadeiraisland.com\/privacy-and-cookies\/"]}]},{"@type":"BreadcrumbList","@id":"https:\/\/thisismadeiraisland.com\/privacy-and-cookies\/#breadcrumb","itemListElement":[{"@type":"ListItem","position":1,"name":"Home","item":"https:\/\/thisismadeiraisland.com\/"},{"@type":"ListItem","position":2,"name":"Privacy Policy &amp; Cookies"}]},{"@type":"WebSite","@id":"https:\/\/thisismadeiraisland.com\/#website","url":"https:\/\/thisismadeiraisland.com\/","name":"Detta \u00e4r en Madeira-\u00f6","description":"Detta \u00e4r en Madeira-\u00f6","potentialAction":[{"@type":"SearchAction","target":{"@type":"EntryPoint","urlTemplate":"https:\/\/thisismadeiraisland.com\/?s={search_term_string}"},"query-input":{"@type":"PropertyValueSpecification","valueRequired":true,"valueName":"search_term_string"}}],"inLanguage":"sv-SE"}]}},"_links":{"self":[{"href":"https:\/\/thisismadeiraisland.com\/sv\/wp-json\/wp\/v2\/pages\/241","targetHints":{"allow":["GET"]}}],"collection":[{"href":"https:\/\/thisismadeiraisland.com\/sv\/wp-json\/wp\/v2\/pages"}],"about":[{"href":"https:\/\/thisismadeiraisland.com\/sv\/wp-json\/wp\/v2\/types\/page"}],"author":[{"embeddable":true,"href":"https:\/\/thisismadeiraisland.com\/sv\/wp-json\/wp\/v2\/users\/1"}],"replies":[{"embeddable":true,"href":"https:\/\/thisismadeiraisland.com\/sv\/wp-json\/wp\/v2\/comments?post=241"}],"version-history":[{"count":0,"href":"https:\/\/thisismadeiraisland.com\/sv\/wp-json\/wp\/v2\/pages\/241\/revisions"}],"wp:attachment":[{"href":"https:\/\/thisismadeiraisland.com\/sv\/wp-json\/wp\/v2\/media?parent=241"}],"curies":[{"name":"wp","href":"https:\/\/api.w.org\/{rel}","templated":true}]}}